{"id":60403,"date":"2023-07-06T12:47:06","date_gmt":"2023-07-06T10:47:06","guid":{"rendered":"https:\/\/poppers-online.ch\/?post_type=product&#038;p=60403"},"modified":"2024-10-16T00:11:28","modified_gmt":"2024-10-15T22:11:28","slug":"sport-fucker-trainer-ring-noir","status":"publish","type":"product","link":"https:\/\/poppers-online.ch\/fr\/produit\/sport-fucker-trainer-ring-noir\/","title":{"rendered":"Sport Fucker Trainer anneau noir"},"content":{"rendered":"","protected":false},"excerpt":{"rendered":"<div>L&rsquo;anneau Sport Fucker Trainer noir est un anneau cock-ball extr\u00eamement extensible compos\u00e9 de deux anneaux reli\u00e9s entre eux, en caoutchouc TPR super r\u00e9sistant et tr\u00e8s flexible. Peut \u00eatre port\u00e9 de diff\u00e9rentes mani\u00e8res &#8211; voir les illustrations !<\/div>\n<div><\/div>\n<div>Mat\u00e9riau : TPR<\/div>\n<div>couleur : noir<\/div>\n<div><\/div>\n<div>Remarque \u00e9galement la <a href=\"https:\/\/poppers-online.ch\/fr\/produkt\/sport-fucker-trainer-ring-rouge\/\">variante rouge<\/a> dans notre flacon en ligne Toys.<\/div>\n","protected":false},"featured_media":60407,"comment_status":"open","ping_status":"closed","template":"","meta":{"_acf_changed":false,"iawp_total_views":13,"_glsr_average":0,"_glsr_ranking":0,"_glsr_reviews":0},"product_brand":[],"product_cat":[2088,2091,171],"product_tag":[718,719,708,722],"class_list":{"0":"post-60403","1":"product","2":"type-product","3":"status-publish","4":"has-post-thumbnail","6":"product_cat-ball-play","7":"product_cat-cock-play","8":"product_cat-sex-toys","9":"product_tag-cock-ring-fr","10":"product_tag-cockring-fr","11":"product_tag-sport-fucker-fr","12":"product_tag-sport-fucker-trainer-anneau-noir","14":"first","15":"instock","16":"taxable","17":"shipping-taxable","18":"purchasable","19":"product-type-simple"},"acf":[],"_links":{"self":[{"href":"https:\/\/poppers-online.ch\/fr\/wp-json\/wp\/v2\/product\/60403","targetHints":{"allow":["GET"]}}],"collection":[{"href":"https:\/\/poppers-online.ch\/fr\/wp-json\/wp\/v2\/product"}],"about":[{"href":"https:\/\/poppers-online.ch\/fr\/wp-json\/wp\/v2\/types\/product"}],"replies":[{"embeddable":true,"href":"https:\/\/poppers-online.ch\/fr\/wp-json\/wp\/v2\/comments?post=60403"}],"wp:featuredmedia":[{"embeddable":true,"href":"https:\/\/poppers-online.ch\/fr\/wp-json\/wp\/v2\/media\/60407"}],"wp:attachment":[{"href":"https:\/\/poppers-online.ch\/fr\/wp-json\/wp\/v2\/media?parent=60403"}],"wp:term":[{"taxonomy":"product_brand","embeddable":true,"href":"https:\/\/poppers-online.ch\/fr\/wp-json\/wp\/v2\/product_brand?post=60403"},{"taxonomy":"product_cat","embeddable":true,"href":"https:\/\/poppers-online.ch\/fr\/wp-json\/wp\/v2\/product_cat?post=60403"},{"taxonomy":"product_tag","embeddable":true,"href":"https:\/\/poppers-online.ch\/fr\/wp-json\/wp\/v2\/product_tag?post=60403"}],"curies":[{"name":"wp","href":"https:\/\/api.w.org\/{rel}","templated":true}]}}