{"id":60333,"date":"2023-07-06T11:55:40","date_gmt":"2023-07-06T09:55:40","guid":{"rendered":"https:\/\/poppers-online.ch\/?post_type=product&#038;p=60333"},"modified":"2024-10-16T00:11:32","modified_gmt":"2024-10-15T22:11:32","slug":"sport-fucker-chubby-cockring-noir","status":"publish","type":"product","link":"https:\/\/poppers-online.ch\/fr\/produit\/sport-fucker-chubby-cockring-noir\/","title":{"rendered":"Cockring Sport Fucker Chubby noir"},"content":{"rendered":"","protected":false},"excerpt":{"rendered":"<div>Le cockring Sport Fucker Chubby noir de Sport Fucker est extr\u00eamement extensible et peut \u00eatre utilis\u00e9 de mani\u00e8re polyvalente.<\/div>\n<div>L&rsquo;imagination n&rsquo;a pas de limites.<\/div>\n<div>Fabriqu\u00e9 en silicone m\u00e9dical TPR.<\/div>\n<div><\/div>\n<div>diam\u00e8tre : 52mm<\/div>\n<div>Diam\u00e8tre int\u00e9rieur : 22mm<\/div>\n<div>\u00e9paisseur : 12mm<br \/>\ncouleur : noir<\/div>\n<div><\/div>\n<div>Et comme on n&rsquo;en a jamais assez, nous avons le <a href=\"https:\/\/poppers-online.ch\/fr\/produkt\/sport-fucker-chubby-cockring-3-pack-noir\/\">cockring Sport Fucker Chubby 3-Pack noir<\/a>.<\/div>\n","protected":false},"featured_media":60337,"comment_status":"open","ping_status":"closed","template":"","meta":{"_acf_changed":false,"iawp_total_views":3,"_glsr_average":0,"_glsr_ranking":0,"_glsr_reviews":0},"product_brand":[],"product_cat":[2091,171],"product_tag":[718,719,728,708],"class_list":{"0":"post-60333","1":"product","2":"type-product","3":"status-publish","4":"has-post-thumbnail","6":"product_cat-cock-play","7":"product_cat-sex-toys","8":"product_tag-cock-ring-fr","9":"product_tag-cockring-fr","10":"product_tag-cockring-sport-fucker-chubby-noir","11":"product_tag-sport-fucker-fr","13":"first","14":"instock","15":"taxable","16":"shipping-taxable","17":"purchasable","18":"product-type-simple"},"acf":[],"_links":{"self":[{"href":"https:\/\/poppers-online.ch\/fr\/wp-json\/wp\/v2\/product\/60333","targetHints":{"allow":["GET"]}}],"collection":[{"href":"https:\/\/poppers-online.ch\/fr\/wp-json\/wp\/v2\/product"}],"about":[{"href":"https:\/\/poppers-online.ch\/fr\/wp-json\/wp\/v2\/types\/product"}],"replies":[{"embeddable":true,"href":"https:\/\/poppers-online.ch\/fr\/wp-json\/wp\/v2\/comments?post=60333"}],"wp:featuredmedia":[{"embeddable":true,"href":"https:\/\/poppers-online.ch\/fr\/wp-json\/wp\/v2\/media\/60337"}],"wp:attachment":[{"href":"https:\/\/poppers-online.ch\/fr\/wp-json\/wp\/v2\/media?parent=60333"}],"wp:term":[{"taxonomy":"product_brand","embeddable":true,"href":"https:\/\/poppers-online.ch\/fr\/wp-json\/wp\/v2\/product_brand?post=60333"},{"taxonomy":"product_cat","embeddable":true,"href":"https:\/\/poppers-online.ch\/fr\/wp-json\/wp\/v2\/product_cat?post=60333"},{"taxonomy":"product_tag","embeddable":true,"href":"https:\/\/poppers-online.ch\/fr\/wp-json\/wp\/v2\/product_tag?post=60333"}],"curies":[{"name":"wp","href":"https:\/\/api.w.org\/{rel}","templated":true}]}}