{"id":59186,"date":"2023-06-24T21:19:06","date_gmt":"2023-06-24T19:19:06","guid":{"rendered":"https:\/\/poppers-online.ch\/?post_type=product&#038;p=59186"},"modified":"2026-04-02T20:47:35","modified_gmt":"2026-04-02T18:47:35","slug":"poppers-inhaler-double-steel-titan-gold","status":"publish","type":"product","link":"https:\/\/poppers-online.ch\/fr\/produit\/poppers-inhaler-double-steel-titan-gold\/","title":{"rendered":"Poppers Inhaler Double Steel Titan Gold"},"content":{"rendered":"","protected":false},"excerpt":{"rendered":"<p>Ce Poppers Inhaler Double Steel Titan Gold avec fermeture magn\u00e9tique au design de prise est recouvert de titane. Les deux parties du bo\u00eetier sont soigneusement recouvertes de titane de haute qualit\u00e9. La fermeture est pratique, car elle est magn\u00e9tique. La livraison comprend un inhalateur et un cordon en cuir pratique pour que tu puisses porter l&rsquo;inhalateur autour du cou. Voici comment pr\u00e9parer ton inhalateur \u00e0 l&rsquo;utilisation : Tu d\u00e9visses les deux tiges m\u00e9talliques. Tu impr\u00e8gnes du coton ou deux b\u00e2tonnets de coton avec suffisamment de poppers. Tu ins\u00e8res le coton ou les b\u00e2tonnets de coton dans les deux tiges m\u00e9talliques et tu revisseras les tiges m\u00e9talliques sur l&rsquo;inhalateur. Tu es maintenant pr\u00eat \u00e0 utiliser ton double poppers de notre Poppers Inhaler Double Steel Titan Gold.<\/p>\n<p>D\u00e9couvre aussi les variantes <a href=\"https:\/\/poppers-online.ch\/produkt\/poppers-inhaler-double-steel-titan-red\/\">rouge<\/a> et <a href=\"https:\/\/poppers-online.ch\/produkt\/poppers-inhaler-double-steel-titan-blue\/\">bleue<\/a> de cet inhalateur de poppers de qualit\u00e9 sup\u00e9rieure. Si tu souhaites en savoir plus sur les accessoires pratiques et passionnants des poppers, lis notre <a href=\"https:\/\/poppers-online.ch\/blog\/poppers-zubehoer\/\">article de blog<\/a> \u00e0 ce sujet.<\/p>\n","protected":false},"featured_media":59190,"comment_status":"open","ping_status":"closed","template":"","meta":{"_acf_changed":false,"iawp_total_views":37,"_glsr_average":0,"_glsr_ranking":0,"_glsr_reviews":0},"product_brand":[],"product_cat":[149,1310],"product_tag":[872],"class_list":{"0":"post-59186","1":"product","2":"type-product","3":"status-publish","4":"has-post-thumbnail","6":"product_cat-accessoires-poppers","7":"product_cat-inhalateurs","8":"product_tag-poppers-inhaler-double-steel-titan-red-fr","9":"pa_inhaler-produkttyp-double","11":"first","12":"instock","13":"taxable","14":"shipping-taxable","15":"purchasable","16":"product-type-simple"},"acf":[],"_links":{"self":[{"href":"https:\/\/poppers-online.ch\/fr\/wp-json\/wp\/v2\/product\/59186","targetHints":{"allow":["GET"]}}],"collection":[{"href":"https:\/\/poppers-online.ch\/fr\/wp-json\/wp\/v2\/product"}],"about":[{"href":"https:\/\/poppers-online.ch\/fr\/wp-json\/wp\/v2\/types\/product"}],"replies":[{"embeddable":true,"href":"https:\/\/poppers-online.ch\/fr\/wp-json\/wp\/v2\/comments?post=59186"}],"wp:featuredmedia":[{"embeddable":true,"href":"https:\/\/poppers-online.ch\/fr\/wp-json\/wp\/v2\/media\/59190"}],"wp:attachment":[{"href":"https:\/\/poppers-online.ch\/fr\/wp-json\/wp\/v2\/media?parent=59186"}],"wp:term":[{"taxonomy":"product_brand","embeddable":true,"href":"https:\/\/poppers-online.ch\/fr\/wp-json\/wp\/v2\/product_brand?post=59186"},{"taxonomy":"product_cat","embeddable":true,"href":"https:\/\/poppers-online.ch\/fr\/wp-json\/wp\/v2\/product_cat?post=59186"},{"taxonomy":"product_tag","embeddable":true,"href":"https:\/\/poppers-online.ch\/fr\/wp-json\/wp\/v2\/product_tag?post=59186"}],"curies":[{"name":"wp","href":"https:\/\/api.w.org\/{rel}","templated":true}]}}