{"id":59163,"date":"2023-06-24T20:52:10","date_gmt":"2023-06-24T18:52:10","guid":{"rendered":"https:\/\/poppers-online.ch\/?post_type=product&#038;p=59163"},"modified":"2024-10-16T00:15:25","modified_gmt":"2024-10-15T22:15:25","slug":"poppers-inhaler-double-steel-titan-blue","status":"publish","type":"product","link":"https:\/\/poppers-online.ch\/fr\/produit\/poppers-inhaler-double-steel-titan-blue\/","title":{"rendered":"Poppers Inhaler Double Steel Titan Blue"},"content":{"rendered":"","protected":false},"excerpt":{"rendered":"<p>Ce Poppers Inhaler Double Steel Titan Blue avec fermeture magn\u00e9tique au design de prise est rev\u00eatu de titane. Les deux parties du bo\u00eetier sont soigneusement recouvertes de titane de haute qualit\u00e9. La fermeture est pratique, car elle est magn\u00e9tique. La livraison comprend un inhalateur et un cordon en cuir pratique pour que tu puisses porter l&rsquo;inhalateur autour du cou. Voici comment pr\u00e9parer ton inhalateur \u00e0 l&rsquo;utilisation : Tu d\u00e9visses les deux tiges m\u00e9talliques. Tu impr\u00e8gnes du coton ou deux b\u00e2tonnets de coton avec suffisamment de poppers. Tu ins\u00e8res le coton ou les b\u00e2tonnets de coton dans les deux tiges m\u00e9talliques et tu revisseras les tiges m\u00e9talliques sur l&rsquo;inhalateur. Tu es maintenant pr\u00eat \u00e0 utiliser ton double poppers de notre Double Inhaler.<\/p>\n","protected":false},"featured_media":59170,"comment_status":"open","ping_status":"closed","template":"","meta":{"_acf_changed":false,"iawp_total_views":4,"_glsr_average":0,"_glsr_ranking":0,"_glsr_reviews":0},"product_brand":[],"product_cat":[149,1310],"product_tag":[872],"class_list":{"0":"post-59163","1":"product","2":"type-product","3":"status-publish","4":"has-post-thumbnail","6":"product_cat-accessoires-poppers","7":"product_cat-inhalateurs","8":"product_tag-poppers-inhaler-double-steel-titan-red-fr","9":"pa_inhaler-produkttyp-double","11":"first","12":"instock","13":"taxable","14":"shipping-taxable","15":"purchasable","16":"product-type-simple"},"acf":[],"_links":{"self":[{"href":"https:\/\/poppers-online.ch\/fr\/wp-json\/wp\/v2\/product\/59163","targetHints":{"allow":["GET"]}}],"collection":[{"href":"https:\/\/poppers-online.ch\/fr\/wp-json\/wp\/v2\/product"}],"about":[{"href":"https:\/\/poppers-online.ch\/fr\/wp-json\/wp\/v2\/types\/product"}],"replies":[{"embeddable":true,"href":"https:\/\/poppers-online.ch\/fr\/wp-json\/wp\/v2\/comments?post=59163"}],"wp:featuredmedia":[{"embeddable":true,"href":"https:\/\/poppers-online.ch\/fr\/wp-json\/wp\/v2\/media\/59170"}],"wp:attachment":[{"href":"https:\/\/poppers-online.ch\/fr\/wp-json\/wp\/v2\/media?parent=59163"}],"wp:term":[{"taxonomy":"product_brand","embeddable":true,"href":"https:\/\/poppers-online.ch\/fr\/wp-json\/wp\/v2\/product_brand?post=59163"},{"taxonomy":"product_cat","embeddable":true,"href":"https:\/\/poppers-online.ch\/fr\/wp-json\/wp\/v2\/product_cat?post=59163"},{"taxonomy":"product_tag","embeddable":true,"href":"https:\/\/poppers-online.ch\/fr\/wp-json\/wp\/v2\/product_tag?post=59163"}],"curies":[{"name":"wp","href":"https:\/\/api.w.org\/{rel}","templated":true}]}}