{"id":57765,"date":"2023-06-05T17:24:56","date_gmt":"2023-06-05T15:24:56","guid":{"rendered":"https:\/\/poppers-online.ch\/?post_type=product&#038;p=57765"},"modified":"2024-10-16T00:15:28","modified_gmt":"2024-10-15T22:15:28","slug":"black-tiger-silver-gold-poppers-multi-combo-4x-24ml","status":"publish","type":"product","link":"https:\/\/poppers-online.ch\/fr\/produit\/black-tiger-silver-gold-poppers-multi-combo-4x-24ml\/","title":{"rendered":"Black Tiger Silver Gold Poppers Multi Combo 4x 24ml"},"content":{"rendered":"","protected":false},"excerpt":{"rendered":"<p><strong>Black Tiger Silver Gold Poppers Multi Combo 4x 24ml <\/strong>se compose de 2x Black Tiger Gold 24ml Poppers et 2x Black Tiger Silver 24ml Poppers.<\/p>\n<p>&nbsp;<\/p>\n<p>Notre <a href=\"https:\/\/poppers-online.ch\/fr\/produit\/black-tiger-silver-poppers-24ml\/\"><strong>Black Tiger Silver Poppers 24ml<\/strong> <\/a>est bas\u00e9 sur le pentylnitrite original. R\u00e9veille le tigre qui sommeille en toi avec le Black Tiger Poppers et deviens le roi de la jungle. Ne laisse pas ta proie s&rsquo;\u00e9chapper et montre que tu es le vrai roi de la jungle. Avec le <a href=\"https:\/\/poppers-online.ch\/fr\/produit\/black-tiger-silver-poppers-24ml\/\">Black Tiger Poppers<\/a>, exprime pleinement le c\u00f4t\u00e9 animal qui est en toi, tu seras toi aussi enthousiasm\u00e9. L&rsquo;\u00e9dition Silver est l&rsquo;\u00e9dition classique du poppers Black Tiger.<\/p>\n<p>&nbsp;<\/p>\n<p>Notre poppers <a href=\"https:\/\/poppers-online.ch\/fr\/produit\/black-tiger-gold-poppers-24ml\/\"><strong>Black Tiger Gold 24ml<\/strong> <\/a>est bas\u00e9 sur le pentylnitrite original. R\u00e9veille le tigre qui sommeille en toi avec le Black Tiger Poppers et deviens le roi de la jungle. Ne laisse pas ta proie s&rsquo;\u00e9chapper et montre que tu es le vrai roi de la jungle. Avec le Black Tiger Poppers, exprime pleinement le c\u00f4t\u00e9 animal qui est en toi, tu seras toi aussi enthousiasm\u00e9. L&rsquo;\u00e9dition Gold est plus intense que l&rsquo;\u00e9dition <a href=\"https:\/\/poppers-online.ch\/fr\/produit\/black-tiger-gold-poppers-24ml\/\">Silver du poppers Black Tiger<\/a> et dure plus longtemps.<\/p>\n<p>Profite d&rsquo;un rabais de 10 francs sur les poppers Black Tiger Silver Gold Multi Combo 4x 24ml par rapport \u00e0 l&rsquo;achat individuel.<\/p>\n","protected":false},"featured_media":89596,"comment_status":"open","ping_status":"closed","template":"","meta":{"_acf_changed":false,"iawp_total_views":3,"_glsr_average":0,"_glsr_ranking":0,"_glsr_reviews":0},"product_brand":[],"product_cat":[1046,76,77],"product_tag":[870,387,841],"class_list":{"0":"post-57765","1":"product","2":"type-product","3":"status-publish","4":"has-post-thumbnail","6":"product_cat-poppers","7":"product_cat-paquets-economiques","8":"product_cat-grands-flacons","9":"product_tag-black-tiger-combo-fr","10":"product_tag-black-tiger-gold-poppers-24ml-fr","11":"product_tag-black-tiger-silver-poppers-24ml-fr","12":"pa_flaschenform-ovale","13":"pa_gewindegroesse-small","14":"pa_inhalt-combo","15":"pa_inhalt-25ml","16":"pa_inhaltsstoffe-nitrite-de-pentyle","17":"pa_staerke-90","19":"first","20":"instock","21":"sale","22":"taxable","23":"shipping-taxable","24":"purchasable","25":"product-type-simple"},"acf":[],"_links":{"self":[{"href":"https:\/\/poppers-online.ch\/fr\/wp-json\/wp\/v2\/product\/57765","targetHints":{"allow":["GET"]}}],"collection":[{"href":"https:\/\/poppers-online.ch\/fr\/wp-json\/wp\/v2\/product"}],"about":[{"href":"https:\/\/poppers-online.ch\/fr\/wp-json\/wp\/v2\/types\/product"}],"replies":[{"embeddable":true,"href":"https:\/\/poppers-online.ch\/fr\/wp-json\/wp\/v2\/comments?post=57765"}],"wp:featuredmedia":[{"embeddable":true,"href":"https:\/\/poppers-online.ch\/fr\/wp-json\/wp\/v2\/media\/89596"}],"wp:attachment":[{"href":"https:\/\/poppers-online.ch\/fr\/wp-json\/wp\/v2\/media?parent=57765"}],"wp:term":[{"taxonomy":"product_brand","embeddable":true,"href":"https:\/\/poppers-online.ch\/fr\/wp-json\/wp\/v2\/product_brand?post=57765"},{"taxonomy":"product_cat","embeddable":true,"href":"https:\/\/poppers-online.ch\/fr\/wp-json\/wp\/v2\/product_cat?post=57765"},{"taxonomy":"product_tag","embeddable":true,"href":"https:\/\/poppers-online.ch\/fr\/wp-json\/wp\/v2\/product_tag?post=57765"}],"curies":[{"name":"wp","href":"https:\/\/api.w.org\/{rel}","templated":true}]}}