{"id":57732,"date":"2023-06-05T15:52:51","date_gmt":"2023-06-05T13:52:51","guid":{"rendered":"https:\/\/poppers-online.ch\/?post_type=product&#038;p=57732"},"modified":"2025-10-23T12:55:55","modified_gmt":"2025-10-23T10:55:55","slug":"jungle-juice-poppers-combo-30ml-jungle-juice-triple-distilled-gold-amsterdam-real-gold-extra-strong-jacked-original-formula","status":"publish","type":"product","link":"https:\/\/poppers-online.ch\/fr\/produit\/jungle-juice-poppers-combo-30ml-jungle-juice-triple-distilled-gold-amsterdam-real-gold-extra-strong-jacked-original-formula\/","title":{"rendered":"Jungle Juice Poppers Combo 30ml &#8211; Jungle Juice Triple Distilled Gold \/ JackeD ! Formule originale \/ Amsterdam Real Gold Extra Strong"},"content":{"rendered":"","protected":false},"excerpt":{"rendered":"<p>Avec le combo Jungle Juice Poppers 30ml x 3 flacons, tu t&rsquo;assures trois flacons de Poppers d&rsquo;intensit\u00e9 6. The Real Amsterdam Poppers 30ml, Jacked Poppers 30ml et Jungle Juice Gold Triple Distilled Poppers 30ml. Trois Poppers super puissants dans un seul paquet. Teste nos trois produits puissants et laisse un commentaire sur cette page.<\/p>\n<p>&nbsp;<\/p>\n<p><strong>Jungle Juice Gold Label triple distilled Poppers 30ml <\/strong>du fabricant canadien Lockerroom. Particuli\u00e8rement pur et puissant gr\u00e2ce \u00e0 la triple distillation, \u00e0 base de la Canadian Pentyl Formula. Notre page d&rsquo;aper\u00e7u Jungle Juice t&rsquo;aidera \u00e0 choisir le <a href=\"https:\/\/poppers-online.ch\/fr\/produit\/jungle-juice-gold-label-triple-distilled-30ml\/\">poppers Jungle Juice<\/a> qui te convient.<\/p>\n<p>&nbsp;<\/p>\n<p><strong>Jacked Poppers 30ml <\/strong>du fabricant canadien Lockerroom. Le Jacked Poppers dans son flacon noir de Poppers est aussi sombre que sa formule et son flacon. Un Poppers super puissant, appr\u00e9ci\u00e9 des Bears et des Daddies. <a href=\"https:\/\/poppers-online.ch\/fr\/produit\/jacked-30ml\/\">Jacked 30ml <\/a>&#8211; Exclusivement pour la Suisse chez poppers-online.ch et \u00e0 base de nitrite d&rsquo;hexyle.  <\/p>\n<p>&nbsp;<\/p>\n<p>The <strong>Real Amsterdam Extra Strong Poppers 30ml <\/strong>du fabricant canadien Lockerroom. L&rsquo;<a href=\"https:\/\/poppers-online.ch\/fr\/produit\/the-real-amsterdam-extra-strong-30ml\/\">Amsterdam<\/a> extra-fort \u00e0 base de nitrite d&rsquo;hexyle.<\/p>\n","protected":false},"featured_media":137020,"comment_status":"open","ping_status":"closed","template":"","meta":{"_acf_changed":false,"iawp_total_views":15,"_glsr_average":0,"_glsr_ranking":0,"_glsr_reviews":0},"product_brand":[],"product_cat":[1046,76,77],"product_tag":[],"class_list":{"0":"post-57732","1":"product","2":"type-product","3":"status-publish","4":"has-post-thumbnail","6":"product_cat-poppers","7":"product_cat-paquets-economiques","8":"product_cat-grands-flacons","9":"pa_flaschenform-rond-grand","10":"pa_gewindegroesse-small","11":"pa_inhalt-combo","12":"pa_inhalt-30ml","13":"pa_marke-amsterdam-poppers","14":"pa_marke-jungle-juice-poppers","15":"pa_marke-lockerroom-poppers","16":"pa_staerke-91","18":"first","19":"instock","20":"sale","21":"taxable","22":"shipping-taxable","23":"purchasable","24":"product-type-simple"},"acf":[],"_links":{"self":[{"href":"https:\/\/poppers-online.ch\/fr\/wp-json\/wp\/v2\/product\/57732","targetHints":{"allow":["GET"]}}],"collection":[{"href":"https:\/\/poppers-online.ch\/fr\/wp-json\/wp\/v2\/product"}],"about":[{"href":"https:\/\/poppers-online.ch\/fr\/wp-json\/wp\/v2\/types\/product"}],"replies":[{"embeddable":true,"href":"https:\/\/poppers-online.ch\/fr\/wp-json\/wp\/v2\/comments?post=57732"}],"wp:featuredmedia":[{"embeddable":true,"href":"https:\/\/poppers-online.ch\/fr\/wp-json\/wp\/v2\/media\/137020"}],"wp:attachment":[{"href":"https:\/\/poppers-online.ch\/fr\/wp-json\/wp\/v2\/media?parent=57732"}],"wp:term":[{"taxonomy":"product_brand","embeddable":true,"href":"https:\/\/poppers-online.ch\/fr\/wp-json\/wp\/v2\/product_brand?post=57732"},{"taxonomy":"product_cat","embeddable":true,"href":"https:\/\/poppers-online.ch\/fr\/wp-json\/wp\/v2\/product_cat?post=57732"},{"taxonomy":"product_tag","embeddable":true,"href":"https:\/\/poppers-online.ch\/fr\/wp-json\/wp\/v2\/product_tag?post=57732"}],"curies":[{"name":"wp","href":"https:\/\/api.w.org\/{rel}","templated":true}]}}