{"id":57237,"date":"2023-05-30T10:33:40","date_gmt":"2023-05-30T08:33:41","guid":{"rendered":"https:\/\/poppers-online.ch\/?post_type=product&#038;p=57237"},"modified":"2024-10-16T00:15:37","modified_gmt":"2024-10-15T22:15:37","slug":"extra-tuyau-avec-double-sniffer-pour-banger-station-de-xtrm","status":"publish","type":"product","link":"https:\/\/poppers-online.ch\/fr\/produit\/extra-tuyau-avec-double-sniffer-pour-banger-station-de-xtrm\/","title":{"rendered":"Tuyau suppl\u00e9mentaire avec double sniffer pour Banger Station von XTRM"},"content":{"rendered":"","protected":false},"excerpt":{"rendered":"<p>Cet article est un accessoire pour toutes les Banger Stations de XTRM et permet de doubler le plaisir. Tu peux en outre raccorder le deuxi\u00e8me tuyau \u00e0 ta Banger Station. Lors du plaisir \u00e0 deux, tu as ainsi \u00e0 tout moment ton propre tuyau et tu peux en m\u00eame temps profiter du poppers avec tes partenaires sexuels et tes amis. Fix\u00e9 \u00e0 un tuyau d&rsquo;un m\u00e8tre de long, le double sniffer mesure 12 cm de long et tient tr\u00e8s confortablement dans ta main.<\/p>\n<p>Instructions de montage pour le tuyau suppl\u00e9mentaire : un petit capuchon d&rsquo;\u00e9tanch\u00e9it\u00e9 se trouve sur la partie sup\u00e9rieure de la station Banger. Tu peux l&rsquo;enlever avec pr\u00e9caution et raccorder le deuxi\u00e8me tuyau \u00e0 la Banger Station, et c&rsquo;est parti pour un double plaisir.<\/p>\n","protected":false},"featured_media":45881,"comment_status":"open","ping_status":"closed","template":"","meta":{"_acf_changed":false,"iawp_total_views":6,"_glsr_average":0,"_glsr_ranking":0,"_glsr_reviews":0},"product_brand":[],"product_cat":[149,1300],"product_tag":[457,461,453,441,437,1360],"class_list":{"0":"post-57237","1":"product","2":"type-product","3":"status-publish","4":"has-post-thumbnail","6":"product_cat-accessoires-poppers","7":"product_cat-banger-stations","8":"product_tag-banger-station-xtrm-large-round-poppers-bottle-fr","9":"product_tag-banger-station-xtrm-large-square-poppers-bottle-fr","10":"product_tag-banger-station-xtrm-small-poppers-fr","11":"product_tag-poppers-booster-cap-xtrm-double-large-red-leak-proof-fr","12":"product_tag-poppers-booster-cap-xtrm-double-small-black-leak-proof-fr","13":"product_tag-tuyau-supplementaire-avec-double-sniffer-pour-banger-station-von-xtrm-fr","14":"pa_banger-station-einsatzform-pour-flacons-carrees","15":"pa_banger-station-einsatzform-pour-flacons-ovales","16":"pa_banger-station-einsatzform-pour-grands-flacons-ronds","17":"pa_banger-station-einsatzform-pour-petits-flacons-ronds","19":"first","20":"instock","21":"taxable","22":"shipping-taxable","23":"purchasable","24":"product-type-simple"},"acf":[],"_links":{"self":[{"href":"https:\/\/poppers-online.ch\/fr\/wp-json\/wp\/v2\/product\/57237","targetHints":{"allow":["GET"]}}],"collection":[{"href":"https:\/\/poppers-online.ch\/fr\/wp-json\/wp\/v2\/product"}],"about":[{"href":"https:\/\/poppers-online.ch\/fr\/wp-json\/wp\/v2\/types\/product"}],"replies":[{"embeddable":true,"href":"https:\/\/poppers-online.ch\/fr\/wp-json\/wp\/v2\/comments?post=57237"}],"wp:featuredmedia":[{"embeddable":true,"href":"https:\/\/poppers-online.ch\/fr\/wp-json\/wp\/v2\/media\/45881"}],"wp:attachment":[{"href":"https:\/\/poppers-online.ch\/fr\/wp-json\/wp\/v2\/media?parent=57237"}],"wp:term":[{"taxonomy":"product_brand","embeddable":true,"href":"https:\/\/poppers-online.ch\/fr\/wp-json\/wp\/v2\/product_brand?post=57237"},{"taxonomy":"product_cat","embeddable":true,"href":"https:\/\/poppers-online.ch\/fr\/wp-json\/wp\/v2\/product_cat?post=57237"},{"taxonomy":"product_tag","embeddable":true,"href":"https:\/\/poppers-online.ch\/fr\/wp-json\/wp\/v2\/product_tag?post=57237"}],"curies":[{"name":"wp","href":"https:\/\/api.w.org\/{rel}","templated":true}]}}