{"id":57112,"date":"2023-05-28T20:12:20","date_gmt":"2023-05-28T18:12:20","guid":{"rendered":"https:\/\/poppers-online.ch\/?post_type=product&#038;p=57112"},"modified":"2025-10-23T12:41:11","modified_gmt":"2025-10-23T10:41:11","slug":"poppers-booster-cap-xtrm-double-small-blue-leak-proof","status":"publish","type":"product","link":"https:\/\/poppers-online.ch\/fr\/produit\/poppers-booster-cap-xtrm-double-small-blue-leak-proof\/","title":{"rendered":"Poppers Booster Cap XTRM Double Small Blue LEAK PROOF"},"content":{"rendered":"","protected":false},"excerpt":{"rendered":"<p>Si le sniff de poppers est imm\u00e9diatement suivi d&rsquo;une agitation, il arrive que la flacon de poppers soit ensuite renvers\u00e9e et qu&rsquo;elle ait fui. L&rsquo;\u00e9quipe XTRM a d\u00e9velopp\u00e9 \u00e0 cet effet une ing\u00e9nieuse casquette Poppers Booster XTRM Double Small Blue LEAK PROOF anti-fuite et facile d&rsquo;utilisation avec bouton-pression. Tu visses le sniffer anti-fuite sur la flacon comme d&rsquo;habitude. Ce n&rsquo;est que lorsque tu appuies sur le bouton-poussoir situ\u00e9 sur le c\u00f4t\u00e9 du couvercle que le poppers s&rsquo;\u00e9coule de la flacon par le canal de kick. Lorsque tu rel\u00e2ches le bouton-poussoir, le sniffer est \u00e0 nouveau \u00e9tanche \u00e0 100% et le poppers reste dans la flacon, m\u00eame si celle-ci se renverse parce qu&rsquo;il fait chaud en ce moment.<\/p>\n<p>Ce nouveau syst\u00e8me de fermeture avec bouton-poussoir est de grande qualit\u00e9, ce n&rsquo;est pas un produit de masse et il est fabriqu\u00e9 en Autriche avec beaucoup d&rsquo;engagement. Le Poppers Booster Cap XTRM Double Small Blue LEAK PROOF s&rsquo;adapte \u00e0 tous les flacons de 10ml et 30ml de Lockerroom ainsi qu&rsquo;\u00e0 tous les flacons de Shelbora et Oxymoron. D\u00e9couvre le frisson et le confort suppl\u00e9mentaires en tirant des poppers. Plus jamais de flacon de Poppers renvers\u00e9es, gr\u00e2ce \u00e0 la capsule anti-fuite Poppers Booster LEAK PROOF. Conseil d&rsquo;utilisation: pour d\u00e9visser, tenir le LEAK PROOF par le bas, le visser avec pr\u00e9caution et ne pas trop serrer le filetage.<\/p>\n","protected":false},"featured_media":58735,"comment_status":"open","ping_status":"closed","template":"","meta":{"_acf_changed":false,"iawp_total_views":11,"_glsr_average":0,"_glsr_ranking":0,"_glsr_reviews":0},"product_brand":[],"product_cat":[149,1303],"product_tag":[867],"class_list":{"0":"post-57112","1":"product","2":"type-product","3":"status-publish","4":"has-post-thumbnail","6":"product_cat-accessoires-poppers","7":"product_cat-booster-caps","8":"product_tag-poppers-booster-cap-xtrm-double-small-blue-leak-proof-fr","9":"pa_booster-cap-gewindegroesse-pour-taille-de-filetage-small","11":"first","12":"instock","13":"taxable","14":"shipping-taxable","15":"purchasable","16":"product-type-simple"},"acf":[],"_links":{"self":[{"href":"https:\/\/poppers-online.ch\/fr\/wp-json\/wp\/v2\/product\/57112","targetHints":{"allow":["GET"]}}],"collection":[{"href":"https:\/\/poppers-online.ch\/fr\/wp-json\/wp\/v2\/product"}],"about":[{"href":"https:\/\/poppers-online.ch\/fr\/wp-json\/wp\/v2\/types\/product"}],"replies":[{"embeddable":true,"href":"https:\/\/poppers-online.ch\/fr\/wp-json\/wp\/v2\/comments?post=57112"}],"wp:featuredmedia":[{"embeddable":true,"href":"https:\/\/poppers-online.ch\/fr\/wp-json\/wp\/v2\/media\/58735"}],"wp:attachment":[{"href":"https:\/\/poppers-online.ch\/fr\/wp-json\/wp\/v2\/media?parent=57112"}],"wp:term":[{"taxonomy":"product_brand","embeddable":true,"href":"https:\/\/poppers-online.ch\/fr\/wp-json\/wp\/v2\/product_brand?post=57112"},{"taxonomy":"product_cat","embeddable":true,"href":"https:\/\/poppers-online.ch\/fr\/wp-json\/wp\/v2\/product_cat?post=57112"},{"taxonomy":"product_tag","embeddable":true,"href":"https:\/\/poppers-online.ch\/fr\/wp-json\/wp\/v2\/product_tag?post=57112"}],"curies":[{"name":"wp","href":"https:\/\/api.w.org\/{rel}","templated":true}]}}