{"id":56167,"date":"2023-05-16T00:14:24","date_gmt":"2023-05-15T22:14:24","guid":{"rendered":"https:\/\/poppers-online.ch\/?post_type=product&#038;p=56167"},"modified":"2026-04-16T10:45:27","modified_gmt":"2026-04-16T08:45:27","slug":"kinky-monster-dark-collection","status":"publish","type":"product","link":"https:\/\/poppers-online.ch\/fr\/produit\/kinky-monster-dark-collection\/","title":{"rendered":"Collection Kinky Monster Dark"},"content":{"rendered":"","protected":false},"excerpt":{"rendered":"<p>Kinky Monster Dark Collection s&rsquo;adresse \u00e0 tous les kinksters et est synonyme de poppers encore plus fort et encore plus durable. La Dark Collection contient un flacon de <a href=\"https:\/\/poppers-online.ch\/fr\/produit\/kinky-monster-black-poppers-10ml\/\">Kinky Monster Black Poppers 10ml<\/a>, de <a href=\"https:\/\/poppers-online.ch\/fr\/produit\/kinky-monster-fire-poppers-10ml\/\">Kinky Monster Fire Poppers 10ml<\/a>, de <a href=\"https:\/\/poppers-online.ch\/fr\/produit\/kinky-monster-ultra-strong-poppers-10ml\/\">Kinky Monster Ultra Strong Poppers 10ml<\/a> et de <a href=\"https:\/\/poppers-online.ch\/fr\/produit\/kinky-monster-platinum-poppers-10ml\/\">Kinky Monster Platinum Poppers 10ml<\/a>. De plus, les bouteilles de Kinky Monster Poppers contiennent du nitrite de pentyle particuli\u00e8rement pur et hautement concentr\u00e9. Les poppers Kinky Monster existent en 8 vari\u00e9t\u00e9s exclusives diff\u00e9rentes. En savoir plus sur Kinky Monster sur <a href=\"http:\/\/www.kinky-monster.com\" target=\"_blank\" rel=\"noopener\">www.kinky-monster.com.<\/a><\/p>\n","protected":false},"featured_media":55963,"comment_status":"open","ping_status":"closed","template":"","meta":{"_acf_changed":false,"iawp_total_views":17,"_glsr_average":0,"_glsr_ranking":0,"_glsr_reviews":0},"product_brand":[],"product_cat":[1046,76,78],"product_tag":[800,559,555],"class_list":{"0":"post-56167","1":"product","2":"type-product","3":"status-publish","4":"has-post-thumbnail","6":"product_cat-poppers","7":"product_cat-paquets-economiques","8":"product_cat-petits-flacons","9":"product_tag-holiday-combo-4-flacons","10":"product_tag-kinky-monster-dark-collection-fr","11":"product_tag-kinky-monster-wild-collection-fr","12":"pa_flaschenform-rond-petit","13":"pa_gewindegroesse-small","14":"pa_inhalt-combo","15":"pa_inhalt-10ml","16":"pa_inhaltsstoffe-nitrite-de-pentyle","17":"pa_marke-kinky-monster-poppers","18":"pa_staerke-91","20":"first","21":"instock","22":"sale","23":"taxable","24":"shipping-taxable","25":"purchasable","26":"product-type-simple"},"acf":[],"_links":{"self":[{"href":"https:\/\/poppers-online.ch\/fr\/wp-json\/wp\/v2\/product\/56167","targetHints":{"allow":["GET"]}}],"collection":[{"href":"https:\/\/poppers-online.ch\/fr\/wp-json\/wp\/v2\/product"}],"about":[{"href":"https:\/\/poppers-online.ch\/fr\/wp-json\/wp\/v2\/types\/product"}],"replies":[{"embeddable":true,"href":"https:\/\/poppers-online.ch\/fr\/wp-json\/wp\/v2\/comments?post=56167"}],"wp:featuredmedia":[{"embeddable":true,"href":"https:\/\/poppers-online.ch\/fr\/wp-json\/wp\/v2\/media\/55963"}],"wp:attachment":[{"href":"https:\/\/poppers-online.ch\/fr\/wp-json\/wp\/v2\/media?parent=56167"}],"wp:term":[{"taxonomy":"product_brand","embeddable":true,"href":"https:\/\/poppers-online.ch\/fr\/wp-json\/wp\/v2\/product_brand?post=56167"},{"taxonomy":"product_cat","embeddable":true,"href":"https:\/\/poppers-online.ch\/fr\/wp-json\/wp\/v2\/product_cat?post=56167"},{"taxonomy":"product_tag","embeddable":true,"href":"https:\/\/poppers-online.ch\/fr\/wp-json\/wp\/v2\/product_tag?post=56167"}],"curies":[{"name":"wp","href":"https:\/\/api.w.org\/{rel}","templated":true}]}}