{"id":56163,"date":"2023-05-16T00:01:07","date_gmt":"2023-05-15T22:01:08","guid":{"rendered":"https:\/\/poppers-online.ch\/?post_type=product&#038;p=56163"},"modified":"2026-01-26T11:03:19","modified_gmt":"2026-01-26T10:03:19","slug":"kinky-monster-wild-collection","status":"publish","type":"product","link":"https:\/\/poppers-online.ch\/fr\/produit\/kinky-monster-wild-collection\/","title":{"rendered":"Collection Kinky Monster Wild"},"content":{"rendered":"","protected":false},"excerpt":{"rendered":"<p>Kinky Monster Wild Collection s&rsquo;adresse \u00e0 tous les kinksters et est synonyme de poppers encore plus fort et encore plus durable. La Wild Collection contient un flacon de <a href=\"https:\/\/poppers-online.ch\/fr\/produit\/kinky-monster-premium-poppers-10ml\/\">Kinky Monster Premium Poppers 10ml<\/a>, de <a href=\"https:\/\/poppers-online.ch\/fr\/produit\/kinky-monster-original-poppers-10ml\/\">Kinky Monster Original Poppers 10ml<\/a>, de <a href=\"https:\/\/poppers-online.ch\/fr\/produit\/kinky-monster-extreme-poppers-10ml\/\">Kinky Monster Extreme Poppers 10ml<\/a> et de <a href=\"https:\/\/poppers-online.ch\/fr\/produit\/kinky-monster-gold-poppers-10ml\/\">Kinky Monster Gold Poppers 10ml<\/a>. De plus, les flacons de Kinky Monster Poppers contiennent du nitrite de pentyle particuli\u00e8rement pur et hautement concentr\u00e9. Les poppers Kinky Monster existent en 8 vari\u00e9t\u00e9s diff\u00e9rentes. En savoir plus sur Kinky Monster sur <a href=\"http:\/\/www.kinky-monster.com\" target=\"_blank\" rel=\"noopener\">www.kinky-monster.com.<\/a><\/p>\n","protected":false},"featured_media":55967,"comment_status":"open","ping_status":"closed","template":"","meta":{"_acf_changed":false,"iawp_total_views":3,"_glsr_average":0,"_glsr_ranking":0,"_glsr_reviews":0},"product_brand":[],"product_cat":[1046,76,78],"product_tag":[800,555],"class_list":{"0":"post-56163","1":"product","2":"type-product","3":"status-publish","4":"has-post-thumbnail","6":"product_cat-poppers","7":"product_cat-paquets-economiques","8":"product_cat-petits-flacons","9":"product_tag-holiday-combo-4-flacons","10":"product_tag-kinky-monster-wild-collection-fr","11":"pa_flaschenform-rond-petit","12":"pa_gewindegroesse-small","13":"pa_inhalt-combo","14":"pa_inhalt-10ml","15":"pa_inhaltsstoffe-nitrite-de-pentyle","16":"pa_marke-kinky-monster-poppers","17":"pa_staerke-90","19":"first","20":"instock","21":"sale","22":"taxable","23":"shipping-taxable","24":"purchasable","25":"product-type-simple"},"acf":[],"_links":{"self":[{"href":"https:\/\/poppers-online.ch\/fr\/wp-json\/wp\/v2\/product\/56163","targetHints":{"allow":["GET"]}}],"collection":[{"href":"https:\/\/poppers-online.ch\/fr\/wp-json\/wp\/v2\/product"}],"about":[{"href":"https:\/\/poppers-online.ch\/fr\/wp-json\/wp\/v2\/types\/product"}],"replies":[{"embeddable":true,"href":"https:\/\/poppers-online.ch\/fr\/wp-json\/wp\/v2\/comments?post=56163"}],"wp:featuredmedia":[{"embeddable":true,"href":"https:\/\/poppers-online.ch\/fr\/wp-json\/wp\/v2\/media\/55967"}],"wp:attachment":[{"href":"https:\/\/poppers-online.ch\/fr\/wp-json\/wp\/v2\/media?parent=56163"}],"wp:term":[{"taxonomy":"product_brand","embeddable":true,"href":"https:\/\/poppers-online.ch\/fr\/wp-json\/wp\/v2\/product_brand?post=56163"},{"taxonomy":"product_cat","embeddable":true,"href":"https:\/\/poppers-online.ch\/fr\/wp-json\/wp\/v2\/product_cat?post=56163"},{"taxonomy":"product_tag","embeddable":true,"href":"https:\/\/poppers-online.ch\/fr\/wp-json\/wp\/v2\/product_tag?post=56163"}],"curies":[{"name":"wp","href":"https:\/\/api.w.org\/{rel}","templated":true}]}}