{"id":56081,"date":"2023-05-15T19:10:30","date_gmt":"2023-05-15T17:10:30","guid":{"rendered":"https:\/\/poppers-online.ch\/?post_type=product&#038;p=56081"},"modified":"2026-03-26T16:14:42","modified_gmt":"2026-03-26T15:14:42","slug":"kinky-monster-platinum-poppers-10ml","status":"publish","type":"product","link":"https:\/\/poppers-online.ch\/fr\/produit\/kinky-monster-platinum-poppers-10ml\/","title":{"rendered":"Kinky Monster Platinum Poppers 10ml"},"content":{"rendered":"","protected":false},"excerpt":{"rendered":"<p>Kinky Monster Poppers s&rsquo;adresse \u00e0 tous les kinksters et offre des poppers encore plus forts et plus durables. Les flacons de Kinky Monster Poppers contiennent en outre du pentyl nitrite particuli\u00e8rement pur et hautement concentr\u00e9. Les poppers Kinky Monster sont disponibles en 8 vari\u00e9t\u00e9s diff\u00e9rentes. Kinky Monster Platinum est un m\u00e9lange sp\u00e9cial dont l&rsquo;effet est particuli\u00e8rement fort et intense. Devenez vous-m\u00eame un Kinky Monster.<\/p>\n","protected":false},"featured_media":56092,"comment_status":"open","ping_status":"closed","template":"","meta":{"_acf_changed":false,"iawp_total_views":4,"_glsr_average":0,"_glsr_ranking":0,"_glsr_reviews":0},"product_brand":[],"product_cat":[78],"product_tag":[798,531,535,527,551,790,796],"class_list":{"0":"post-56081","1":"product","2":"type-product","3":"status-publish","4":"has-post-thumbnail","6":"product_cat-petits-flacons","7":"product_tag-berlin-ultra-strong-poppers-10ml-fr-2","8":"product_tag-kinky-monster-extreme-poppers-10ml-fr","9":"product_tag-kinky-monster-gold-poppers-10ml-fr","10":"product_tag-kinky-monster-original-poppers-10ml-fr","11":"product_tag-kinky-monster-platinum-poppers-10ml-fr","12":"product_tag-poppers-fr","13":"product_tag-swiss-premium-juice-poppers-10ml-fr-2","14":"pa_flaschenform-rond-petit","15":"pa_gewindegroesse-small","16":"pa_inhalt-10ml","17":"pa_inhaltsstoffe-nitrite-de-pentyle","18":"pa_marke-kinky-monster-poppers","19":"pa_staerke-90","21":"first","22":"instock","23":"taxable","24":"shipping-taxable","25":"purchasable","26":"product-type-simple"},"acf":[],"_links":{"self":[{"href":"https:\/\/poppers-online.ch\/fr\/wp-json\/wp\/v2\/product\/56081","targetHints":{"allow":["GET"]}}],"collection":[{"href":"https:\/\/poppers-online.ch\/fr\/wp-json\/wp\/v2\/product"}],"about":[{"href":"https:\/\/poppers-online.ch\/fr\/wp-json\/wp\/v2\/types\/product"}],"replies":[{"embeddable":true,"href":"https:\/\/poppers-online.ch\/fr\/wp-json\/wp\/v2\/comments?post=56081"}],"wp:featuredmedia":[{"embeddable":true,"href":"https:\/\/poppers-online.ch\/fr\/wp-json\/wp\/v2\/media\/56092"}],"wp:attachment":[{"href":"https:\/\/poppers-online.ch\/fr\/wp-json\/wp\/v2\/media?parent=56081"}],"wp:term":[{"taxonomy":"product_brand","embeddable":true,"href":"https:\/\/poppers-online.ch\/fr\/wp-json\/wp\/v2\/product_brand?post=56081"},{"taxonomy":"product_cat","embeddable":true,"href":"https:\/\/poppers-online.ch\/fr\/wp-json\/wp\/v2\/product_cat?post=56081"},{"taxonomy":"product_tag","embeddable":true,"href":"https:\/\/poppers-online.ch\/fr\/wp-json\/wp\/v2\/product_tag?post=56081"}],"curies":[{"name":"wp","href":"https:\/\/api.w.org\/{rel}","templated":true}]}}