{"id":56077,"date":"2023-05-15T19:05:47","date_gmt":"2023-05-15T17:05:48","guid":{"rendered":"https:\/\/poppers-online.ch\/?post_type=product&#038;p=56077"},"modified":"2026-04-04T07:04:30","modified_gmt":"2026-04-04T05:04:30","slug":"kinky-monster-ultra-strong-poppers-10ml","status":"publish","type":"product","link":"https:\/\/poppers-online.ch\/fr\/produit\/kinky-monster-ultra-strong-poppers-10ml\/","title":{"rendered":"Kinky Monster Ultra Strong Poppers 10ml"},"content":{"rendered":"","protected":false},"excerpt":{"rendered":"<p>Kinky Monster Poppers s&rsquo;adresse \u00e0 tous les kinksters et offre des poppers encore plus forts et plus durables. Les flacons de Kinky Monster Poppers contiennent en outre du pentyl nitrite particuli\u00e8rement pur et hautement concentr\u00e9. Les poppers Kinky Monster sont disponibles en 8 vari\u00e9t\u00e9s diff\u00e9rentes. Le Kinky Monster Ultra Strong est le plus fort des poppers Kinky Monster. Il a, selon nous, une force de 6+. Avec le Kinky Monster Ultra Strong, tu as un poppers super puissant \u00e0 port\u00e9e de main. Ultra Strong pour tes sessions Fist, Rubber, Sneakers, Sox, Puppy ou SM. Toi aussi, tu vas adorer ce poppers Kinky Monster ultra puissant. Deviens toi-m\u00eame un ultra Kinky Monster.<\/p>\n","protected":false},"featured_media":56125,"comment_status":"open","ping_status":"closed","template":"","meta":{"_acf_changed":false,"iawp_total_views":57,"_glsr_average":0,"_glsr_ranking":0,"_glsr_reviews":0},"product_brand":[],"product_cat":[78],"product_tag":[798,531,543,535,527,547,790,796],"class_list":{"0":"post-56077","1":"product","2":"type-product","3":"status-publish","4":"has-post-thumbnail","6":"product_cat-petits-flacons","7":"product_tag-berlin-ultra-strong-poppers-10ml-fr-2","8":"product_tag-kinky-monster-extreme-poppers-10ml-fr","9":"product_tag-kinky-monster-fire-poppers-10ml-fr","10":"product_tag-kinky-monster-gold-poppers-10ml-fr","11":"product_tag-kinky-monster-original-poppers-10ml-fr","12":"product_tag-kinky-monster-ultra-strong-poppers-10ml-fr","13":"product_tag-poppers-fr","14":"product_tag-swiss-premium-juice-poppers-10ml-fr-2","15":"pa_flaschenform-rond-petit","16":"pa_gewindegroesse-small","17":"pa_inhalt-10ml","18":"pa_inhaltsstoffe-nitrite-de-pentyle","19":"pa_marke-kinky-monster-poppers","20":"pa_staerke-91","22":"first","23":"instock","24":"taxable","25":"shipping-taxable","26":"purchasable","27":"product-type-simple"},"acf":[],"_links":{"self":[{"href":"https:\/\/poppers-online.ch\/fr\/wp-json\/wp\/v2\/product\/56077","targetHints":{"allow":["GET"]}}],"collection":[{"href":"https:\/\/poppers-online.ch\/fr\/wp-json\/wp\/v2\/product"}],"about":[{"href":"https:\/\/poppers-online.ch\/fr\/wp-json\/wp\/v2\/types\/product"}],"replies":[{"embeddable":true,"href":"https:\/\/poppers-online.ch\/fr\/wp-json\/wp\/v2\/comments?post=56077"}],"wp:featuredmedia":[{"embeddable":true,"href":"https:\/\/poppers-online.ch\/fr\/wp-json\/wp\/v2\/media\/56125"}],"wp:attachment":[{"href":"https:\/\/poppers-online.ch\/fr\/wp-json\/wp\/v2\/media?parent=56077"}],"wp:term":[{"taxonomy":"product_brand","embeddable":true,"href":"https:\/\/poppers-online.ch\/fr\/wp-json\/wp\/v2\/product_brand?post=56077"},{"taxonomy":"product_cat","embeddable":true,"href":"https:\/\/poppers-online.ch\/fr\/wp-json\/wp\/v2\/product_cat?post=56077"},{"taxonomy":"product_tag","embeddable":true,"href":"https:\/\/poppers-online.ch\/fr\/wp-json\/wp\/v2\/product_tag?post=56077"}],"curies":[{"name":"wp","href":"https:\/\/api.w.org\/{rel}","templated":true}]}}