{"id":56069,"date":"2023-05-15T18:48:59","date_gmt":"2023-05-15T16:48:59","guid":{"rendered":"https:\/\/poppers-online.ch\/?post_type=product&#038;p=56069"},"modified":"2026-04-04T06:57:46","modified_gmt":"2026-04-04T04:57:46","slug":"kinky-monster-black-poppers-10ml","status":"publish","type":"product","link":"https:\/\/poppers-online.ch\/fr\/produit\/kinky-monster-black-poppers-10ml\/","title":{"rendered":"Kinky Monster Black Poppers 10ml"},"content":{"rendered":"","protected":false},"excerpt":{"rendered":"<p>Kinky Monster Poppers s&rsquo;adresse \u00e0 tous les kinksters et offre des poppers encore plus forts et plus durables. Les flacons de Kinky Monster Poppers contiennent en outre du pentyl nitrite particuli\u00e8rement pur et hautement concentr\u00e9. Les poppers Kinky Monster sont disponibles en 8 vari\u00e9t\u00e9s diff\u00e9rentes. Le Kinky Monster Black Poppers fait partie des poppers les plus puissants. Nous avons d\u00e9velopp\u00e9 ce poppers sp\u00e9cialement pour tous les fans de rubber et les kinky rubber boys. Aimes-tu \u00eatre couvert de latex de haut en bas ou m\u00eame \u00eatre \u00e0 la merci de ton ma\u00eetre en tant que Rubber Gimp ? Alors le Kinky Monster Black Poppers fera partie de ta prochaine session Rubber.<\/p>\n","protected":false},"featured_media":56141,"comment_status":"open","ping_status":"closed","template":"","meta":{"_acf_changed":false,"iawp_total_views":12,"_glsr_average":0,"_glsr_ranking":0,"_glsr_reviews":0},"product_brand":[],"product_cat":[78],"product_tag":[798,539,531,535,527,790,796],"class_list":{"0":"post-56069","1":"product","2":"type-product","3":"status-publish","4":"has-post-thumbnail","6":"product_cat-petits-flacons","7":"product_tag-berlin-ultra-strong-poppers-10ml-fr-2","8":"product_tag-kinky-monster-black-poppers-10ml-fr","9":"product_tag-kinky-monster-extreme-poppers-10ml-fr","10":"product_tag-kinky-monster-gold-poppers-10ml-fr","11":"product_tag-kinky-monster-original-poppers-10ml-fr","12":"product_tag-poppers-fr","13":"product_tag-swiss-premium-juice-poppers-10ml-fr-2","14":"pa_flaschenform-rond-petit","15":"pa_gewindegroesse-small","16":"pa_inhalt-10ml","17":"pa_inhaltsstoffe-nitrite-de-pentyle","18":"pa_marke-kinky-monster-poppers","19":"pa_staerke-91","21":"first","22":"instock","23":"taxable","24":"shipping-taxable","25":"purchasable","26":"product-type-simple"},"acf":[],"_links":{"self":[{"href":"https:\/\/poppers-online.ch\/fr\/wp-json\/wp\/v2\/product\/56069","targetHints":{"allow":["GET"]}}],"collection":[{"href":"https:\/\/poppers-online.ch\/fr\/wp-json\/wp\/v2\/product"}],"about":[{"href":"https:\/\/poppers-online.ch\/fr\/wp-json\/wp\/v2\/types\/product"}],"replies":[{"embeddable":true,"href":"https:\/\/poppers-online.ch\/fr\/wp-json\/wp\/v2\/comments?post=56069"}],"wp:featuredmedia":[{"embeddable":true,"href":"https:\/\/poppers-online.ch\/fr\/wp-json\/wp\/v2\/media\/56141"}],"wp:attachment":[{"href":"https:\/\/poppers-online.ch\/fr\/wp-json\/wp\/v2\/media?parent=56069"}],"wp:term":[{"taxonomy":"product_brand","embeddable":true,"href":"https:\/\/poppers-online.ch\/fr\/wp-json\/wp\/v2\/product_brand?post=56069"},{"taxonomy":"product_cat","embeddable":true,"href":"https:\/\/poppers-online.ch\/fr\/wp-json\/wp\/v2\/product_cat?post=56069"},{"taxonomy":"product_tag","embeddable":true,"href":"https:\/\/poppers-online.ch\/fr\/wp-json\/wp\/v2\/product_tag?post=56069"}],"curies":[{"name":"wp","href":"https:\/\/api.w.org\/{rel}","templated":true}]}}