{"id":56065,"date":"2023-05-15T18:43:40","date_gmt":"2023-05-15T16:43:41","guid":{"rendered":"https:\/\/poppers-online.ch\/?post_type=product&#038;p=56065"},"modified":"2026-04-04T07:02:12","modified_gmt":"2026-04-04T05:02:12","slug":"kinky-monster-gold-poppers-10ml","status":"publish","type":"product","link":"https:\/\/poppers-online.ch\/fr\/produit\/kinky-monster-gold-poppers-10ml\/","title":{"rendered":"Kinky Monster Gold Poppers 10ml"},"content":{"rendered":"","protected":false},"excerpt":{"rendered":"<p>Kinky Monster Poppers s&rsquo;adresse \u00e0 tous les kinksters et offre des poppers encore plus forts et plus durables. Les flacons de Kinky Monster Poppers contiennent en outre du pentyl nitrite particuli\u00e8rement pur et hautement concentr\u00e9. Les poppers Kinky Monster sont disponibles en 8 vari\u00e9t\u00e9s diff\u00e9rentes. Kinky Monster Gold t&#8217;emm\u00e8ne dans des dimensions sexuelles encore inexplor\u00e9es. Deviens toi-m\u00eame un Kinky Monster.<\/p>\n","protected":false},"featured_media":56116,"comment_status":"open","ping_status":"closed","template":"","meta":{"_acf_changed":false,"iawp_total_views":13,"_glsr_average":0,"_glsr_ranking":0,"_glsr_reviews":0},"product_brand":[],"product_cat":[78],"product_tag":[798,531,535,527,790,796],"class_list":{"0":"post-56065","1":"product","2":"type-product","3":"status-publish","4":"has-post-thumbnail","6":"product_cat-petits-flacons","7":"product_tag-berlin-ultra-strong-poppers-10ml-fr-2","8":"product_tag-kinky-monster-extreme-poppers-10ml-fr","9":"product_tag-kinky-monster-gold-poppers-10ml-fr","10":"product_tag-kinky-monster-original-poppers-10ml-fr","11":"product_tag-poppers-fr","12":"product_tag-swiss-premium-juice-poppers-10ml-fr-2","13":"pa_flaschenform-rond-petit","14":"pa_gewindegroesse-small","15":"pa_inhalt-10ml","16":"pa_inhaltsstoffe-nitrite-de-pentyle","17":"pa_marke-kinky-monster-poppers","18":"pa_staerke-90","20":"first","21":"instock","22":"taxable","23":"shipping-taxable","24":"purchasable","25":"product-type-simple"},"acf":[],"_links":{"self":[{"href":"https:\/\/poppers-online.ch\/fr\/wp-json\/wp\/v2\/product\/56065","targetHints":{"allow":["GET"]}}],"collection":[{"href":"https:\/\/poppers-online.ch\/fr\/wp-json\/wp\/v2\/product"}],"about":[{"href":"https:\/\/poppers-online.ch\/fr\/wp-json\/wp\/v2\/types\/product"}],"replies":[{"embeddable":true,"href":"https:\/\/poppers-online.ch\/fr\/wp-json\/wp\/v2\/comments?post=56065"}],"wp:featuredmedia":[{"embeddable":true,"href":"https:\/\/poppers-online.ch\/fr\/wp-json\/wp\/v2\/media\/56116"}],"wp:attachment":[{"href":"https:\/\/poppers-online.ch\/fr\/wp-json\/wp\/v2\/media?parent=56065"}],"wp:term":[{"taxonomy":"product_brand","embeddable":true,"href":"https:\/\/poppers-online.ch\/fr\/wp-json\/wp\/v2\/product_brand?post=56065"},{"taxonomy":"product_cat","embeddable":true,"href":"https:\/\/poppers-online.ch\/fr\/wp-json\/wp\/v2\/product_cat?post=56065"},{"taxonomy":"product_tag","embeddable":true,"href":"https:\/\/poppers-online.ch\/fr\/wp-json\/wp\/v2\/product_tag?post=56065"}],"curies":[{"name":"wp","href":"https:\/\/api.w.org\/{rel}","templated":true}]}}