{"id":56061,"date":"2023-05-15T18:37:46","date_gmt":"2023-05-15T16:37:46","guid":{"rendered":"https:\/\/poppers-online.ch\/?post_type=product&#038;p=56061"},"modified":"2026-04-04T07:00:59","modified_gmt":"2026-04-04T05:00:59","slug":"kinky-monster-extreme-poppers-10ml","status":"publish","type":"product","link":"https:\/\/poppers-online.ch\/fr\/produit\/kinky-monster-extreme-poppers-10ml\/","title":{"rendered":"Kinky Monster Extreme Poppers 10ml"},"content":{"rendered":"","protected":false},"excerpt":{"rendered":"<p>Kinky Monster Poppers s&rsquo;adresse \u00e0 tous les kinksters et offre des poppers encore plus forts et plus durables. Les flacons de Kinky Monster Poppers contiennent en outre du pentyl nitrite particuli\u00e8rement pur et hautement concentr\u00e9. Les poppers Kinky Monster sont disponibles en 8 vari\u00e9t\u00e9s diff\u00e9rentes. Le Kinky Monster Extreme fait partie des poppers les plus puissants. Nous avons con\u00e7u ce poppers pour tous les fans de sneakers et de sox. Tu aimes aussi les tracksuits d&rsquo;Adidas, les sneakers ou les speedos serr\u00e9s ? Ce poppers fait partie int\u00e9grante de ta prochaine session de baskets, de tracksuits et de Sox.<\/p>\n","protected":false},"featured_media":56108,"comment_status":"open","ping_status":"closed","template":"","meta":{"_acf_changed":false,"iawp_total_views":17,"_glsr_average":0,"_glsr_ranking":0,"_glsr_reviews":0},"product_brand":[],"product_cat":[78],"product_tag":[798,531,527,790,796],"class_list":{"0":"post-56061","1":"product","2":"type-product","3":"status-publish","4":"has-post-thumbnail","6":"product_cat-petits-flacons","7":"product_tag-berlin-ultra-strong-poppers-10ml-fr-2","8":"product_tag-kinky-monster-extreme-poppers-10ml-fr","9":"product_tag-kinky-monster-original-poppers-10ml-fr","10":"product_tag-poppers-fr","11":"product_tag-swiss-premium-juice-poppers-10ml-fr-2","12":"pa_flaschenform-rond-petit","13":"pa_gewindegroesse-small","14":"pa_inhalt-10ml","15":"pa_inhaltsstoffe-nitrite-de-pentyle","16":"pa_marke-kinky-monster-poppers","17":"pa_staerke-91","19":"first","20":"instock","21":"taxable","22":"shipping-taxable","23":"purchasable","24":"product-type-simple"},"acf":[],"_links":{"self":[{"href":"https:\/\/poppers-online.ch\/fr\/wp-json\/wp\/v2\/product\/56061","targetHints":{"allow":["GET"]}}],"collection":[{"href":"https:\/\/poppers-online.ch\/fr\/wp-json\/wp\/v2\/product"}],"about":[{"href":"https:\/\/poppers-online.ch\/fr\/wp-json\/wp\/v2\/types\/product"}],"replies":[{"embeddable":true,"href":"https:\/\/poppers-online.ch\/fr\/wp-json\/wp\/v2\/comments?post=56061"}],"wp:featuredmedia":[{"embeddable":true,"href":"https:\/\/poppers-online.ch\/fr\/wp-json\/wp\/v2\/media\/56108"}],"wp:attachment":[{"href":"https:\/\/poppers-online.ch\/fr\/wp-json\/wp\/v2\/media?parent=56061"}],"wp:term":[{"taxonomy":"product_brand","embeddable":true,"href":"https:\/\/poppers-online.ch\/fr\/wp-json\/wp\/v2\/product_brand?post=56061"},{"taxonomy":"product_cat","embeddable":true,"href":"https:\/\/poppers-online.ch\/fr\/wp-json\/wp\/v2\/product_cat?post=56061"},{"taxonomy":"product_tag","embeddable":true,"href":"https:\/\/poppers-online.ch\/fr\/wp-json\/wp\/v2\/product_tag?post=56061"}],"curies":[{"name":"wp","href":"https:\/\/api.w.org\/{rel}","templated":true}]}}