{"id":56004,"date":"2023-05-15T12:09:39","date_gmt":"2023-05-15T10:09:40","guid":{"rendered":"https:\/\/poppers-online.ch\/?post_type=product&#038;p=56004"},"modified":"2026-04-04T07:04:01","modified_gmt":"2026-04-04T05:04:01","slug":"kinky-monster-premium-poppers-10ml","status":"publish","type":"product","link":"https:\/\/poppers-online.ch\/fr\/produit\/kinky-monster-premium-poppers-10ml\/","title":{"rendered":"Kinky Monster Premium Poppers 10ml"},"content":{"rendered":"","protected":false},"excerpt":{"rendered":"<p>Kinky Monster Premium Poppers 10ml s&rsquo;adresse \u00e0 tous les kinksters et offre des poppers encore plus forts et plus durables. Les flacons de Kinky Monster Poppers contiennent en outre du pentyl nitrite particuli\u00e8rement pur et hautement concentr\u00e9. Les poppers Kinky Monster sont disponibles en 8 vari\u00e9t\u00e9s diff\u00e9rentes. Nous avons con\u00e7u l&rsquo;\u00e9dition Kinky Monster Premium pour tous les joueurs Puppy. Sentez-vous encore plus libre dans le monde de Puppy avec le poppers Kinky Monster Premium.<\/p>\n","protected":false},"featured_media":56045,"comment_status":"open","ping_status":"closed","template":"","meta":{"_acf_changed":false,"iawp_total_views":7,"_glsr_average":0,"_glsr_ranking":0,"_glsr_reviews":0},"product_brand":[],"product_cat":[78],"product_tag":[798,790,796],"class_list":{"0":"post-56004","1":"product","2":"type-product","3":"status-publish","4":"has-post-thumbnail","6":"product_cat-petits-flacons","7":"product_tag-berlin-ultra-strong-poppers-10ml-fr-2","8":"product_tag-poppers-fr","9":"product_tag-swiss-premium-juice-poppers-10ml-fr-2","10":"pa_flaschenform-rond-petit","11":"pa_gewindegroesse-small","12":"pa_inhalt-10ml","13":"pa_inhaltsstoffe-nitrite-de-pentyle","14":"pa_marke-kinky-monster-poppers","15":"pa_staerke-91","17":"first","18":"instock","19":"taxable","20":"shipping-taxable","21":"purchasable","22":"product-type-simple"},"acf":[],"_links":{"self":[{"href":"https:\/\/poppers-online.ch\/fr\/wp-json\/wp\/v2\/product\/56004","targetHints":{"allow":["GET"]}}],"collection":[{"href":"https:\/\/poppers-online.ch\/fr\/wp-json\/wp\/v2\/product"}],"about":[{"href":"https:\/\/poppers-online.ch\/fr\/wp-json\/wp\/v2\/types\/product"}],"replies":[{"embeddable":true,"href":"https:\/\/poppers-online.ch\/fr\/wp-json\/wp\/v2\/comments?post=56004"}],"wp:featuredmedia":[{"embeddable":true,"href":"https:\/\/poppers-online.ch\/fr\/wp-json\/wp\/v2\/media\/56045"}],"wp:attachment":[{"href":"https:\/\/poppers-online.ch\/fr\/wp-json\/wp\/v2\/media?parent=56004"}],"wp:term":[{"taxonomy":"product_brand","embeddable":true,"href":"https:\/\/poppers-online.ch\/fr\/wp-json\/wp\/v2\/product_brand?post=56004"},{"taxonomy":"product_cat","embeddable":true,"href":"https:\/\/poppers-online.ch\/fr\/wp-json\/wp\/v2\/product_cat?post=56004"},{"taxonomy":"product_tag","embeddable":true,"href":"https:\/\/poppers-online.ch\/fr\/wp-json\/wp\/v2\/product_tag?post=56004"}],"curies":[{"name":"wp","href":"https:\/\/api.w.org\/{rel}","templated":true}]}}