{"id":53491,"date":"2023-04-16T19:16:42","date_gmt":"2023-04-16T17:16:42","guid":{"rendered":"https:\/\/poppers-online.ch\/?post_type=product&#038;p=53491"},"modified":"2026-04-12T05:38:36","modified_gmt":"2026-04-12T03:38:36","slug":"j-lube-284g","status":"publish","type":"product","link":"https:\/\/poppers-online.ch\/fr\/produit\/j-lube-284g\/","title":{"rendered":"J-Lube 284g"},"content":{"rendered":"","protected":false},"excerpt":{"rendered":"<p>J-Lube 284g est le classique parmi les poudres lubrifiantes \u00e0 fabriquer soi-m\u00eame. J-Lube est livr\u00e9 en poudre tr\u00e8s concentr\u00e9e et ne doit \u00eatre m\u00e9lang\u00e9 qu&rsquo;avec de l&rsquo;eau. Une bo\u00eete produit environ 20-25 litres de lubrifiant tr\u00e8s glissant. Comme il est \u00e0 base d&rsquo;eau, J-Lube est compatible avec le caoutchouc\/latex et est \u00e9galement bien tol\u00e9r\u00e9 par les silicontoys. Avec 2-3 cuill\u00e8res \u00e0 soupe et 1\/2 litre d&rsquo;eau, tu produis une portion de lubrifiant. Tu peux facilement varier les quantit\u00e9s. Le mieux est d&rsquo;utiliser un fouet ou un gobelet \u00e0 secouer. Selon la consistance, le J-Lube 284g fini tire des fils \u00e0 chaque contact. D&rsquo;ailleurs, J-Lube provient \u00e0 l&rsquo;origine de la m\u00e9decine v\u00e9t\u00e9rinaire, il convient donc bien aux projets animaux.<\/p>\n","protected":false},"featured_media":53463,"comment_status":"open","ping_status":"closed","template":"","meta":{"_acf_changed":false,"iawp_total_views":59,"_glsr_average":0,"_glsr_ranking":0,"_glsr_reviews":0},"product_brand":[],"product_cat":[2067,166],"product_tag":[516],"class_list":{"0":"post-53491","1":"product","2":"type-product","3":"status-publish","4":"has-post-thumbnail","6":"product_cat-lubrifiant","7":"product_cat-droguerie","8":"product_tag-j-lube-284g-fr","10":"first","11":"instock","12":"taxable","13":"shipping-taxable","14":"purchasable","15":"product-type-simple"},"acf":[],"_links":{"self":[{"href":"https:\/\/poppers-online.ch\/fr\/wp-json\/wp\/v2\/product\/53491","targetHints":{"allow":["GET"]}}],"collection":[{"href":"https:\/\/poppers-online.ch\/fr\/wp-json\/wp\/v2\/product"}],"about":[{"href":"https:\/\/poppers-online.ch\/fr\/wp-json\/wp\/v2\/types\/product"}],"replies":[{"embeddable":true,"href":"https:\/\/poppers-online.ch\/fr\/wp-json\/wp\/v2\/comments?post=53491"}],"wp:featuredmedia":[{"embeddable":true,"href":"https:\/\/poppers-online.ch\/fr\/wp-json\/wp\/v2\/media\/53463"}],"wp:attachment":[{"href":"https:\/\/poppers-online.ch\/fr\/wp-json\/wp\/v2\/media?parent=53491"}],"wp:term":[{"taxonomy":"product_brand","embeddable":true,"href":"https:\/\/poppers-online.ch\/fr\/wp-json\/wp\/v2\/product_brand?post=53491"},{"taxonomy":"product_cat","embeddable":true,"href":"https:\/\/poppers-online.ch\/fr\/wp-json\/wp\/v2\/product_cat?post=53491"},{"taxonomy":"product_tag","embeddable":true,"href":"https:\/\/poppers-online.ch\/fr\/wp-json\/wp\/v2\/product_tag?post=53491"}],"curies":[{"name":"wp","href":"https:\/\/api.w.org\/{rel}","templated":true}]}}