{"id":53467,"date":"2023-04-16T16:03:12","date_gmt":"2023-04-16T14:03:12","guid":{"rendered":"https:\/\/poppers-online.ch\/?post_type=product&#038;p=53467"},"modified":"2025-12-13T02:05:20","modified_gmt":"2025-12-13T01:05:20","slug":"crisco-453g","status":"publish","type":"product","link":"https:\/\/poppers-online.ch\/fr\/produit\/crisco-453g\/","title":{"rendered":"Crisco 453g"},"content":{"rendered":"","protected":false},"excerpt":{"rendered":"<p>Crisco 453g est \u00e0 l&rsquo;origine une graisse v\u00e9g\u00e9tale de cuisson et de r\u00f4tissage originaire des \u00c9tats-Unis. Depuis, l&rsquo;utilisation s&rsquo;est toutefois \u00e9largie. Les gens ont besoin de Crisco non seulement dans la cuisine, mais aussi pour le sexe. Crisco est un excellent lubrifiant pour la glisse et le fist et est surtout utilis\u00e9 pour le fisting. Tu seras surpris de la qualit\u00e9 de la lubrification de Crisco, non seulement dans la cuisine, mais aussi lors des jeux sexuels. Ne pas utiliser Crisco avec du latex ou des pr\u00e9servatifs. Conservation : 6 mois apr\u00e8s ouverture.<\/p>\n","protected":false},"featured_media":53471,"comment_status":"open","ping_status":"closed","template":"","meta":{"_acf_changed":false,"iawp_total_views":9,"_glsr_average":0,"_glsr_ranking":0,"_glsr_reviews":0},"product_brand":[],"product_cat":[2067,166],"product_tag":[],"class_list":{"0":"post-53467","1":"product","2":"type-product","3":"status-publish","4":"has-post-thumbnail","6":"product_cat-lubrifiant","7":"product_cat-droguerie","9":"first","10":"instock","11":"taxable","12":"shipping-taxable","13":"purchasable","14":"product-type-simple"},"acf":[],"_links":{"self":[{"href":"https:\/\/poppers-online.ch\/fr\/wp-json\/wp\/v2\/product\/53467","targetHints":{"allow":["GET"]}}],"collection":[{"href":"https:\/\/poppers-online.ch\/fr\/wp-json\/wp\/v2\/product"}],"about":[{"href":"https:\/\/poppers-online.ch\/fr\/wp-json\/wp\/v2\/types\/product"}],"replies":[{"embeddable":true,"href":"https:\/\/poppers-online.ch\/fr\/wp-json\/wp\/v2\/comments?post=53467"}],"wp:featuredmedia":[{"embeddable":true,"href":"https:\/\/poppers-online.ch\/fr\/wp-json\/wp\/v2\/media\/53471"}],"wp:attachment":[{"href":"https:\/\/poppers-online.ch\/fr\/wp-json\/wp\/v2\/media?parent=53467"}],"wp:term":[{"taxonomy":"product_brand","embeddable":true,"href":"https:\/\/poppers-online.ch\/fr\/wp-json\/wp\/v2\/product_brand?post=53467"},{"taxonomy":"product_cat","embeddable":true,"href":"https:\/\/poppers-online.ch\/fr\/wp-json\/wp\/v2\/product_cat?post=53467"},{"taxonomy":"product_tag","embeddable":true,"href":"https:\/\/poppers-online.ch\/fr\/wp-json\/wp\/v2\/product_tag?post=53467"}],"curies":[{"name":"wp","href":"https:\/\/api.w.org\/{rel}","templated":true}]}}