{"id":51719,"date":"2023-03-27T11:28:58","date_gmt":"2023-03-27T09:28:58","guid":{"rendered":"https:\/\/poppers-online.ch\/?post_type=product&#038;p=51719"},"modified":"2024-10-16T00:20:36","modified_gmt":"2024-10-15T22:20:36","slug":"poppers-topper-boneyard-poppers-booster-cap-2-pack","status":"publish","type":"product","link":"https:\/\/poppers-online.ch\/fr\/produit\/poppers-topper-boneyard-poppers-booster-cap-2-pack\/","title":{"rendered":"Poppers Topper Boneyard Poppers Booster Cap 2 Pack"},"content":{"rendered":"<p>Le Poppers Aroma Topper est un flip top en plastique ABS qui permet d&rsquo;ouvrir et de fermer les flacons d&rsquo;ar\u00f4me d&rsquo;une seule main. Il existe en deux tailles, petite et grande, et s&rsquo;adapte \u00e0 la plupart des marques de Poppers sur le march\u00e9.<\/p>\n<p>Poppers Aroma Topper emp\u00eache d&rsquo;ouvrir et de fermer le flacon \u00e0 deux mains et de renverser quelque chose. En outre, il n&rsquo;est plus n\u00e9cessaire de chercher le bouchon ! Le bouchon s&rsquo;ouvre et se ferme facilement avec le pouce et dispose d&rsquo;un c\u00f4ne nasal qui permet de l&rsquo;adapter facilement \u00e0 votre narine. Un clic indique que le capuchon est ferm\u00e9. \u00c9vite les renversements, les odeurs et les taches gr\u00e2ce \u00e0 l&rsquo;Aroma Topper.<\/p>\n<p>N&rsquo;oublie pas que les ar\u00f4mes ont une viscosit\u00e9 extr\u00eamement faible et peuvent donc facilement s&rsquo;\u00e9couler ou se renverser. L&rsquo;Aroma Topper sert de support pendant l&rsquo;utilisation. Il n&rsquo;est pas con\u00e7u comme un capuchon de conservation \u00e0 long terme. Remets donc le couvercle d&rsquo;ar\u00f4me original en place entre les utilisations. Note \u00e9galement que le fait d&rsquo;incliner les ar\u00f4mes lorsque le couvercle est ouvert n&#8217;emp\u00eache pas les fuites.<\/p>\n<p>Utilisation des ar\u00f4mes d&rsquo;une seule main<\/p>\n<ul>\n<li>Inhalateur en forme de c\u00f4ne<\/li>\n<li>2 tailles<\/li>\n<li>Flip top facile \u00e0 utiliser<\/li>\n<\/ul>\n","protected":false},"excerpt":{"rendered":"<p>Le Poppers Topper Boneyard Poppers Booster Cap 2 Pack se <strong>compose de deux Poppers Aroma Toppers.<\/strong> Il s&rsquo;agit d&rsquo;un flip top en plastique ABS qui permet d&rsquo;ouvrir et de fermer les flacons d&rsquo;ar\u00f4mes d&rsquo;une seule main. Il existe en deux tailles, petite et grande, et s&rsquo;adapte \u00e0 la plupart des marques de poppers sur le march\u00e9.<\/p>\n<p><strong>Poppers Aroma Topper<\/strong> emp\u00eache d&rsquo;ouvrir et de fermer le flacon \u00e0 deux mains et d&rsquo;en renverser. En outre, il n&rsquo;est plus n\u00e9cessaire de chercher le bouchon ! Le bouchon s&rsquo;ouvre et se ferme facilement avec le pouce et dispose d&rsquo;un c\u00f4ne nasal qui permet de l&rsquo;adapter facilement \u00e0 votre narine. Un clic indique que le capuchon est ferm\u00e9.<strong> \u00c9vite les renversements, les odeurs et les taches gr\u00e2ce \u00e0 l&rsquo;Aroma Topper.<\/strong><\/p>\n<p>Notez que les ar\u00f4mes ont une viscosit\u00e9 extr\u00eamement faible et peuvent donc facilement couler ou se renverser. L&rsquo;Aroma Topper sert de <strong>soutien pendant l&rsquo;utilisation<\/strong>. Il n&rsquo;est pas con\u00e7u comme un capuchon de conservation \u00e0 long terme. Remets donc le couvercle aromatique original en place entre les utilisations. Notez \u00e9galement que le fait d&rsquo;incliner les ar\u00f4mes lorsque le couvercle est ouvert n&#8217;emp\u00eache pas les fuites.<\/p>\n<p>Le Poppers Topper Boneyard Poppers Booster Cap 2 Pack pour l&rsquo;application d&rsquo;ar\u00f4mes \u00e0 une main :<\/p>\n<ul>\n<li>Inhalateur en forme de c\u00f4ne<\/li>\n<li>2 tailles<\/li>\n<li>Flip top facile \u00e0 utiliser<\/li>\n<\/ul>\n","protected":false},"featured_media":51723,"comment_status":"open","ping_status":"closed","template":"","meta":{"_acf_changed":false,"iawp_total_views":4,"_glsr_average":0,"_glsr_ranking":0,"_glsr_reviews":0},"product_brand":[],"product_cat":[149,1294],"product_tag":[860],"class_list":{"0":"post-51719","1":"product","2":"type-product","3":"status-publish","4":"has-post-thumbnail","6":"product_cat-accessoires-poppers","7":"product_cat-aroma-toppers","8":"product_tag-poppers-inhaler-double-steel-titan-fr-2","9":"pa_aroma-topper-gewindegroesse-pour-taille-de-filetage-small","10":"pa_aroma-topper-gewindegroesse-pour-taille-de-filetage-large","12":"first","13":"outofstock","14":"taxable","15":"shipping-taxable","16":"purchasable","17":"product-type-simple"},"acf":[],"_links":{"self":[{"href":"https:\/\/poppers-online.ch\/fr\/wp-json\/wp\/v2\/product\/51719","targetHints":{"allow":["GET"]}}],"collection":[{"href":"https:\/\/poppers-online.ch\/fr\/wp-json\/wp\/v2\/product"}],"about":[{"href":"https:\/\/poppers-online.ch\/fr\/wp-json\/wp\/v2\/types\/product"}],"replies":[{"embeddable":true,"href":"https:\/\/poppers-online.ch\/fr\/wp-json\/wp\/v2\/comments?post=51719"}],"wp:featuredmedia":[{"embeddable":true,"href":"https:\/\/poppers-online.ch\/fr\/wp-json\/wp\/v2\/media\/51723"}],"wp:attachment":[{"href":"https:\/\/poppers-online.ch\/fr\/wp-json\/wp\/v2\/media?parent=51719"}],"wp:term":[{"taxonomy":"product_brand","embeddable":true,"href":"https:\/\/poppers-online.ch\/fr\/wp-json\/wp\/v2\/product_brand?post=51719"},{"taxonomy":"product_cat","embeddable":true,"href":"https:\/\/poppers-online.ch\/fr\/wp-json\/wp\/v2\/product_cat?post=51719"},{"taxonomy":"product_tag","embeddable":true,"href":"https:\/\/poppers-online.ch\/fr\/wp-json\/wp\/v2\/product_tag?post=51719"}],"curies":[{"name":"wp","href":"https:\/\/api.w.org\/{rel}","templated":true}]}}