{"id":51062,"date":"2023-03-19T19:03:27","date_gmt":"2023-03-19T18:03:27","guid":{"rendered":"https:\/\/poppers-online.ch\/?post_type=product&#038;p=51062"},"modified":"2026-03-26T16:18:54","modified_gmt":"2026-03-26T15:18:54","slug":"rush-extra-strong-poppers-combo-6x10ml","status":"publish","type":"product","link":"https:\/\/poppers-online.ch\/fr\/produit\/rush-extra-strong-poppers-combo-6x10ml\/","title":{"rendered":"Rush Extra Strong Poppers Combo 6x10ml"},"content":{"rendered":"","protected":false},"excerpt":{"rendered":"<p><strong>Rush Extra Strong Poppers Combo 6x10ml<\/strong> en paquet \u00e9conomique. Prix du package marteau pour 6 flacons. Le Rush Extra Strong Poppers original est de retour dans son flacon jaune de 10 ml reconnaissable entre tous. Il a \u00e9t\u00e9 copi\u00e9 x fois en Europe et maintenant il est \u00e0 nouveau d\u00e9velopp\u00e9. Formule extr\u00eame \u00e0 base de nitrite de pentyle. Rush Extra Strong Poppers 10ml est jusqu&rsquo;<strong>\u00e0 3 fois plus fort que le Rush normal<\/strong>.<\/p>\n","protected":false},"featured_media":51066,"comment_status":"open","ping_status":"closed","template":"","meta":{"_acf_changed":false,"iawp_total_views":120,"_glsr_average":0,"_glsr_ranking":0,"_glsr_reviews":0},"product_brand":[],"product_cat":[1046,76,78],"product_tag":[],"class_list":{"0":"post-51062","1":"product","2":"type-product","3":"status-publish","4":"has-post-thumbnail","6":"product_cat-poppers","7":"product_cat-paquets-economiques","8":"product_cat-petits-flacons","9":"pa_flaschenform-rond-petit","10":"pa_gewindegroesse-small","11":"pa_inhalt-combo","12":"pa_inhalt-10ml","13":"pa_inhaltsstoffe-nitrite-de-pentyle","14":"pa_marke-rush-poppers","15":"pa_staerke-91","17":"first","18":"instock","19":"sale","20":"taxable","21":"shipping-taxable","22":"purchasable","23":"product-type-simple"},"acf":[],"_links":{"self":[{"href":"https:\/\/poppers-online.ch\/fr\/wp-json\/wp\/v2\/product\/51062","targetHints":{"allow":["GET"]}}],"collection":[{"href":"https:\/\/poppers-online.ch\/fr\/wp-json\/wp\/v2\/product"}],"about":[{"href":"https:\/\/poppers-online.ch\/fr\/wp-json\/wp\/v2\/types\/product"}],"replies":[{"embeddable":true,"href":"https:\/\/poppers-online.ch\/fr\/wp-json\/wp\/v2\/comments?post=51062"}],"wp:featuredmedia":[{"embeddable":true,"href":"https:\/\/poppers-online.ch\/fr\/wp-json\/wp\/v2\/media\/51066"}],"wp:attachment":[{"href":"https:\/\/poppers-online.ch\/fr\/wp-json\/wp\/v2\/media?parent=51062"}],"wp:term":[{"taxonomy":"product_brand","embeddable":true,"href":"https:\/\/poppers-online.ch\/fr\/wp-json\/wp\/v2\/product_brand?post=51062"},{"taxonomy":"product_cat","embeddable":true,"href":"https:\/\/poppers-online.ch\/fr\/wp-json\/wp\/v2\/product_cat?post=51062"},{"taxonomy":"product_tag","embeddable":true,"href":"https:\/\/poppers-online.ch\/fr\/wp-json\/wp\/v2\/product_tag?post=51062"}],"curies":[{"name":"wp","href":"https:\/\/api.w.org\/{rel}","templated":true}]}}