{"id":51039,"date":"2023-03-19T17:31:55","date_gmt":"2023-03-19T16:31:55","guid":{"rendered":"https:\/\/poppers-online.ch\/?post_type=product&#038;p=51039"},"modified":"2025-10-23T14:20:14","modified_gmt":"2025-10-23T12:20:14","slug":"berlin-kinky-sex-poppers-combo","status":"publish","type":"product","link":"https:\/\/poppers-online.ch\/fr\/produit\/berlin-kinky-sex-poppers-combo\/","title":{"rendered":"Berlin Kinky Sex Poppers Combo"},"content":{"rendered":"","protected":false},"excerpt":{"rendered":"<p>Le combo Berlin Kinky Sex Poppers se compose de 2x 25ml de poppers (1x Berlin Pentyl 25ml, 1x Berlin Fist Extreme Strong 25ml) + Berlin Ultra Strong 10ml.<\/p>\n<p><a href=\"https:\/\/poppers-online.ch\/fr\/produit\/berlin-pentyl-poppers-25ml\/\"><strong>BERLIN PENTYL Poppers<\/strong><\/a> est bas\u00e9, comme son nom l&rsquo;indique, sur le nitrite de pentyle original. Dans la Queer Capital BERLIN, des f\u00eates pour tous les go\u00fbts et toutes les pr\u00e9f\u00e9rences t&rsquo;attendent. Fais venir chez toi le d\u00e9sir irr\u00e9pressible, le style de vie h\u00e9doniste et la libert\u00e9 sexuelle de Berlin avec le BERLIN PENTYL Poppers. Que l&rsquo;on soit gay ou h\u00e9t\u00e9ro, homme ou femme, nous aimons tous les poppers et nous aimons tous Berlin !<\/p>\n<p><a href=\"https:\/\/poppers-online.ch\/fr\/produit\/berlin-fist-extreme-strong-poppers-25ml\/\"><strong>BERLIN FIST Extreme Strong Poppers<\/strong><\/a> fait partie des poppers les plus forts du march\u00e9 et est bas\u00e9 sur le pentylnitrite original. Dans la Queer Capital BERLIN, des f\u00eates pour tous les go\u00fbts et toutes les pr\u00e9f\u00e9rences t&rsquo;attendent. Nous aimons le Berghain, le Lab, KitKat, les soir\u00e9es sneakers au Folsom et bien s\u00fbr les Rubber Parties \u00e0 Berlin. BERLIN FIST Extreme Strong Poppers ram\u00e8ne toujours chez nous les pens\u00e9es et les exp\u00e9riences de Berlin et ne doit en aucun cas manquer lors d&rsquo;une Fist Session bien remplie. Le poppers est tr\u00e8s durable, il donne le coup de fouet suppl\u00e9mentaire n\u00e9cessaire et procure des sensations tr\u00e8s intenses. Nous aimons les Berlin Vibes at Home.<\/p>\n<p><a href=\"https:\/\/poppers-online.ch\/fr\/produit\/berlin-ultra-strong-poppers-10ml\/\"><strong>Berlin Ultra Strong Poppers 10ml<\/strong><\/a> est nouveau sur le march\u00e9 suisse depuis l&rsquo;ann\u00e9e 2022. Le poppers Berlin Ultra Strong 10ml est bas\u00e9 sur le pentyl nitrite original traditionnel. Ce poppers ultra puissant t&rsquo;apporte les possibilit\u00e9s chaudes et exub\u00e9rantes de la capitale gay, y compris le Berghain Berlin et Kitkat, et te permet, ainsi qu&rsquo;\u00e0 tes amis, de vivre tr\u00e8s intens\u00e9ment les vibrations de Berlin, m\u00eame chez toi. Entre-temps, le Berlin Ultra Strong Poppers est devenu un best-seller en Suisse.<\/p>\n<p>Avec le combo Berlin Kinky Sex Poppers, fais venir un peu de Berlin chez toi !<\/p>\n","protected":false},"featured_media":55071,"comment_status":"open","ping_status":"closed","template":"","meta":{"_acf_changed":false,"iawp_total_views":12,"_glsr_average":0,"_glsr_ranking":0,"_glsr_reviews":0},"product_brand":[],"product_cat":[1046,76,77,78],"product_tag":[803,865,233,234,235,236],"class_list":{"0":"post-51039","1":"product","2":"type-product","3":"status-publish","4":"has-post-thumbnail","6":"product_cat-poppers","7":"product_cat-paquets-economiques","8":"product_cat-grands-flacons","9":"product_cat-petits-flacons","10":"product_tag-animal-combo-4-flacons-fr","11":"product_tag-combo-de-berlin","12":"product_tag-eagle-10ml-fr","13":"product_tag-iron-horse-25ml-fr","14":"product_tag-pig-sweat-15ml-fr","15":"product_tag-wings-brown-10ml-fr","16":"pa_flaschenform-rond-petit","17":"pa_flaschenform-ovale","18":"pa_gewindegroesse-small","19":"pa_inhalt-combo","20":"pa_inhalt-25ml","21":"pa_inhalt-10ml","22":"pa_inhaltsstoffe-nitrite-de-pentyle","23":"pa_marke-berlin-poppers","24":"pa_staerke-91","26":"first","27":"instock","28":"sale","29":"taxable","30":"shipping-taxable","31":"purchasable","32":"product-type-simple"},"acf":[],"_links":{"self":[{"href":"https:\/\/poppers-online.ch\/fr\/wp-json\/wp\/v2\/product\/51039","targetHints":{"allow":["GET"]}}],"collection":[{"href":"https:\/\/poppers-online.ch\/fr\/wp-json\/wp\/v2\/product"}],"about":[{"href":"https:\/\/poppers-online.ch\/fr\/wp-json\/wp\/v2\/types\/product"}],"replies":[{"embeddable":true,"href":"https:\/\/poppers-online.ch\/fr\/wp-json\/wp\/v2\/comments?post=51039"}],"wp:featuredmedia":[{"embeddable":true,"href":"https:\/\/poppers-online.ch\/fr\/wp-json\/wp\/v2\/media\/55071"}],"wp:attachment":[{"href":"https:\/\/poppers-online.ch\/fr\/wp-json\/wp\/v2\/media?parent=51039"}],"wp:term":[{"taxonomy":"product_brand","embeddable":true,"href":"https:\/\/poppers-online.ch\/fr\/wp-json\/wp\/v2\/product_brand?post=51039"},{"taxonomy":"product_cat","embeddable":true,"href":"https:\/\/poppers-online.ch\/fr\/wp-json\/wp\/v2\/product_cat?post=51039"},{"taxonomy":"product_tag","embeddable":true,"href":"https:\/\/poppers-online.ch\/fr\/wp-json\/wp\/v2\/product_tag?post=51039"}],"curies":[{"name":"wp","href":"https:\/\/api.w.org\/{rel}","templated":true}]}}