{"id":50996,"date":"2023-03-19T11:29:35","date_gmt":"2023-03-19T10:29:35","guid":{"rendered":"https:\/\/poppers-online.ch\/?post_type=product&#038;p=50996"},"modified":"2024-10-16T00:20:41","modified_gmt":"2024-10-15T22:20:41","slug":"banger-station-xtrm-oval-poppers-bottle","status":"publish","type":"product","link":"https:\/\/poppers-online.ch\/fr\/produit\/banger-station-xtrm-oval-poppers-bottle\/","title":{"rendered":"Banger Station XTRM &#8211; Flacon ovale de poppers"},"content":{"rendered":"","protected":false},"excerpt":{"rendered":"<p>La Banger Station XTRM &#8211; Oval Poppers Bottle porte le confort de la consommation de poppers \u00e0 un niveau sup\u00e9rieur. Ce mod\u00e8le convient \u00e0 toutes les flacons ovales de Shelbora et Oxymoron. Avec cette invention innovante, tu \u00e9tonneras d\u00e9finitivement tes amis. Gr\u00e2ce \u00e0 la Banger Station, personne ne cherche la flacon de poppers apr\u00e8s que les choses se soient emball\u00e9es et que tu aies voulu tirer une nouvelle fois sur le poppers. Dans toutes les positions imaginables, toi et ton (tes) partenaire(s) avez acc\u00e8s au poppers gr\u00e2ce au tuyau d&rsquo;un m\u00e8tre de long, tandis que le biberon reste bien en place dans la station.<\/p>\n<p>Le double sniffer (12 cm) fix\u00e9 au tuyau est tr\u00e8s confortable dans la main. Le Banger Station XTRM &#8211; Oval Poppers Bottle dispose de picots sur sa face inf\u00e9rieure pour qu&rsquo;il soit antid\u00e9rapant. Si tu veux jouer la carte de la s\u00e9curit\u00e9, tu peux m\u00eame visser la station de mani\u00e8re fixe gr\u00e2ce aux trous de vis pr\u00e9vus \u00e0 cet effet.<\/p>\n<p>Voici comment commencer : tu ouvres le couvercle de la flacon de poppers et tu places la flacon dans la Banger Station XTRM &#8211; Large Square Poppers Bottle. Maintenant, tu visses l&#8217;embout de la flacon sur la flacon et tu ins\u00e8res le tuyau fourni sur l&#8217;embout. Pour finir, il te suffit de tourner la molette de l&#8217;embout et c&rsquo;est parti. Apr\u00e8s la session, tu devrais refermer la molette. Si tu n&rsquo;utilises pas la Banger Station pendant plus de 24 heures, nous te recommandons de retirer le flacon de poppers de la station et de le fermer avec le bouchon du fabricant.<br \/>\n<strong>Accessoire 1<\/strong>: tu peux acheter des inserts individuels rouges pour les trois autres formes de flacons de poppers, afin que toutes tes flacons de poppers s&rsquo;adaptent parfaitement \u00e0 la Banger Station.<\/p>\n<p><strong>Accessoire 2<\/strong>: tu peux monter un deuxi\u00e8me tuyau sur la Banger Station. Tu peux l&rsquo;acheter s\u00e9par\u00e9ment comme accessoire. Tant que le deuxi\u00e8me tuyau n&rsquo;est pas branch\u00e9 sur la station, le raccord reste \u00e9tanche gr\u00e2ce \u00e0 un capuchon d&rsquo;\u00e9tanch\u00e9it\u00e9.<\/p>\n<p><strong>Contenu de la livraison :<\/strong> Banger Station, insert rouge pour la taille de flacon choisie, embout de flacon avec deux raccords, capuchon d&rsquo;\u00e9tanch\u00e9it\u00e9 pour le deuxi\u00e8me raccord, tuyau (1 m) avec le double sniffer fix\u00e9.<\/p>\n<p>La Banger Station XTRM &#8211; Oval Poppers Bottle a, selon nous, sa place dans chaque chambre \u00e0 coucher, chaque salle de jeux et chaque cave \u00e0 f\u00e9tiches. Plus jamais de flacons de poppers qui fuient ou qui se renversent ! Le confort \u00e0 l&rsquo;\u00e9tat pur.<\/p>\n<p><strong>Tailles des flacons<\/strong><\/p>\n<ul>\n<li>Small Poppers : toutes les flacons rondes de 10ml<\/li>\n<li>Large Round Poppers : tous les flacons ronds de 30ml de Lockerroom<\/li>\n<li>Oval Poppers : tous les flacons ovales de Shelbora 24\/25\/30ml<\/li>\n<li>Large Square Poppers : tous les flacons carr\u00e9s de Lockerroom 25ml (Retro Line)<\/li>\n<\/ul>\n","protected":false},"featured_media":58806,"comment_status":"open","ping_status":"closed","template":"","meta":{"_acf_changed":false,"iawp_total_views":6,"_glsr_average":0,"_glsr_ranking":0,"_glsr_reviews":0},"product_brand":[],"product_cat":[149,1300],"product_tag":[457,461,453,441,437],"class_list":{"0":"post-50996","1":"product","2":"type-product","3":"status-publish","4":"has-post-thumbnail","6":"product_cat-accessoires-poppers","7":"product_cat-banger-stations","8":"product_tag-banger-station-xtrm-large-round-poppers-bottle-fr","9":"product_tag-banger-station-xtrm-large-square-poppers-bottle-fr","10":"product_tag-banger-station-xtrm-small-poppers-fr","11":"product_tag-poppers-booster-cap-xtrm-double-large-red-leak-proof-fr","12":"product_tag-poppers-booster-cap-xtrm-double-small-black-leak-proof-fr","13":"pa_banger-station-einsatzform-pour-flacons-ovales","15":"first","16":"instock","17":"taxable","18":"shipping-taxable","19":"purchasable","20":"product-type-simple"},"acf":[],"_links":{"self":[{"href":"https:\/\/poppers-online.ch\/fr\/wp-json\/wp\/v2\/product\/50996","targetHints":{"allow":["GET"]}}],"collection":[{"href":"https:\/\/poppers-online.ch\/fr\/wp-json\/wp\/v2\/product"}],"about":[{"href":"https:\/\/poppers-online.ch\/fr\/wp-json\/wp\/v2\/types\/product"}],"replies":[{"embeddable":true,"href":"https:\/\/poppers-online.ch\/fr\/wp-json\/wp\/v2\/comments?post=50996"}],"wp:featuredmedia":[{"embeddable":true,"href":"https:\/\/poppers-online.ch\/fr\/wp-json\/wp\/v2\/media\/58806"}],"wp:attachment":[{"href":"https:\/\/poppers-online.ch\/fr\/wp-json\/wp\/v2\/media?parent=50996"}],"wp:term":[{"taxonomy":"product_brand","embeddable":true,"href":"https:\/\/poppers-online.ch\/fr\/wp-json\/wp\/v2\/product_brand?post=50996"},{"taxonomy":"product_cat","embeddable":true,"href":"https:\/\/poppers-online.ch\/fr\/wp-json\/wp\/v2\/product_cat?post=50996"},{"taxonomy":"product_tag","embeddable":true,"href":"https:\/\/poppers-online.ch\/fr\/wp-json\/wp\/v2\/product_tag?post=50996"}],"curies":[{"name":"wp","href":"https:\/\/api.w.org\/{rel}","templated":true}]}}