{"id":46855,"date":"2023-01-28T13:23:47","date_gmt":"2023-01-28T12:23:48","guid":{"rendered":"https:\/\/poppers-online.ch\/?post_type=product&#038;p=46855"},"modified":"2024-10-16T00:20:43","modified_gmt":"2024-10-15T22:20:43","slug":"coton-tige-grand-20-pieces","status":"publish","type":"product","link":"https:\/\/poppers-online.ch\/fr\/produit\/coton-tige-grand-20-pieces\/","title":{"rendered":"B\u00e2tonnets d&rsquo;ouate grand 20 pi\u00e8ces"},"content":{"rendered":"","protected":false},"excerpt":{"rendered":"<p>Ces b\u00e2tonnets d&rsquo;ouate de rechange de grande taille (8x 50mm) conviennent \u00e0 tous les inhalateurs Single en plastique et pour la XTRM Biest et le XTRM Desk. Les b\u00e2tonnets d&rsquo;ouate blancs sont extra-absorbants, adapt\u00e9s pour aspirer le poppers directement de la flacon. Contenu 20 pi\u00e8ces. Si le b\u00e2tonnet d&rsquo;ouate est trop long pour ton inhalateur, tu peux le couper en deux \u00e0 l&rsquo;aide d&rsquo;un couteau.<\/p>\n","protected":false},"featured_media":46757,"comment_status":"open","ping_status":"closed","template":"","meta":{"_acf_changed":false,"iawp_total_views":17,"_glsr_average":0,"_glsr_ranking":0,"_glsr_reviews":0},"product_brand":[],"product_cat":[149,1310],"product_tag":[1350,1349,1112,1113],"class_list":{"0":"post-46855","1":"product","2":"type-product","3":"status-publish","4":"has-post-thumbnail","6":"product_cat-accessoires-poppers","7":"product_cat-inhalateurs","8":"product_tag-batonnets-douate-grand-20-pieces-fr","9":"product_tag-batonnets-douate-petit-30-pieces-fr","10":"product_tag-inhalateur-poppers-bleu-fr","11":"product_tag-inhalateur-poppers-rose","12":"pa_inhaler-produkttyp-batonnets-douate","14":"first","15":"instock","16":"taxable","17":"shipping-taxable","18":"purchasable","19":"product-type-simple"},"acf":[],"_links":{"self":[{"href":"https:\/\/poppers-online.ch\/fr\/wp-json\/wp\/v2\/product\/46855","targetHints":{"allow":["GET"]}}],"collection":[{"href":"https:\/\/poppers-online.ch\/fr\/wp-json\/wp\/v2\/product"}],"about":[{"href":"https:\/\/poppers-online.ch\/fr\/wp-json\/wp\/v2\/types\/product"}],"replies":[{"embeddable":true,"href":"https:\/\/poppers-online.ch\/fr\/wp-json\/wp\/v2\/comments?post=46855"}],"wp:featuredmedia":[{"embeddable":true,"href":"https:\/\/poppers-online.ch\/fr\/wp-json\/wp\/v2\/media\/46757"}],"wp:attachment":[{"href":"https:\/\/poppers-online.ch\/fr\/wp-json\/wp\/v2\/media?parent=46855"}],"wp:term":[{"taxonomy":"product_brand","embeddable":true,"href":"https:\/\/poppers-online.ch\/fr\/wp-json\/wp\/v2\/product_brand?post=46855"},{"taxonomy":"product_cat","embeddable":true,"href":"https:\/\/poppers-online.ch\/fr\/wp-json\/wp\/v2\/product_cat?post=46855"},{"taxonomy":"product_tag","embeddable":true,"href":"https:\/\/poppers-online.ch\/fr\/wp-json\/wp\/v2\/product_tag?post=46855"}],"curies":[{"name":"wp","href":"https:\/\/api.w.org\/{rel}","templated":true}]}}