{"id":46849,"date":"2023-01-28T13:12:08","date_gmt":"2023-01-28T12:12:08","guid":{"rendered":"https:\/\/poppers-online.ch\/?post_type=product&#038;p=46849"},"modified":"2024-10-16T00:20:44","modified_gmt":"2024-10-15T22:20:44","slug":"coton-tige-petit-30-pieces","status":"publish","type":"product","link":"https:\/\/poppers-online.ch\/fr\/produit\/coton-tige-petit-30-pieces\/","title":{"rendered":"B\u00e2tonnets d&rsquo;ouate petit 30 pi\u00e8ces"},"content":{"rendered":"","protected":false},"excerpt":{"rendered":"<p>Ces b\u00e2tonnets d&rsquo;ouate de rechange de petite taille (6x 20mm) conviennent \u00e0 tous les inhalateurs Double Inhaler. Les b\u00e2tonnets d&rsquo;ouate blancs sont extra-absorbants, adapt\u00e9s pour aspirer le poppers directement de la flacon. Contenu 30 pi\u00e8ces. Pour un Double Inhaler, tu as besoin de deux nouveaux b\u00e2tons de coton \u00e0 chaque fois.<\/p>\n","protected":false},"featured_media":46765,"comment_status":"open","ping_status":"closed","template":"","meta":{"_acf_changed":false,"iawp_total_views":11,"_glsr_average":0,"_glsr_ranking":0,"_glsr_reviews":0},"product_brand":[],"product_cat":[149,1310],"product_tag":[1349,1112,1113],"class_list":{"0":"post-46849","1":"product","2":"type-product","3":"status-publish","4":"has-post-thumbnail","6":"product_cat-accessoires-poppers","7":"product_cat-inhalateurs","8":"product_tag-batonnets-douate-petit-30-pieces-fr","9":"product_tag-inhalateur-poppers-bleu-fr","10":"product_tag-inhalateur-poppers-rose","11":"pa_inhaler-produkttyp-batonnets-douate","13":"first","14":"outofstock","15":"taxable","16":"shipping-taxable","17":"purchasable","18":"product-type-simple"},"acf":[],"_links":{"self":[{"href":"https:\/\/poppers-online.ch\/fr\/wp-json\/wp\/v2\/product\/46849","targetHints":{"allow":["GET"]}}],"collection":[{"href":"https:\/\/poppers-online.ch\/fr\/wp-json\/wp\/v2\/product"}],"about":[{"href":"https:\/\/poppers-online.ch\/fr\/wp-json\/wp\/v2\/types\/product"}],"replies":[{"embeddable":true,"href":"https:\/\/poppers-online.ch\/fr\/wp-json\/wp\/v2\/comments?post=46849"}],"wp:featuredmedia":[{"embeddable":true,"href":"https:\/\/poppers-online.ch\/fr\/wp-json\/wp\/v2\/media\/46765"}],"wp:attachment":[{"href":"https:\/\/poppers-online.ch\/fr\/wp-json\/wp\/v2\/media?parent=46849"}],"wp:term":[{"taxonomy":"product_brand","embeddable":true,"href":"https:\/\/poppers-online.ch\/fr\/wp-json\/wp\/v2\/product_brand?post=46849"},{"taxonomy":"product_cat","embeddable":true,"href":"https:\/\/poppers-online.ch\/fr\/wp-json\/wp\/v2\/product_cat?post=46849"},{"taxonomy":"product_tag","embeddable":true,"href":"https:\/\/poppers-online.ch\/fr\/wp-json\/wp\/v2\/product_tag?post=46849"}],"curies":[{"name":"wp","href":"https:\/\/api.w.org\/{rel}","templated":true}]}}