{"id":46829,"date":"2023-01-28T11:32:58","date_gmt":"2023-01-28T10:32:58","guid":{"rendered":"https:\/\/poppers-online.ch\/?post_type=product&#038;p=46829"},"modified":"2024-10-16T00:25:51","modified_gmt":"2024-10-15T22:25:51","slug":"poppers-inhalateur-pink","status":"publish","type":"product","link":"https:\/\/poppers-online.ch\/fr\/produit\/poppers-inhalateur-pink\/","title":{"rendered":"Inhalateur Poppers rose"},"content":{"rendered":"","protected":false},"excerpt":{"rendered":"<p>L&rsquo;inhalateur Poppers rose en plastique se glisse parfaitement dans ta poche, ce qui te permet d&rsquo;avoir toujours des Poppers sur toi, o\u00f9 que tu sois. Gr\u00e2ce \u00e0 sa pr\u00e9sentation discr\u00e8te, personne ne saura ce que tu transportes dans le r\u00e9servoir int\u00e9rieur de l&rsquo;inhalateur. Tu impr\u00e8gnes un b\u00e2ton de coton de poppers et tu le places dans le r\u00e9servoir int\u00e9rieur pour la pr\u00e9paration. Plus tard, tu tireras le poppers par les trous visibles sur le dessus de l&rsquo;inhalateur. Prot\u00e8ge contre les br\u00fblures du nez. Le produit est relativement bon march\u00e9 au cas o\u00f9 tu perdrais ton inhalateur lors d&rsquo;une f\u00eate ou chez des amis. Dimensions 9cm x 2cm.<\/p>\n","protected":false},"featured_media":46793,"comment_status":"open","ping_status":"closed","template":"","meta":{"_acf_changed":false,"iawp_total_views":5,"_glsr_average":0,"_glsr_ranking":0,"_glsr_reviews":0},"product_brand":[],"product_cat":[149,1310],"product_tag":[1112,1113],"class_list":{"0":"post-46829","1":"product","2":"type-product","3":"status-publish","4":"has-post-thumbnail","6":"product_cat-accessoires-poppers","7":"product_cat-inhalateurs","8":"product_tag-inhalateur-poppers-bleu-fr","9":"product_tag-inhalateur-poppers-rose","10":"pa_inhaler-produkttyp-single","12":"first","13":"instock","14":"taxable","15":"shipping-taxable","16":"purchasable","17":"product-type-simple"},"acf":[],"_links":{"self":[{"href":"https:\/\/poppers-online.ch\/fr\/wp-json\/wp\/v2\/product\/46829","targetHints":{"allow":["GET"]}}],"collection":[{"href":"https:\/\/poppers-online.ch\/fr\/wp-json\/wp\/v2\/product"}],"about":[{"href":"https:\/\/poppers-online.ch\/fr\/wp-json\/wp\/v2\/types\/product"}],"replies":[{"embeddable":true,"href":"https:\/\/poppers-online.ch\/fr\/wp-json\/wp\/v2\/comments?post=46829"}],"wp:featuredmedia":[{"embeddable":true,"href":"https:\/\/poppers-online.ch\/fr\/wp-json\/wp\/v2\/media\/46793"}],"wp:attachment":[{"href":"https:\/\/poppers-online.ch\/fr\/wp-json\/wp\/v2\/media?parent=46829"}],"wp:term":[{"taxonomy":"product_brand","embeddable":true,"href":"https:\/\/poppers-online.ch\/fr\/wp-json\/wp\/v2\/product_brand?post=46829"},{"taxonomy":"product_cat","embeddable":true,"href":"https:\/\/poppers-online.ch\/fr\/wp-json\/wp\/v2\/product_cat?post=46829"},{"taxonomy":"product_tag","embeddable":true,"href":"https:\/\/poppers-online.ch\/fr\/wp-json\/wp\/v2\/product_tag?post=46829"}],"curies":[{"name":"wp","href":"https:\/\/api.w.org\/{rel}","templated":true}]}}