{"id":46815,"date":"2023-01-28T09:39:26","date_gmt":"2023-01-28T08:39:26","guid":{"rendered":"https:\/\/poppers-online.ch\/?post_type=product&#038;p=46815"},"modified":"2024-10-16T00:25:53","modified_gmt":"2024-10-15T22:25:53","slug":"poppers-holder-en-cuir-pour-grande-flacon","status":"publish","type":"product","link":"https:\/\/poppers-online.ch\/fr\/produit\/poppers-holder-en-cuir-pour-grande-flacon\/","title":{"rendered":"Poppers Holder en cuir pour grandes flacons"},"content":{"rendered":"","protected":false},"excerpt":{"rendered":"<p>Le Poppers Holder en cuir pour grandes flacons peut \u00eatre fix\u00e9 tr\u00e8s facilement \u00e0 ton pantalon ou \u00e0 ton harnais. Ainsi, tu as toujours ta flacon de poppers \u00e0 port\u00e9e de main. Le Poppers Holder utile est en cuir de haute qualit\u00e9 et tr\u00e8s stable. Ce mod\u00e8le convient \u00e0 tous les flacons de 24\/25 ml. Bien s\u00fbr, le Poppers Holder en cuir de haute qualit\u00e9 existe aussi pour les <a href=\"https:\/\/poppers-online.ch\/produkt\/poppers-holder-aus-leder-fuer-kleine-flaschen\/\">petites flacons.<\/a><\/p>\n<p>Pour plus d&rsquo;informations sur les accessoires de poppers pratiques et excitants qui font passer ton exp\u00e9rience de poppers \u00e0 un autre niveau, consulte notre dernier <a href=\"https:\/\/poppers-online.ch\/blog\/poppers-zubehoer\/\">article de blog<\/a>.<\/p>\n","protected":false},"featured_media":46773,"comment_status":"open","ping_status":"closed","template":"","meta":{"_acf_changed":false,"iawp_total_views":4,"_glsr_average":0,"_glsr_ranking":0,"_glsr_reviews":0},"product_brand":[],"product_cat":[149,1305],"product_tag":[856,855],"class_list":{"0":"post-46815","1":"product","2":"type-product","3":"status-publish","4":"has-post-thumbnail","6":"product_cat-accessoires-poppers","7":"product_cat-holders","8":"product_tag-poppers-holder-en-cuir-pour-grandes-flacons-fr","9":"product_tag-porte-poppers-en-cuir-pour-petites-flacons","10":"pa_holder-groesse-pour-les-grands-flacons","12":"first","13":"instock","14":"taxable","15":"shipping-taxable","16":"purchasable","17":"product-type-simple"},"acf":[],"_links":{"self":[{"href":"https:\/\/poppers-online.ch\/fr\/wp-json\/wp\/v2\/product\/46815","targetHints":{"allow":["GET"]}}],"collection":[{"href":"https:\/\/poppers-online.ch\/fr\/wp-json\/wp\/v2\/product"}],"about":[{"href":"https:\/\/poppers-online.ch\/fr\/wp-json\/wp\/v2\/types\/product"}],"replies":[{"embeddable":true,"href":"https:\/\/poppers-online.ch\/fr\/wp-json\/wp\/v2\/comments?post=46815"}],"wp:featuredmedia":[{"embeddable":true,"href":"https:\/\/poppers-online.ch\/fr\/wp-json\/wp\/v2\/media\/46773"}],"wp:attachment":[{"href":"https:\/\/poppers-online.ch\/fr\/wp-json\/wp\/v2\/media?parent=46815"}],"wp:term":[{"taxonomy":"product_brand","embeddable":true,"href":"https:\/\/poppers-online.ch\/fr\/wp-json\/wp\/v2\/product_brand?post=46815"},{"taxonomy":"product_cat","embeddable":true,"href":"https:\/\/poppers-online.ch\/fr\/wp-json\/wp\/v2\/product_cat?post=46815"},{"taxonomy":"product_tag","embeddable":true,"href":"https:\/\/poppers-online.ch\/fr\/wp-json\/wp\/v2\/product_tag?post=46815"}],"curies":[{"name":"wp","href":"https:\/\/api.w.org\/{rel}","templated":true}]}}