{"id":46811,"date":"2023-01-28T09:22:19","date_gmt":"2023-01-28T08:22:19","guid":{"rendered":"https:\/\/poppers-online.ch\/?post_type=product&#038;p=46811"},"modified":"2024-10-16T00:25:54","modified_gmt":"2024-10-15T22:25:54","slug":"poppers-holder-en-cuir-pour-petites-flacons","status":"publish","type":"product","link":"https:\/\/poppers-online.ch\/fr\/produit\/poppers-holder-en-cuir-pour-petites-flacons\/","title":{"rendered":"Porte-poppers en cuir pour petites flacons"},"content":{"rendered":"","protected":false},"excerpt":{"rendered":"<p>Le Poppers Holder en cuir pour petites flacons se fixe tr\u00e8s facilement \u00e0 ton pantalon ou \u00e0 ton harnais. Ainsi, tu as toujours ta flacon de poppers \u00e0 port\u00e9e de main. Le Poppers Holder utile est tr\u00e8s stable. Ce mod\u00e8le convient \u00e0 tous les flacons de 10 ml.<\/p>\n","protected":false},"featured_media":46781,"comment_status":"open","ping_status":"closed","template":"","meta":{"_acf_changed":false,"iawp_total_views":2,"_glsr_average":0,"_glsr_ranking":0,"_glsr_reviews":0},"product_brand":[],"product_cat":[149,1305],"product_tag":[855],"class_list":{"0":"post-46811","1":"product","2":"type-product","3":"status-publish","4":"has-post-thumbnail","6":"product_cat-accessoires-poppers","7":"product_cat-holders","8":"product_tag-porte-poppers-en-cuir-pour-petites-flacons","9":"pa_holder-groesse-pour-les-petits-flacons","11":"first","12":"instock","13":"taxable","14":"shipping-taxable","15":"purchasable","16":"product-type-simple"},"acf":[],"_links":{"self":[{"href":"https:\/\/poppers-online.ch\/fr\/wp-json\/wp\/v2\/product\/46811","targetHints":{"allow":["GET"]}}],"collection":[{"href":"https:\/\/poppers-online.ch\/fr\/wp-json\/wp\/v2\/product"}],"about":[{"href":"https:\/\/poppers-online.ch\/fr\/wp-json\/wp\/v2\/types\/product"}],"replies":[{"embeddable":true,"href":"https:\/\/poppers-online.ch\/fr\/wp-json\/wp\/v2\/comments?post=46811"}],"wp:featuredmedia":[{"embeddable":true,"href":"https:\/\/poppers-online.ch\/fr\/wp-json\/wp\/v2\/media\/46781"}],"wp:attachment":[{"href":"https:\/\/poppers-online.ch\/fr\/wp-json\/wp\/v2\/media?parent=46811"}],"wp:term":[{"taxonomy":"product_brand","embeddable":true,"href":"https:\/\/poppers-online.ch\/fr\/wp-json\/wp\/v2\/product_brand?post=46811"},{"taxonomy":"product_cat","embeddable":true,"href":"https:\/\/poppers-online.ch\/fr\/wp-json\/wp\/v2\/product_cat?post=46811"},{"taxonomy":"product_tag","embeddable":true,"href":"https:\/\/poppers-online.ch\/fr\/wp-json\/wp\/v2\/product_tag?post=46811"}],"curies":[{"name":"wp","href":"https:\/\/api.w.org\/{rel}","templated":true}]}}