{"id":45985,"date":"2023-01-19T22:59:09","date_gmt":"2023-01-19T21:59:09","guid":{"rendered":"https:\/\/poppers-online.ch\/?post_type=product&#038;p=45985"},"modified":"2025-10-23T12:34:23","modified_gmt":"2025-10-23T10:34:23","slug":"night-day-power-combo-4x10ml","status":"publish","type":"product","link":"https:\/\/poppers-online.ch\/fr\/produit\/night-day-power-combo-4x10ml\/","title":{"rendered":"Night &amp; Day Power Combo 4x10ml"},"content":{"rendered":"","protected":false},"excerpt":{"rendered":"<p>Night &amp; Day Power Combo 4x10ml paquet avec Mega Rush 10ml, Rush Extra Strong 10ml, Rave Extra Strong 10ml et Jungle Juice Black Extra 10ml. Ces quatre produits Poppers sont souvent achet\u00e9s ensemble, c&rsquo;est pourquoi nous t&rsquo;avons concoct\u00e9 ce paquet de Poppers avec les classiques. Profite du Power Combo pour la journ\u00e9e et toute la nuit.<\/p>\n","protected":false},"featured_media":45981,"comment_status":"open","ping_status":"closed","template":"","meta":{"_acf_changed":false,"iawp_total_views":28,"_glsr_average":0,"_glsr_ranking":0,"_glsr_reviews":0},"product_brand":[],"product_cat":[1046,76,78],"product_tag":[465],"class_list":{"0":"post-45985","1":"product","2":"type-product","3":"status-publish","4":"has-post-thumbnail","6":"product_cat-poppers","7":"product_cat-paquets-economiques","8":"product_cat-petits-flacons","9":"product_tag-night-day-power-combo-4x10ml-fr","10":"pa_flaschenform-rond-petit","11":"pa_gewindegroesse-small","12":"pa_inhalt-combo","13":"pa_inhalt-10ml","14":"pa_inhaltsstoffe-nitrite-de-pentyle","15":"pa_staerke-90","17":"first","18":"instock","19":"sale","20":"taxable","21":"shipping-taxable","22":"purchasable","23":"product-type-simple"},"acf":[],"_links":{"self":[{"href":"https:\/\/poppers-online.ch\/fr\/wp-json\/wp\/v2\/product\/45985","targetHints":{"allow":["GET"]}}],"collection":[{"href":"https:\/\/poppers-online.ch\/fr\/wp-json\/wp\/v2\/product"}],"about":[{"href":"https:\/\/poppers-online.ch\/fr\/wp-json\/wp\/v2\/types\/product"}],"replies":[{"embeddable":true,"href":"https:\/\/poppers-online.ch\/fr\/wp-json\/wp\/v2\/comments?post=45985"}],"wp:featuredmedia":[{"embeddable":true,"href":"https:\/\/poppers-online.ch\/fr\/wp-json\/wp\/v2\/media\/45981"}],"wp:attachment":[{"href":"https:\/\/poppers-online.ch\/fr\/wp-json\/wp\/v2\/media?parent=45985"}],"wp:term":[{"taxonomy":"product_brand","embeddable":true,"href":"https:\/\/poppers-online.ch\/fr\/wp-json\/wp\/v2\/product_brand?post=45985"},{"taxonomy":"product_cat","embeddable":true,"href":"https:\/\/poppers-online.ch\/fr\/wp-json\/wp\/v2\/product_cat?post=45985"},{"taxonomy":"product_tag","embeddable":true,"href":"https:\/\/poppers-online.ch\/fr\/wp-json\/wp\/v2\/product_tag?post=45985"}],"curies":[{"name":"wp","href":"https:\/\/api.w.org\/{rel}","templated":true}]}}