{"id":45485,"date":"2023-01-15T13:22:52","date_gmt":"2023-01-15T12:22:52","guid":{"rendered":"https:\/\/poppers-online.ch\/?post_type=product&#038;p=45485"},"modified":"2025-07-23T02:06:08","modified_gmt":"2025-07-23T00:06:08","slug":"douche-anale-xtrm-o-clean-noir-avec-jet-lateral","status":"publish","type":"product","link":"https:\/\/poppers-online.ch\/fr\/produit\/douche-anale-xtrm-o-clean-noir-avec-jet-lateral\/","title":{"rendered":"Douche anale XTRM O-Clean noire avec jet d&rsquo;eau lat\u00e9ral"},"content":{"rendered":"","protected":false},"excerpt":{"rendered":"<p>La <strong>douche anale XTRM O-Clean noire avec jet d&rsquo;eau lat\u00e9ral<\/strong> r\u00e9sout un probl\u00e8me bien connu de la toilette anale. Vous n&rsquo;avez plus \u00e0 craindre que le jet d&rsquo;eau dure de votre douche anale ne s&rsquo;engouffre dans vos intestins. La douche anale O-Clean de XTRM est donc dot\u00e9e de plusieurs trous lat\u00e9raux. Ceux-ci assurent un jet d&rsquo;eau lat\u00e9ral intense. Ainsi, le jet d&rsquo;eau est divis\u00e9 de telle sorte qu&rsquo;il ne s&rsquo;\u00e9coule lat\u00e9ralement que jusqu&rsquo;au rectum, ce qui rend le rin\u00e7age anal beaucoup plus agr\u00e9able pour toi. En outre, l&rsquo;int\u00e9rieur de la douche est con\u00e7u comme une cuvette. Cela rend l&rsquo;irrigation anale plus facile, plus rapide et plus efficace.<\/p>\n<p>Tu peux visser la douche anale XTRM O-Clean noire avec jet d&rsquo;eau lat\u00e9ral sur n&rsquo;importe quel tuyau de douche du commerce (filetage standard de \u00bd pouce). Veille \u00e0 ce que la temp\u00e9rature de l&rsquo;eau pour le rin\u00e7age anal ne soit pas trop chaude. La longueur d&rsquo;introduction de la douche anale O-Clean est de 16,5 cm et son diam\u00e8tre de 2,5 cm. Faites-vous votre propre opinion et soyez aussi enthousiaste que les plus de 200 testeurs qui ont \u00e9valu\u00e9 ce produit comme \u00e9tant tr\u00e8s bon en 2022.<\/p>\n","protected":false},"featured_media":45837,"comment_status":"open","ping_status":"closed","template":"","meta":{"_acf_changed":false,"iawp_total_views":3,"_glsr_average":0,"_glsr_ranking":0,"_glsr_reviews":0},"product_brand":[],"product_cat":[2064,166],"product_tag":[848,847],"class_list":{"0":"post-45485","1":"product","2":"type-product","3":"status-publish","4":"has-post-thumbnail","6":"product_cat-douche-anale","7":"product_cat-droguerie","8":"product_tag-douche-anale-xtrm-o-clean-noire-avec-jet-deau-lateral-fr","9":"product_tag-douche-anale-xtrm-o-clean-rouge-avec-jet-deau-lateral-fr","11":"first","12":"instock","13":"taxable","14":"shipping-taxable","15":"purchasable","16":"product-type-simple"},"acf":[],"_links":{"self":[{"href":"https:\/\/poppers-online.ch\/fr\/wp-json\/wp\/v2\/product\/45485","targetHints":{"allow":["GET"]}}],"collection":[{"href":"https:\/\/poppers-online.ch\/fr\/wp-json\/wp\/v2\/product"}],"about":[{"href":"https:\/\/poppers-online.ch\/fr\/wp-json\/wp\/v2\/types\/product"}],"replies":[{"embeddable":true,"href":"https:\/\/poppers-online.ch\/fr\/wp-json\/wp\/v2\/comments?post=45485"}],"wp:featuredmedia":[{"embeddable":true,"href":"https:\/\/poppers-online.ch\/fr\/wp-json\/wp\/v2\/media\/45837"}],"wp:attachment":[{"href":"https:\/\/poppers-online.ch\/fr\/wp-json\/wp\/v2\/media?parent=45485"}],"wp:term":[{"taxonomy":"product_brand","embeddable":true,"href":"https:\/\/poppers-online.ch\/fr\/wp-json\/wp\/v2\/product_brand?post=45485"},{"taxonomy":"product_cat","embeddable":true,"href":"https:\/\/poppers-online.ch\/fr\/wp-json\/wp\/v2\/product_cat?post=45485"},{"taxonomy":"product_tag","embeddable":true,"href":"https:\/\/poppers-online.ch\/fr\/wp-json\/wp\/v2\/product_tag?post=45485"}],"curies":[{"name":"wp","href":"https:\/\/api.w.org\/{rel}","templated":true}]}}