{"id":40840,"date":"2022-11-24T16:08:07","date_gmt":"2022-11-24T15:08:07","guid":{"rendered":"https:\/\/poppers-online.ch\/?post_type=product&#038;p=40840"},"modified":"2026-02-03T02:05:37","modified_gmt":"2026-02-03T01:05:37","slug":"429-azz-poppers-10ml","status":"publish","type":"product","link":"https:\/\/poppers-online.ch\/fr\/produit\/429-azz-poppers-10ml\/","title":{"rendered":"429 AZZ Poppers 10ml"},"content":{"rendered":"<p>Le 429 AZZ Poppers 10ml est bas\u00e9 sur le pentylnitrite original. Le nom 429 AZZ est tr\u00e8s myst\u00e9rieux. La premi\u00e8re partie de ce nom de Poppers 429 signifie GAY ou gay. C&rsquo;est aussi nouveau pour toi que 429 signifie GAY ? Ensuite, pour v\u00e9rifier, prends ton t\u00e9l\u00e9phone portable et va sur le clavier du t\u00e9l\u00e9phone, l\u00e0 o\u00f9 on trouve des lettres. Le G se trouve sur le chiffre 4, le A sur le 2 et le Y sur le chiffre 9. La deuxi\u00e8me partie du nom de Poppers, AZZ, signifie as ou cul. 429 AZZ est probablement le nom de poppers le plus dr\u00f4le que nous connaissions. Le bouche \u00e0 oreille est autoris\u00e9.<\/p>\n","protected":false},"excerpt":{"rendered":"<p>Le 429 AZZ Poppers 10ml est bas\u00e9 sur le pentylnitrite original. Le nom 429 AZZ est tr\u00e8s myst\u00e9rieux. La premi\u00e8re partie de ce nom de Poppers 429 signifie GAY ou gay. C&rsquo;est aussi nouveau pour toi que 429 signifie GAY ? Ensuite, pour v\u00e9rifier, prends ton t\u00e9l\u00e9phone portable et va sur le clavier du t\u00e9l\u00e9phone, l\u00e0 o\u00f9 on trouve des lettres. Le G se trouve sur le chiffre 4, le A sur le 2 et le Y sur le chiffre 9. La deuxi\u00e8me partie du nom de Poppers, AZZ, signifie as ou cul. 429 AZZ est probablement le nom de poppers le plus dr\u00f4le que nous connaissions. Le bouche \u00e0 oreille est autoris\u00e9.<\/p>\n","protected":false},"featured_media":43128,"comment_status":"open","ping_status":"closed","template":"","meta":{"_acf_changed":false,"iawp_total_views":5,"_glsr_average":0,"_glsr_ranking":0,"_glsr_reviews":0},"product_brand":[],"product_cat":[78],"product_tag":[429],"class_list":{"0":"post-40840","1":"product","2":"type-product","3":"status-publish","4":"has-post-thumbnail","6":"product_cat-petits-flacons","7":"product_tag-429-azz-poppers-10ml-fr","8":"pa_flaschenform-rond-petit","9":"pa_gewindegroesse-small","10":"pa_inhalt-10ml","11":"pa_inhaltsstoffe-nitrite-de-pentyle","12":"pa_staerke-88","14":"first","15":"outofstock","16":"taxable","17":"shipping-taxable","18":"purchasable","19":"product-type-simple"},"acf":[],"_links":{"self":[{"href":"https:\/\/poppers-online.ch\/fr\/wp-json\/wp\/v2\/product\/40840","targetHints":{"allow":["GET"]}}],"collection":[{"href":"https:\/\/poppers-online.ch\/fr\/wp-json\/wp\/v2\/product"}],"about":[{"href":"https:\/\/poppers-online.ch\/fr\/wp-json\/wp\/v2\/types\/product"}],"replies":[{"embeddable":true,"href":"https:\/\/poppers-online.ch\/fr\/wp-json\/wp\/v2\/comments?post=40840"}],"wp:featuredmedia":[{"embeddable":true,"href":"https:\/\/poppers-online.ch\/fr\/wp-json\/wp\/v2\/media\/43128"}],"wp:attachment":[{"href":"https:\/\/poppers-online.ch\/fr\/wp-json\/wp\/v2\/media?parent=40840"}],"wp:term":[{"taxonomy":"product_brand","embeddable":true,"href":"https:\/\/poppers-online.ch\/fr\/wp-json\/wp\/v2\/product_brand?post=40840"},{"taxonomy":"product_cat","embeddable":true,"href":"https:\/\/poppers-online.ch\/fr\/wp-json\/wp\/v2\/product_cat?post=40840"},{"taxonomy":"product_tag","embeddable":true,"href":"https:\/\/poppers-online.ch\/fr\/wp-json\/wp\/v2\/product_tag?post=40840"}],"curies":[{"name":"wp","href":"https:\/\/api.w.org\/{rel}","templated":true}]}}