{"id":40832,"date":"2022-11-24T16:06:19","date_gmt":"2022-11-24T15:06:19","guid":{"rendered":"https:\/\/poppers-online.ch\/?post_type=product&#038;p=40832"},"modified":"2024-10-16T00:26:08","modified_gmt":"2024-10-15T22:26:08","slug":"brain-fuck-poppers-10ml","status":"publish","type":"product","link":"https:\/\/poppers-online.ch\/fr\/produit\/brain-fuck-poppers-10ml\/","title":{"rendered":"BRAIN FUCK Poppers 10ml"},"content":{"rendered":"<p>Le BRAIN FUCK Poppers 10ml est bas\u00e9 sur le pentylnitrite original. On l&rsquo;appelle aussi Brainf*ck ou Brainf*** ou tout simplement BF. Le nom dit d\u00e9j\u00e0 tout et nous te le garantissons : le nom tient ses promesses. Nous vendons ce poppers dans la version Extra Strong. Malgr\u00e9 le nom tr\u00e8s excitant et l&rsquo;effet extra fort, merci de prendre connaissance de nos conseils sur les dangers pour la sant\u00e9 de ce poppers.<\/p>\n","protected":false},"excerpt":{"rendered":"<p>Le BRAIN FUCK Poppers 10ml est bas\u00e9 sur le pentylnitrite original. On l&rsquo;appelle aussi Brainf*ck ou Brainf*** ou tout simplement BF. Le nom dit d\u00e9j\u00e0 tout et nous te le garantissons : le nom tient ses promesses. Nous vendons ce poppers dans la version Extra Strong. Malgr\u00e9 le nom tr\u00e8s excitant et l&rsquo;effet extra fort, merci de prendre connaissance de nos conseils sur les dangers pour la sant\u00e9 de ce poppers.<\/p>\n","protected":false},"featured_media":43120,"comment_status":"open","ping_status":"closed","template":"","meta":{"_acf_changed":false,"iawp_total_views":17,"_glsr_average":0,"_glsr_ranking":0,"_glsr_reviews":0},"product_brand":[],"product_cat":[78],"product_tag":[417],"class_list":{"0":"post-40832","1":"product","2":"type-product","3":"status-publish","4":"has-post-thumbnail","6":"product_cat-petits-flacons","7":"product_tag-brain-fuck-poppers-10ml-fr","8":"pa_flaschenform-rond-petit","9":"pa_gewindegroesse-small","10":"pa_inhalt-10ml","11":"pa_inhaltsstoffe-nitrite-de-pentyle","12":"pa_staerke-89","14":"first","15":"instock","16":"taxable","17":"shipping-taxable","18":"purchasable","19":"product-type-simple"},"acf":[],"_links":{"self":[{"href":"https:\/\/poppers-online.ch\/fr\/wp-json\/wp\/v2\/product\/40832","targetHints":{"allow":["GET"]}}],"collection":[{"href":"https:\/\/poppers-online.ch\/fr\/wp-json\/wp\/v2\/product"}],"about":[{"href":"https:\/\/poppers-online.ch\/fr\/wp-json\/wp\/v2\/types\/product"}],"replies":[{"embeddable":true,"href":"https:\/\/poppers-online.ch\/fr\/wp-json\/wp\/v2\/comments?post=40832"}],"wp:featuredmedia":[{"embeddable":true,"href":"https:\/\/poppers-online.ch\/fr\/wp-json\/wp\/v2\/media\/43120"}],"wp:attachment":[{"href":"https:\/\/poppers-online.ch\/fr\/wp-json\/wp\/v2\/media?parent=40832"}],"wp:term":[{"taxonomy":"product_brand","embeddable":true,"href":"https:\/\/poppers-online.ch\/fr\/wp-json\/wp\/v2\/product_brand?post=40832"},{"taxonomy":"product_cat","embeddable":true,"href":"https:\/\/poppers-online.ch\/fr\/wp-json\/wp\/v2\/product_cat?post=40832"},{"taxonomy":"product_tag","embeddable":true,"href":"https:\/\/poppers-online.ch\/fr\/wp-json\/wp\/v2\/product_tag?post=40832"}],"curies":[{"name":"wp","href":"https:\/\/api.w.org\/{rel}","templated":true}]}}