{"id":40824,"date":"2022-11-24T16:03:41","date_gmt":"2022-11-24T15:03:42","guid":{"rendered":"https:\/\/poppers-online.ch\/?post_type=product&#038;p=40824"},"modified":"2024-10-16T00:26:10","modified_gmt":"2024-10-15T22:26:10","slug":"bare-code-poppers-10ml","status":"publish","type":"product","link":"https:\/\/poppers-online.ch\/fr\/produit\/bare-code-poppers-10ml\/","title":{"rendered":"BARE Code Poppers 10ml"},"content":{"rendered":"<p>Le BARE CODE Poppers 10ml est bas\u00e9 sur le pentylnitrite original. Ce poppers n&rsquo;a rien \u00e0 voir avec ton scanner de code-barres et n&rsquo;a rien \u00e0 voir non plus avec le label f\u00e9tiche Barcode de Berlin. BARE CODE est tout simplement synonyme de sexe sans pr\u00e9servatif et c&rsquo;est l\u00e0 que nous voulons en dire plus. Tu ne devrais pratiquer le sexe sans pr\u00e9servatif ou la p\u00e9n\u00e9tration anale non prot\u00e9g\u00e9e que si tu es s\u00fbr(e) que ton partenaire sexuel est 100% sain(e). Les m\u00e9dicaments PrEP te prot\u00e8gent uniquement contre une infection par le VIH et non contre d&rsquo;autres maladies sexuellement transmissibles. Tu trouveras plus d&rsquo;informations sur DrGay.ch. BARE CODE Poppers est l\u00e0 pour te rappeler les r\u00e8gles du safer sex et nous te souhaitons beaucoup de plaisir. D&rsquo;ailleurs, nous vendons aussi des pr\u00e9servatifs dans notre boutique.<\/p>\n","protected":false},"excerpt":{"rendered":"<p>Le BARE CODE Poppers 10ml est bas\u00e9 sur le pentylnitrite original. Ce poppers n&rsquo;a rien \u00e0 voir avec ton scanner de code-barres et n&rsquo;a rien \u00e0 voir non plus avec le label f\u00e9tiche Barcode de Berlin. BARE CODE est tout simplement synonyme de sexe sans pr\u00e9servatif et c&rsquo;est l\u00e0 que nous voulons en dire plus. Tu ne devrais pratiquer le sexe sans pr\u00e9servatif ou la p\u00e9n\u00e9tration anale non prot\u00e9g\u00e9e que si tu es s\u00fbr(e) que ton partenaire sexuel est 100% sain(e). Les m\u00e9dicaments PrEP te prot\u00e8gent uniquement contre une infection par le VIH et non contre d&rsquo;autres maladies sexuellement transmissibles. Tu trouveras plus d&rsquo;informations sur DrGay.ch. BARE CODE Poppers est l\u00e0 pour te rappeler les r\u00e8gles du safer sex et nous te souhaitons beaucoup de plaisir. D&rsquo;ailleurs, nous vendons aussi des pr\u00e9servatifs dans notre boutique.<\/p>\n","protected":false},"featured_media":43116,"comment_status":"open","ping_status":"closed","template":"","meta":{"_acf_changed":false,"iawp_total_views":13,"_glsr_average":0,"_glsr_ranking":0,"_glsr_reviews":0},"product_brand":[],"product_cat":[78],"product_tag":[413],"class_list":{"0":"post-40824","1":"product","2":"type-product","3":"status-publish","4":"has-post-thumbnail","6":"product_cat-petits-flacons","7":"product_tag-bare-code-poppers-10ml-fr","8":"pa_flaschenform-rond-petit","9":"pa_gewindegroesse-small","10":"pa_inhalt-10ml","11":"pa_inhaltsstoffe-nitrite-de-pentyle","12":"pa_staerke-88","14":"first","15":"instock","16":"taxable","17":"shipping-taxable","18":"purchasable","19":"product-type-simple"},"acf":[],"_links":{"self":[{"href":"https:\/\/poppers-online.ch\/fr\/wp-json\/wp\/v2\/product\/40824","targetHints":{"allow":["GET"]}}],"collection":[{"href":"https:\/\/poppers-online.ch\/fr\/wp-json\/wp\/v2\/product"}],"about":[{"href":"https:\/\/poppers-online.ch\/fr\/wp-json\/wp\/v2\/types\/product"}],"replies":[{"embeddable":true,"href":"https:\/\/poppers-online.ch\/fr\/wp-json\/wp\/v2\/comments?post=40824"}],"wp:featuredmedia":[{"embeddable":true,"href":"https:\/\/poppers-online.ch\/fr\/wp-json\/wp\/v2\/media\/43116"}],"wp:attachment":[{"href":"https:\/\/poppers-online.ch\/fr\/wp-json\/wp\/v2\/media?parent=40824"}],"wp:term":[{"taxonomy":"product_brand","embeddable":true,"href":"https:\/\/poppers-online.ch\/fr\/wp-json\/wp\/v2\/product_brand?post=40824"},{"taxonomy":"product_cat","embeddable":true,"href":"https:\/\/poppers-online.ch\/fr\/wp-json\/wp\/v2\/product_cat?post=40824"},{"taxonomy":"product_tag","embeddable":true,"href":"https:\/\/poppers-online.ch\/fr\/wp-json\/wp\/v2\/product_tag?post=40824"}],"curies":[{"name":"wp","href":"https:\/\/api.w.org\/{rel}","templated":true}]}}