{"id":40806,"date":"2022-11-24T15:57:48","date_gmt":"2022-11-24T14:57:48","guid":{"rendered":"https:\/\/poppers-online.ch\/?post_type=product&#038;p=40806"},"modified":"2024-10-16T00:30:29","modified_gmt":"2024-10-15T22:30:29","slug":"skuft-x-treme-formula-poppers-10ml","status":"publish","type":"product","link":"https:\/\/poppers-online.ch\/fr\/produit\/skuft-x-treme-formula-poppers-10ml\/","title":{"rendered":"SKUft X-Treme Formula Poppers 10ml"},"content":{"rendered":"<p>Le poppers SKUfT 10ml est bas\u00e9 sur le pentylnitrite original. Ce poppers est un must-have pour tous les voyous, les durs \u00e0 cuire et les m\u00e9chants ou ceux qui souhaitent le devenir. M\u00eame si tu aimes les bottes de saut et les bateaux militaires, cette X-TREME Formula te convient parfaitement.<\/p>\n","protected":false},"excerpt":{"rendered":"<p>Le poppers SKUft X-Treme Formula 10ml est bas\u00e9 sur le pentylnitrite original. Ce poppers est un must-have pour tous les vauriens, les durs \u00e0 cuire et les m\u00e9chants ou ceux qui aimeraient le devenir. M\u00eame si tu aimes les bottes de springers et les bottes militaires, cette X-TREME Formula te conviendra parfaitement.<\/p>\n","protected":false},"featured_media":43072,"comment_status":"open","ping_status":"closed","template":"","meta":{"_acf_changed":false,"iawp_total_views":6,"_glsr_average":0,"_glsr_ranking":0,"_glsr_reviews":0},"product_brand":[],"product_cat":[78],"product_tag":[394],"class_list":{"0":"post-40806","1":"product","2":"type-product","3":"status-publish","4":"has-post-thumbnail","6":"product_cat-petits-flacons","7":"product_tag-skuft-x-treme-formula-poppers-10ml-fr","8":"pa_flaschenform-rond-petit","9":"pa_gewindegroesse-small","10":"pa_inhalt-10ml","11":"pa_inhaltsstoffe-nitrite-de-pentyle","12":"pa_staerke-91","14":"first","15":"instock","16":"taxable","17":"shipping-taxable","18":"purchasable","19":"product-type-simple"},"acf":[],"_links":{"self":[{"href":"https:\/\/poppers-online.ch\/fr\/wp-json\/wp\/v2\/product\/40806","targetHints":{"allow":["GET"]}}],"collection":[{"href":"https:\/\/poppers-online.ch\/fr\/wp-json\/wp\/v2\/product"}],"about":[{"href":"https:\/\/poppers-online.ch\/fr\/wp-json\/wp\/v2\/types\/product"}],"replies":[{"embeddable":true,"href":"https:\/\/poppers-online.ch\/fr\/wp-json\/wp\/v2\/comments?post=40806"}],"wp:featuredmedia":[{"embeddable":true,"href":"https:\/\/poppers-online.ch\/fr\/wp-json\/wp\/v2\/media\/43072"}],"wp:attachment":[{"href":"https:\/\/poppers-online.ch\/fr\/wp-json\/wp\/v2\/media?parent=40806"}],"wp:term":[{"taxonomy":"product_brand","embeddable":true,"href":"https:\/\/poppers-online.ch\/fr\/wp-json\/wp\/v2\/product_brand?post=40806"},{"taxonomy":"product_cat","embeddable":true,"href":"https:\/\/poppers-online.ch\/fr\/wp-json\/wp\/v2\/product_cat?post=40806"},{"taxonomy":"product_tag","embeddable":true,"href":"https:\/\/poppers-online.ch\/fr\/wp-json\/wp\/v2\/product_tag?post=40806"}],"curies":[{"name":"wp","href":"https:\/\/api.w.org\/{rel}","templated":true}]}}