{"id":40802,"date":"2022-11-24T15:53:58","date_gmt":"2022-11-24T14:53:59","guid":{"rendered":"https:\/\/poppers-online.ch\/?post_type=product&#038;p=40802"},"modified":"2025-10-23T12:34:48","modified_gmt":"2025-10-23T10:34:48","slug":"skuft-x-treme-formula-poppers-30ml","status":"publish","type":"product","link":"https:\/\/poppers-online.ch\/fr\/produit\/skuft-x-treme-formula-poppers-30ml\/","title":{"rendered":"SKUft X-Treme Formula Poppers 30ml"},"content":{"rendered":"<p>Le poppers SKUfT 30ml est bas\u00e9 sur le pentylnitrite original. Ce poppers est un must-have pour tous les voyous, les durs \u00e0 cuire et les m\u00e9chants ou ceux qui souhaitent le devenir. M\u00eame si tu aimes les bottes de saut et les bottes militaires, cette X-TREME Formula te convient parfaitement.<\/p>\n","protected":false},"excerpt":{"rendered":"<p>Le poppers SKUft X-Treme Formula 30ml est bas\u00e9 sur le pentylnitrite original. Ce poppers est un must-have pour tous les vauriens, les durs \u00e0 cuire et les m\u00e9chants ou ceux qui aimeraient le devenir. M\u00eame si tu aimes les bottes de springers et les bottes militaires, cette X-TREME Formula te conviendra parfaitement.<\/p>\n<p>D\u00e9couvre aussi la taille pratique de <a href=\"https:\/\/poppers-online.ch\/produkt\/skuft-x-treme-formula-poppers-10ml\/\">10 ml<\/a> du poppers SKUft X-Treme Formula.<\/p>\n","protected":false},"featured_media":43152,"comment_status":"open","ping_status":"closed","template":"","meta":{"_acf_changed":false,"iawp_total_views":31,"_glsr_average":0,"_glsr_ranking":0,"_glsr_reviews":0},"product_brand":[],"product_cat":[77],"product_tag":[398],"class_list":{"0":"post-40802","1":"product","2":"type-product","3":"status-publish","4":"has-post-thumbnail","6":"product_cat-grands-flacons","7":"product_tag-skuft-x-treme-formula-poppers-30ml-fr","8":"pa_flaschenform-ovale","9":"pa_gewindegroesse-small","10":"pa_inhalt-30ml","11":"pa_inhaltsstoffe-nitrite-de-pentyle","12":"pa_staerke-91","14":"first","15":"instock","16":"taxable","17":"shipping-taxable","18":"purchasable","19":"product-type-simple"},"acf":[],"_links":{"self":[{"href":"https:\/\/poppers-online.ch\/fr\/wp-json\/wp\/v2\/product\/40802","targetHints":{"allow":["GET"]}}],"collection":[{"href":"https:\/\/poppers-online.ch\/fr\/wp-json\/wp\/v2\/product"}],"about":[{"href":"https:\/\/poppers-online.ch\/fr\/wp-json\/wp\/v2\/types\/product"}],"replies":[{"embeddable":true,"href":"https:\/\/poppers-online.ch\/fr\/wp-json\/wp\/v2\/comments?post=40802"}],"wp:featuredmedia":[{"embeddable":true,"href":"https:\/\/poppers-online.ch\/fr\/wp-json\/wp\/v2\/media\/43152"}],"wp:attachment":[{"href":"https:\/\/poppers-online.ch\/fr\/wp-json\/wp\/v2\/media?parent=40802"}],"wp:term":[{"taxonomy":"product_brand","embeddable":true,"href":"https:\/\/poppers-online.ch\/fr\/wp-json\/wp\/v2\/product_brand?post=40802"},{"taxonomy":"product_cat","embeddable":true,"href":"https:\/\/poppers-online.ch\/fr\/wp-json\/wp\/v2\/product_cat?post=40802"},{"taxonomy":"product_tag","embeddable":true,"href":"https:\/\/poppers-online.ch\/fr\/wp-json\/wp\/v2\/product_tag?post=40802"}],"curies":[{"name":"wp","href":"https:\/\/api.w.org\/{rel}","templated":true}]}}