{"id":40794,"date":"2022-11-24T15:50:56","date_gmt":"2022-11-24T14:50:57","guid":{"rendered":"https:\/\/poppers-online.ch\/?post_type=product&#038;p=40794"},"modified":"2026-03-20T03:09:09","modified_gmt":"2026-03-20T02:09:09","slug":"black-tiger-gold-poppers-24ml","status":"publish","type":"product","link":"https:\/\/poppers-online.ch\/fr\/produit\/black-tiger-gold-poppers-24ml\/","title":{"rendered":"Black Tiger Gold Poppers 24ml"},"content":{"rendered":"<p>Notre poppers Black Tiger Gold 24ml est bas\u00e9 sur le pentylnitrite original. R\u00e9veille le tigre qui sommeille en toi avec le Black Tiger Poppers et deviens le roi de la jungle. Ne laisse pas ta proie s&rsquo;\u00e9chapper et montre que tu es le vrai roi de la jungle. Avec le Black Tiger Poppers, exprime pleinement le c\u00f4t\u00e9 animal qui est en toi, tu seras toi aussi enthousiasm\u00e9. L&rsquo;\u00e9dition Gold est plus intense que l&rsquo;\u00e9dition Silver du poppers Black Tiger et dure plus longtemps.<\/p>\n","protected":false},"excerpt":{"rendered":"<p>Notre poppers Black Tiger Gold 24ml est bas\u00e9 sur le pentylnitrite original. R\u00e9veille le tigre qui sommeille en toi avec le Black Tiger Poppers et deviens le roi de la jungle. Ne laisse pas ta proie s&rsquo;\u00e9chapper et montre que tu es le vrai roi de la jungle. Avec le Black Tiger Poppers, exprime pleinement le c\u00f4t\u00e9 animal qui est en toi, tu seras toi aussi enthousiasm\u00e9. L&rsquo;\u00e9dition Gold est plus intense que l&rsquo;\u00e9dition Silver du poppers Black Tiger et dure plus longtemps.<\/p>\n","protected":false},"featured_media":43056,"comment_status":"open","ping_status":"closed","template":"","meta":{"_acf_changed":false,"iawp_total_views":8,"_glsr_average":0,"_glsr_ranking":0,"_glsr_reviews":0},"product_brand":[],"product_cat":[77],"product_tag":[387],"class_list":{"0":"post-40794","1":"product","2":"type-product","3":"status-publish","4":"has-post-thumbnail","6":"product_cat-grands-flacons","7":"product_tag-black-tiger-gold-poppers-24ml-fr","8":"pa_flaschenform-ovale","9":"pa_gewindegroesse-small","10":"pa_inhalt-24ml","11":"pa_inhaltsstoffe-nitrite-de-pentyle","12":"pa_staerke-90","14":"first","15":"instock","16":"sale","17":"taxable","18":"shipping-taxable","19":"purchasable","20":"product-type-simple"},"acf":[],"_links":{"self":[{"href":"https:\/\/poppers-online.ch\/fr\/wp-json\/wp\/v2\/product\/40794","targetHints":{"allow":["GET"]}}],"collection":[{"href":"https:\/\/poppers-online.ch\/fr\/wp-json\/wp\/v2\/product"}],"about":[{"href":"https:\/\/poppers-online.ch\/fr\/wp-json\/wp\/v2\/types\/product"}],"replies":[{"embeddable":true,"href":"https:\/\/poppers-online.ch\/fr\/wp-json\/wp\/v2\/comments?post=40794"}],"wp:featuredmedia":[{"embeddable":true,"href":"https:\/\/poppers-online.ch\/fr\/wp-json\/wp\/v2\/media\/43056"}],"wp:attachment":[{"href":"https:\/\/poppers-online.ch\/fr\/wp-json\/wp\/v2\/media?parent=40794"}],"wp:term":[{"taxonomy":"product_brand","embeddable":true,"href":"https:\/\/poppers-online.ch\/fr\/wp-json\/wp\/v2\/product_brand?post=40794"},{"taxonomy":"product_cat","embeddable":true,"href":"https:\/\/poppers-online.ch\/fr\/wp-json\/wp\/v2\/product_cat?post=40794"},{"taxonomy":"product_tag","embeddable":true,"href":"https:\/\/poppers-online.ch\/fr\/wp-json\/wp\/v2\/product_tag?post=40794"}],"curies":[{"name":"wp","href":"https:\/\/api.w.org\/{rel}","templated":true}]}}