{"id":40790,"date":"2022-11-24T15:48:13","date_gmt":"2022-11-24T14:48:13","guid":{"rendered":"https:\/\/poppers-online.ch\/?post_type=product&#038;p=40790"},"modified":"2024-10-16T00:30:34","modified_gmt":"2024-10-15T22:30:34","slug":"black-tiger-silver-poppers-10ml","status":"publish","type":"product","link":"https:\/\/poppers-online.ch\/fr\/produit\/black-tiger-silver-poppers-10ml\/","title":{"rendered":"Black Tiger Silver Poppers 10ml"},"content":{"rendered":"<p>Notre Black Tiger Silver Poppers 10ml est bas\u00e9 sur le pentylnitrite original. R\u00e9veille le tigre qui sommeille en toi avec le Black Tiger Poppers et deviens le roi de la jungle. Ne laisse pas ta proie s&rsquo;\u00e9chapper et montre que tu es le vrai roi de la jungle. Avec le Black Tiger Poppers, exprime pleinement le c\u00f4t\u00e9 animal qui est en toi, tu seras toi aussi enthousiasm\u00e9. L&rsquo;\u00e9dition Silver est l&rsquo;\u00e9dition classique du poppers Black Tiger.<\/p>\n","protected":false},"excerpt":{"rendered":"<p>Notre Black Tiger Silver Poppers 10ml est bas\u00e9 sur le pentylnitrite original. R\u00e9veille le tigre qui sommeille en toi avec le Black Tiger Poppers et deviens le roi de la jungle. Ne laisse pas ta proie s&rsquo;\u00e9chapper et montre que tu es le vrai roi de la jungle. Avec le Black Tiger Poppers, exprime pleinement le c\u00f4t\u00e9 animal qui est en toi, tu seras toi aussi enthousiasm\u00e9. L&rsquo;\u00e9dition Silver est l&rsquo;\u00e9dition classique du poppers Black Tiger.<\/p>\n","protected":false},"featured_media":43092,"comment_status":"open","ping_status":"closed","template":"","meta":{"_acf_changed":false,"iawp_total_views":1,"_glsr_average":0,"_glsr_ranking":0,"_glsr_reviews":0},"product_brand":[],"product_cat":[78],"product_tag":[383],"class_list":{"0":"post-40790","1":"product","2":"type-product","3":"status-publish","4":"has-post-thumbnail","6":"product_cat-petits-flacons","7":"product_tag-black-tiger-silver-poppers-10ml-fr","8":"pa_flaschenform-rond-petit","9":"pa_gewindegroesse-small","10":"pa_inhalt-10ml","11":"pa_inhaltsstoffe-nitrite-de-pentyle","12":"pa_staerke-89","14":"first","15":"instock","16":"taxable","17":"shipping-taxable","18":"purchasable","19":"product-type-simple"},"acf":[],"_links":{"self":[{"href":"https:\/\/poppers-online.ch\/fr\/wp-json\/wp\/v2\/product\/40790","targetHints":{"allow":["GET"]}}],"collection":[{"href":"https:\/\/poppers-online.ch\/fr\/wp-json\/wp\/v2\/product"}],"about":[{"href":"https:\/\/poppers-online.ch\/fr\/wp-json\/wp\/v2\/types\/product"}],"replies":[{"embeddable":true,"href":"https:\/\/poppers-online.ch\/fr\/wp-json\/wp\/v2\/comments?post=40790"}],"wp:featuredmedia":[{"embeddable":true,"href":"https:\/\/poppers-online.ch\/fr\/wp-json\/wp\/v2\/media\/43092"}],"wp:attachment":[{"href":"https:\/\/poppers-online.ch\/fr\/wp-json\/wp\/v2\/media?parent=40790"}],"wp:term":[{"taxonomy":"product_brand","embeddable":true,"href":"https:\/\/poppers-online.ch\/fr\/wp-json\/wp\/v2\/product_brand?post=40790"},{"taxonomy":"product_cat","embeddable":true,"href":"https:\/\/poppers-online.ch\/fr\/wp-json\/wp\/v2\/product_cat?post=40790"},{"taxonomy":"product_tag","embeddable":true,"href":"https:\/\/poppers-online.ch\/fr\/wp-json\/wp\/v2\/product_tag?post=40790"}],"curies":[{"name":"wp","href":"https:\/\/api.w.org\/{rel}","templated":true}]}}