{"id":40766,"date":"2022-11-24T15:39:36","date_gmt":"2022-11-24T14:39:36","guid":{"rendered":"https:\/\/poppers-online.ch\/?post_type=product&#038;p=40766"},"modified":"2025-10-23T12:39:36","modified_gmt":"2025-10-23T10:39:36","slug":"rush-fire-poppers-10ml","status":"publish","type":"product","link":"https:\/\/poppers-online.ch\/fr\/produit\/rush-fire-poppers-10ml\/","title":{"rendered":"Rush Fire Poppers 10ml"},"content":{"rendered":"<p>Rush Fire Poppers 10ml est bas\u00e9 sur le nitrite de pentyle original. Il agit plus fortement que le Rush original, mais n&rsquo;est pas aussi puissant que le Rush Ultra Strong. La marque Rush est la marque de poppers la plus vendue au monde. R\u00e9veille toi aussi le feu en toi avec le Rush Fire Poppers 10ml longue dur\u00e9e et vis des moments intenses, puissants et enflamm\u00e9s.<\/p>\n","protected":false},"excerpt":{"rendered":"<p><span style=\"font-weight: 400;\">Rush Fire Poppers 10ml est bas\u00e9 sur le nitrite de pentyle d\u2019origine. Il a un effet plus fort que le Rush Original Poppers, mais il n&rsquo;est pas aussi fort que le Rush Ultra Strong. La marque Rush est la marque de poppers la plus vendue au monde. R\u00e9veille le feu en toi avec le Rush Fire Poppers 10ml longue dur\u00e9e et vis des moments intenses, puissants et enflamm\u00e9s.    <\/span><\/p>\n<p>Si tu appr\u00e9cies Rush Fire, tu aimeras s\u00fbrement <a href=\"https:\/\/poppers-online.ch\/fr\/produit\/rush-black-fire-poppers-25ml\/\">Rush Black Fire Poppers 25ml<\/a> que tu pourras \u00e9galement commander \u00e0 un prix d\u00e9fiant toute concurrence sur notre site.<\/p>\n<h1 class=\"product_title entry-title elementor-heading-title elementor-size-default\"><\/h1>\n","protected":false},"featured_media":43522,"comment_status":"open","ping_status":"closed","template":"","meta":{"_acf_changed":false,"iawp_total_views":32,"_glsr_average":0,"_glsr_ranking":0,"_glsr_reviews":0},"product_brand":[],"product_cat":[78],"product_tag":[360],"class_list":{"0":"post-40766","1":"product","2":"type-product","3":"status-publish","4":"has-post-thumbnail","6":"product_cat-petits-flacons","7":"product_tag-rush-fire-poppers-10ml-fr","8":"pa_flaschenform-rond-petit","9":"pa_gewindegroesse-small","10":"pa_inhalt-10ml","11":"pa_inhaltsstoffe-nitrite-de-pentyle","12":"pa_marke-rush-poppers","13":"pa_staerke-89","15":"first","16":"instock","17":"taxable","18":"shipping-taxable","19":"purchasable","20":"product-type-simple"},"acf":[],"_links":{"self":[{"href":"https:\/\/poppers-online.ch\/fr\/wp-json\/wp\/v2\/product\/40766","targetHints":{"allow":["GET"]}}],"collection":[{"href":"https:\/\/poppers-online.ch\/fr\/wp-json\/wp\/v2\/product"}],"about":[{"href":"https:\/\/poppers-online.ch\/fr\/wp-json\/wp\/v2\/types\/product"}],"replies":[{"embeddable":true,"href":"https:\/\/poppers-online.ch\/fr\/wp-json\/wp\/v2\/comments?post=40766"}],"wp:featuredmedia":[{"embeddable":true,"href":"https:\/\/poppers-online.ch\/fr\/wp-json\/wp\/v2\/media\/43522"}],"wp:attachment":[{"href":"https:\/\/poppers-online.ch\/fr\/wp-json\/wp\/v2\/media?parent=40766"}],"wp:term":[{"taxonomy":"product_brand","embeddable":true,"href":"https:\/\/poppers-online.ch\/fr\/wp-json\/wp\/v2\/product_brand?post=40766"},{"taxonomy":"product_cat","embeddable":true,"href":"https:\/\/poppers-online.ch\/fr\/wp-json\/wp\/v2\/product_cat?post=40766"},{"taxonomy":"product_tag","embeddable":true,"href":"https:\/\/poppers-online.ch\/fr\/wp-json\/wp\/v2\/product_tag?post=40766"}],"curies":[{"name":"wp","href":"https:\/\/api.w.org\/{rel}","templated":true}]}}