{"id":40762,"date":"2022-11-24T15:38:29","date_gmt":"2022-11-24T14:38:29","guid":{"rendered":"https:\/\/poppers-online.ch\/?post_type=product&#038;p=40762"},"modified":"2025-05-27T14:08:39","modified_gmt":"2025-05-27T12:08:39","slug":"white-rush-poppers-25ml","status":"publish","type":"product","link":"https:\/\/poppers-online.ch\/fr\/produit\/white-rush-poppers-25ml\/","title":{"rendered":"White Rush Poppers 25ml"},"content":{"rendered":"<p>Le White Rush Poppers 25ml est bas\u00e9 sur le pentylnitrite original. La flacon carr\u00e9e de 25 ml garantit que ce Rush contient encore l&rsquo;ancienne formule Rush \u00ab\u00a0Reduce to the Max\u00a0\u00bb tr\u00e8s appr\u00e9ci\u00e9e. Tous les ingr\u00e9dients inefficaces sont extraits de cette formule selon la devise \u00ab\u00a0Reduce to the Max\u00a0\u00bb. Cela te garantit une puret\u00e9 absolue et un effet sans pr\u00e9c\u00e9dent. White Rush contient en outre une petite bille dans le flacon. Celle-ci permet au poppers de rester frais plus longtemps apr\u00e8s l&rsquo;ouverture. La bille absorbe les mol\u00e9cules d&rsquo;eau et d&rsquo;oxyg\u00e8ne et les lie. Les poppers pr\u00e9f\u00e8rent l&rsquo;air sec \u00e0 l&rsquo;air ambiant humide. Une bille d\u00e9sint\u00e9gr\u00e9e n&rsquo;est donc pas mauvaise, elle montre au contraire qu&rsquo;elle a rempli sa fonction.<\/p>\n","protected":false},"excerpt":{"rendered":"<p>Le White Rush Poppers 25ml est bas\u00e9 sur le pentylnitrite original. La flacon carr\u00e9e de 25 ml garantit que ce Rush contient encore l&rsquo;ancienne formule Rush \u00ab\u00a0Reduce to the Max\u00a0\u00bb tr\u00e8s appr\u00e9ci\u00e9e. Tous les ingr\u00e9dients inefficaces sont extraits de cette formule selon la devise \u00ab\u00a0Reduce to the Max\u00a0\u00bb. Cela te garantit une puret\u00e9 absolue et un effet sans pr\u00e9c\u00e9dent. White Rush contient en outre une petite bille dans le flacon. Celle-ci permet au poppers de rester frais plus longtemps apr\u00e8s l&rsquo;ouverture. La bille absorbe les mol\u00e9cules d&rsquo;eau et d&rsquo;oxyg\u00e8ne et les lie. Les poppers pr\u00e9f\u00e8rent l&rsquo;air sec \u00e0 l&rsquo;air ambiant humide. Une bille d\u00e9sint\u00e9gr\u00e9e n&rsquo;est donc pas mauvaise, elle montre au contraire qu&rsquo;elle a rempli sa fonction.<\/p>\n","protected":false},"featured_media":133122,"comment_status":"open","ping_status":"closed","template":"","meta":{"_acf_changed":false,"iawp_total_views":8,"_glsr_average":0,"_glsr_ranking":0,"_glsr_reviews":0},"product_brand":[],"product_cat":[77],"product_tag":[356],"class_list":{"0":"post-40762","1":"product","2":"type-product","3":"status-publish","4":"has-post-thumbnail","6":"product_cat-grands-flacons","7":"product_tag-white-rush-poppers-25ml-fr","8":"pa_flaschenform-anguleux","9":"pa_gewindegroesse-large","10":"pa_inhalt-25ml","11":"pa_inhaltsstoffe-nitrite-de-pentyle","12":"pa_marke-rush-poppers","13":"pa_staerke-89","15":"first","16":"instock","17":"taxable","18":"shipping-taxable","19":"purchasable","20":"product-type-simple"},"acf":[],"_links":{"self":[{"href":"https:\/\/poppers-online.ch\/fr\/wp-json\/wp\/v2\/product\/40762","targetHints":{"allow":["GET"]}}],"collection":[{"href":"https:\/\/poppers-online.ch\/fr\/wp-json\/wp\/v2\/product"}],"about":[{"href":"https:\/\/poppers-online.ch\/fr\/wp-json\/wp\/v2\/types\/product"}],"replies":[{"embeddable":true,"href":"https:\/\/poppers-online.ch\/fr\/wp-json\/wp\/v2\/comments?post=40762"}],"wp:featuredmedia":[{"embeddable":true,"href":"https:\/\/poppers-online.ch\/fr\/wp-json\/wp\/v2\/media\/133122"}],"wp:attachment":[{"href":"https:\/\/poppers-online.ch\/fr\/wp-json\/wp\/v2\/media?parent=40762"}],"wp:term":[{"taxonomy":"product_brand","embeddable":true,"href":"https:\/\/poppers-online.ch\/fr\/wp-json\/wp\/v2\/product_brand?post=40762"},{"taxonomy":"product_cat","embeddable":true,"href":"https:\/\/poppers-online.ch\/fr\/wp-json\/wp\/v2\/product_cat?post=40762"},{"taxonomy":"product_tag","embeddable":true,"href":"https:\/\/poppers-online.ch\/fr\/wp-json\/wp\/v2\/product_tag?post=40762"}],"curies":[{"name":"wp","href":"https:\/\/api.w.org\/{rel}","templated":true}]}}