{"id":40744,"date":"2022-11-24T15:32:46","date_gmt":"2022-11-24T14:32:46","guid":{"rendered":"https:\/\/poppers-online.ch\/?post_type=product&#038;p=40744"},"modified":"2024-10-16T00:35:23","modified_gmt":"2024-10-15T22:35:23","slug":"hero-poppers-10ml","status":"publish","type":"product","link":"https:\/\/poppers-online.ch\/fr\/produit\/hero-poppers-10ml\/","title":{"rendered":"Poppers Hero 10ml"},"content":{"rendered":"<p>Le Hero Poppers 10ml est bas\u00e9 sur le pentylnitrite original. Deviens un super-h\u00e9ros au lit et aussi fort qu&rsquo;une locomotive. Sentez-vous presque invuln\u00e9rable avec Hero Poppers, volez comme Superman et soyez plus rapide qu&rsquo;une balle de pistolet.<\/p>\n","protected":false},"excerpt":{"rendered":"<p>Le Hero Poppers 10ml est bas\u00e9 sur le pentylnitrite original. Deviens un super-h\u00e9ros au lit et aussi fort qu&rsquo;une locomotive. Sentez-vous presque invuln\u00e9rable avec Hero Poppers, volez comme Superman et soyez plus rapide qu&rsquo;une balle de pistolet.<\/p>\n<p>Jetez aussi un coup d&rsquo;\u0153il sur le <a href=\"https:\/\/poppers-online.ch\/produkt\/hero-poppers-24ml\/\">Hero Poppers 24ml<\/a>, pour des utilisations h\u00e9ro\u00efques extra-longues.<\/p>\n","protected":false},"featured_media":43088,"comment_status":"open","ping_status":"closed","template":"","meta":{"_acf_changed":false,"iawp_total_views":10,"_glsr_average":0,"_glsr_ranking":0,"_glsr_reviews":0},"product_brand":[],"product_cat":[78],"product_tag":[340],"class_list":{"0":"post-40744","1":"product","2":"type-product","3":"status-publish","4":"has-post-thumbnail","6":"product_cat-petits-flacons","7":"product_tag-hero-poppers-10ml-fr","8":"pa_flaschenform-rond-petit","9":"pa_gewindegroesse-small","10":"pa_inhalt-10ml","11":"pa_inhaltsstoffe-nitrite-de-pentyle","12":"pa_staerke-89","14":"first","15":"instock","16":"taxable","17":"shipping-taxable","18":"purchasable","19":"product-type-simple"},"acf":[],"_links":{"self":[{"href":"https:\/\/poppers-online.ch\/fr\/wp-json\/wp\/v2\/product\/40744","targetHints":{"allow":["GET"]}}],"collection":[{"href":"https:\/\/poppers-online.ch\/fr\/wp-json\/wp\/v2\/product"}],"about":[{"href":"https:\/\/poppers-online.ch\/fr\/wp-json\/wp\/v2\/types\/product"}],"replies":[{"embeddable":true,"href":"https:\/\/poppers-online.ch\/fr\/wp-json\/wp\/v2\/comments?post=40744"}],"wp:featuredmedia":[{"embeddable":true,"href":"https:\/\/poppers-online.ch\/fr\/wp-json\/wp\/v2\/media\/43088"}],"wp:attachment":[{"href":"https:\/\/poppers-online.ch\/fr\/wp-json\/wp\/v2\/media?parent=40744"}],"wp:term":[{"taxonomy":"product_brand","embeddable":true,"href":"https:\/\/poppers-online.ch\/fr\/wp-json\/wp\/v2\/product_brand?post=40744"},{"taxonomy":"product_cat","embeddable":true,"href":"https:\/\/poppers-online.ch\/fr\/wp-json\/wp\/v2\/product_cat?post=40744"},{"taxonomy":"product_tag","embeddable":true,"href":"https:\/\/poppers-online.ch\/fr\/wp-json\/wp\/v2\/product_tag?post=40744"}],"curies":[{"name":"wp","href":"https:\/\/api.w.org\/{rel}","templated":true}]}}