{"id":40740,"date":"2022-11-24T15:30:54","date_gmt":"2022-11-24T14:30:54","guid":{"rendered":"https:\/\/poppers-online.ch\/?post_type=product&#038;p=40740"},"modified":"2026-03-30T02:05:23","modified_gmt":"2026-03-30T00:05:23","slug":"hero-poppers-24ml","status":"publish","type":"product","link":"https:\/\/poppers-online.ch\/fr\/produit\/hero-poppers-24ml\/","title":{"rendered":"Poppers HERO 24ml"},"content":{"rendered":"<p>Le Hero Poppers 24ml est bas\u00e9 sur le pentylnitrite original. Deviens un super-h\u00e9ros au lit et aussi fort qu&rsquo;une locomotive. Sentez-vous presque invuln\u00e9rable avec Hero Poppers, volez comme Superman et soyez plus rapide qu&rsquo;une balle de pistolet.<\/p>\n","protected":false},"excerpt":{"rendered":"<p>Le Hero Poppers 24ml est bas\u00e9 sur le pentylnitrite original. Deviens un super-h\u00e9ros au lit et aussi fort qu&rsquo;une locomotive. Sentez-vous presque invuln\u00e9rable avec Hero Poppers, volez comme Superman et soyez plus rapide qu&rsquo;une balle de pistolet.<\/p>\n<p>Jetez aussi un coup d&rsquo;\u0153il sur le <a href=\"https:\/\/poppers-online.ch\/produkt\/hero-poppers-10ml\/\">HERO Poppers 10ml<\/a>, pour des utilisations h\u00e9ro\u00efques extra-longues.<\/p>\n","protected":false},"featured_media":133127,"comment_status":"open","ping_status":"closed","template":"","meta":{"_acf_changed":false,"iawp_total_views":6,"_glsr_average":0,"_glsr_ranking":0,"_glsr_reviews":0},"product_brand":[],"product_cat":[77],"product_tag":[336],"class_list":{"0":"post-40740","1":"product","2":"type-product","3":"status-publish","4":"has-post-thumbnail","6":"product_cat-grands-flacons","7":"product_tag-hero-poppers-24ml-fr","8":"pa_flaschenform-ovale","9":"pa_gewindegroesse-small","10":"pa_inhalt-24ml","11":"pa_inhaltsstoffe-nitrite-de-pentyle","12":"pa_staerke-89","14":"first","15":"outofstock","16":"sale","17":"taxable","18":"shipping-taxable","19":"purchasable","20":"product-type-simple"},"acf":[],"_links":{"self":[{"href":"https:\/\/poppers-online.ch\/fr\/wp-json\/wp\/v2\/product\/40740","targetHints":{"allow":["GET"]}}],"collection":[{"href":"https:\/\/poppers-online.ch\/fr\/wp-json\/wp\/v2\/product"}],"about":[{"href":"https:\/\/poppers-online.ch\/fr\/wp-json\/wp\/v2\/types\/product"}],"replies":[{"embeddable":true,"href":"https:\/\/poppers-online.ch\/fr\/wp-json\/wp\/v2\/comments?post=40740"}],"wp:featuredmedia":[{"embeddable":true,"href":"https:\/\/poppers-online.ch\/fr\/wp-json\/wp\/v2\/media\/133127"}],"wp:attachment":[{"href":"https:\/\/poppers-online.ch\/fr\/wp-json\/wp\/v2\/media?parent=40740"}],"wp:term":[{"taxonomy":"product_brand","embeddable":true,"href":"https:\/\/poppers-online.ch\/fr\/wp-json\/wp\/v2\/product_brand?post=40740"},{"taxonomy":"product_cat","embeddable":true,"href":"https:\/\/poppers-online.ch\/fr\/wp-json\/wp\/v2\/product_cat?post=40740"},{"taxonomy":"product_tag","embeddable":true,"href":"https:\/\/poppers-online.ch\/fr\/wp-json\/wp\/v2\/product_tag?post=40740"}],"curies":[{"name":"wp","href":"https:\/\/api.w.org\/{rel}","templated":true}]}}