{"id":40736,"date":"2022-11-24T15:29:14","date_gmt":"2022-11-24T14:29:14","guid":{"rendered":"https:\/\/poppers-online.ch\/?post_type=product&#038;p=40736"},"modified":"2025-10-23T14:15:05","modified_gmt":"2025-10-23T12:15:05","slug":"berlin-fist-extreme-strong-poppers-25ml","status":"publish","type":"product","link":"https:\/\/poppers-online.ch\/fr\/produit\/berlin-fist-extreme-strong-poppers-25ml\/","title":{"rendered":"BERLIN FIST Extreme Strong Poppers 25ml"},"content":{"rendered":"<p>BERLIN FIST Extreme Strong Poppers fait partie des poppers les plus forts du march\u00e9 et est bas\u00e9 sur le nitrite de pentyle original. Dans la Queer Capital BERLIN, des soir\u00e9es pour tous les go\u00fbts et toutes les pr\u00e9f\u00e9rences t&rsquo;attendent. Nous aimons le Berghain, le Lab, KitKat, les soir\u00e9es sneakers au Folsom et bien s\u00fbr les Rubber Parties \u00e0 Berlin. BERLIN FIST Extreme Strong Poppers nous ram\u00e8ne toujours les pens\u00e9es et les exp\u00e9riences de Berlin \u00e0 la maison et ne doit en aucun cas manquer lors d&rsquo;une Fist Session bien remplie. Le poppers est tr\u00e8s durable, il donne le coup de fouet n\u00e9cessaire et procure des sensations tr\u00e8s intenses. Nous aimons les Berlin Vibes at Home.<\/p>\n","protected":false},"excerpt":{"rendered":"<p><span style=\"font-weight: 400;\">BERLIN FIST Extreme Strong Poppers 25ml fait partie des poppers les plus forts du march\u00e9 et est bas\u00e9 sur le pentylnitrite original. Dans la Queer Capital BERLIN, des f\u00eates pour tous les go\u00fbts et toutes les pr\u00e9f\u00e9rences t&rsquo;attendent. Nous aimons le Berghain, le Lab, KitKat, les soir\u00e9es sneakers au Folsom et bien s\u00fbr les Rubber Parties \u00e0 Berlin. BERLIN FIST Extreme Strong Poppers 25ml ram\u00e8ne toujours les pens\u00e9es et les exp\u00e9riences de Berlin chez nous et ne doit en aucun cas manquer lors d&rsquo;une Fist Session bien remplie. Le poppers est tr\u00e8s durable, il donne le coup de fouet suppl\u00e9mentaire n\u00e9cessaire et procure des sensations tr\u00e8s intenses. Nous aimons les Berlin Vibes at Home.  <\/span><\/p>\n","protected":false},"featured_media":43048,"comment_status":"open","ping_status":"closed","template":"","meta":{"_acf_changed":false,"iawp_total_views":31,"_glsr_average":0,"_glsr_ranking":0,"_glsr_reviews":0},"product_brand":[],"product_cat":[77],"product_tag":[840],"class_list":{"0":"post-40736","1":"product","2":"type-product","3":"status-publish","4":"has-post-thumbnail","6":"product_cat-grands-flacons","7":"product_tag-berlin-fist-extreme-strong-poppers-25ml-fr","8":"pa_flaschenform-ovale","9":"pa_gewindegroesse-small","10":"pa_inhalt-25ml","11":"pa_inhaltsstoffe-nitrite-de-pentyle","12":"pa_marke-berlin-poppers","13":"pa_marke-fist-poppers","14":"pa_staerke-91","16":"first","17":"instock","18":"taxable","19":"shipping-taxable","20":"purchasable","21":"product-type-simple"},"acf":[],"_links":{"self":[{"href":"https:\/\/poppers-online.ch\/fr\/wp-json\/wp\/v2\/product\/40736","targetHints":{"allow":["GET"]}}],"collection":[{"href":"https:\/\/poppers-online.ch\/fr\/wp-json\/wp\/v2\/product"}],"about":[{"href":"https:\/\/poppers-online.ch\/fr\/wp-json\/wp\/v2\/types\/product"}],"replies":[{"embeddable":true,"href":"https:\/\/poppers-online.ch\/fr\/wp-json\/wp\/v2\/comments?post=40736"}],"wp:featuredmedia":[{"embeddable":true,"href":"https:\/\/poppers-online.ch\/fr\/wp-json\/wp\/v2\/media\/43048"}],"wp:attachment":[{"href":"https:\/\/poppers-online.ch\/fr\/wp-json\/wp\/v2\/media?parent=40736"}],"wp:term":[{"taxonomy":"product_brand","embeddable":true,"href":"https:\/\/poppers-online.ch\/fr\/wp-json\/wp\/v2\/product_brand?post=40736"},{"taxonomy":"product_cat","embeddable":true,"href":"https:\/\/poppers-online.ch\/fr\/wp-json\/wp\/v2\/product_cat?post=40736"},{"taxonomy":"product_tag","embeddable":true,"href":"https:\/\/poppers-online.ch\/fr\/wp-json\/wp\/v2\/product_tag?post=40736"}],"curies":[{"name":"wp","href":"https:\/\/api.w.org\/{rel}","templated":true}]}}