{"id":3930,"date":"2021-09-28T16:14:06","date_gmt":"2021-09-28T14:14:06","guid":{"rendered":"https:\/\/poppers-online.ch\/?post_type=product&#038;p=3930"},"modified":"2025-10-23T12:44:20","modified_gmt":"2025-10-23T10:44:20","slug":"rush-original-extreme-eu-formula-tall","status":"publish","type":"product","link":"https:\/\/poppers-online.ch\/fr\/produit\/rush-original-extreme-eu-formula-tall\/","title":{"rendered":"Rush Original Extreme EU Formula Tall"},"content":{"rendered":"","protected":false},"excerpt":{"rendered":"<p>Rush Original Extreme EU Formula Tall. Nouveau du fabricant Lockerroom au Canada. 30 ml de Rush EU Formula dans une flacon pratique, \u00e0 base de Canadian Pentyl Formula. D\u00e9couvre aussi les autres poppers Rush, par exemple le tr\u00e8s populaire <a href=\"https:\/\/poppers-online.ch\/produkt\/rush-original-poppers-25ml\/\"><br \/>\n<span data-sheets-value=\"{\" data-sheets-userformat=\"{\">Rush Original Poppers 25ml <\/span><br \/>\n<\/a>ou le <a href=\"https:\/\/poppers-online.ch\/produkt\/rush-fire-poppers-10ml\/\">Rush Fire Poppers<\/a> extr\u00eame <a href=\"https:\/\/poppers-online.ch\/produkt\/rush-fire-poppers-10ml\/\">10ml<\/a>.<\/p>\n","protected":false},"featured_media":3868,"comment_status":"open","ping_status":"closed","template":"","meta":{"_acf_changed":false,"iawp_total_views":52,"_glsr_average":0,"_glsr_ranking":0,"_glsr_reviews":0},"product_brand":[],"product_cat":[77],"product_tag":[],"class_list":{"0":"post-3930","1":"product","2":"type-product","3":"status-publish","4":"has-post-thumbnail","6":"product_cat-grands-flacons","7":"pa_flaschenform-rond-tall","8":"pa_gewindegroesse-small","9":"pa_inhalt-30ml","10":"pa_inhaltsstoffe-formule-canadienne-de-pentyle","11":"pa_marke-lockerroom-poppers","12":"pa_marke-rush-poppers","13":"pa_staerke-91","15":"first","16":"instock","17":"sale","18":"taxable","19":"shipping-taxable","20":"purchasable","21":"product-type-simple"},"acf":[],"_links":{"self":[{"href":"https:\/\/poppers-online.ch\/fr\/wp-json\/wp\/v2\/product\/3930","targetHints":{"allow":["GET"]}}],"collection":[{"href":"https:\/\/poppers-online.ch\/fr\/wp-json\/wp\/v2\/product"}],"about":[{"href":"https:\/\/poppers-online.ch\/fr\/wp-json\/wp\/v2\/types\/product"}],"replies":[{"embeddable":true,"href":"https:\/\/poppers-online.ch\/fr\/wp-json\/wp\/v2\/comments?post=3930"}],"wp:featuredmedia":[{"embeddable":true,"href":"https:\/\/poppers-online.ch\/fr\/wp-json\/wp\/v2\/media\/3868"}],"wp:attachment":[{"href":"https:\/\/poppers-online.ch\/fr\/wp-json\/wp\/v2\/media?parent=3930"}],"wp:term":[{"taxonomy":"product_brand","embeddable":true,"href":"https:\/\/poppers-online.ch\/fr\/wp-json\/wp\/v2\/product_brand?post=3930"},{"taxonomy":"product_cat","embeddable":true,"href":"https:\/\/poppers-online.ch\/fr\/wp-json\/wp\/v2\/product_cat?post=3930"},{"taxonomy":"product_tag","embeddable":true,"href":"https:\/\/poppers-online.ch\/fr\/wp-json\/wp\/v2\/product_tag?post=3930"}],"curies":[{"name":"wp","href":"https:\/\/api.w.org\/{rel}","templated":true}]}}