{"id":3929,"date":"2021-09-28T13:32:35","date_gmt":"2021-09-28T11:32:35","guid":{"rendered":"https:\/\/poppers-online.ch\/?post_type=product&#038;p=3929"},"modified":"2026-02-16T02:05:14","modified_gmt":"2026-02-16T01:05:14","slug":"high-rise-ultra-strong-tall","status":"publish","type":"product","link":"https:\/\/poppers-online.ch\/fr\/produit\/high-rise-ultra-strong-tall\/","title":{"rendered":"High Rise Ultra Strong Tall"},"content":{"rendered":"","protected":false},"excerpt":{"rendered":"<p>High Rise Ultra Strong Tall. Nouveau du fabricant Lockerroom au Canada. Extra fort et en Tall Bottle \u00e9lanc\u00e9, \u00e0 base de la Canadian Pentyl Formula. Ce poppers est ultra fort, plus fort que le Highrise tall normal dans sa flacon bleue.<\/p>\n","protected":false},"featured_media":131283,"comment_status":"open","ping_status":"closed","template":"","meta":{"_acf_changed":false,"iawp_total_views":56,"_glsr_average":0,"_glsr_ranking":0,"_glsr_reviews":0},"product_brand":[],"product_cat":[77],"product_tag":[],"class_list":{"0":"post-3929","1":"product","2":"type-product","3":"status-publish","4":"has-post-thumbnail","6":"product_cat-grands-flacons","7":"pa_flaschenform-rond-tall","8":"pa_gewindegroesse-small","9":"pa_inhalt-30ml","10":"pa_inhaltsstoffe-formule-canadienne-de-pentyle","11":"pa_marke-highrise-poppers","12":"pa_marke-lockerroom-poppers","13":"pa_staerke-91","15":"first","16":"instock","17":"taxable","18":"shipping-taxable","19":"purchasable","20":"product-type-simple"},"acf":[],"_links":{"self":[{"href":"https:\/\/poppers-online.ch\/fr\/wp-json\/wp\/v2\/product\/3929","targetHints":{"allow":["GET"]}}],"collection":[{"href":"https:\/\/poppers-online.ch\/fr\/wp-json\/wp\/v2\/product"}],"about":[{"href":"https:\/\/poppers-online.ch\/fr\/wp-json\/wp\/v2\/types\/product"}],"replies":[{"embeddable":true,"href":"https:\/\/poppers-online.ch\/fr\/wp-json\/wp\/v2\/comments?post=3929"}],"wp:featuredmedia":[{"embeddable":true,"href":"https:\/\/poppers-online.ch\/fr\/wp-json\/wp\/v2\/media\/131283"}],"wp:attachment":[{"href":"https:\/\/poppers-online.ch\/fr\/wp-json\/wp\/v2\/media?parent=3929"}],"wp:term":[{"taxonomy":"product_brand","embeddable":true,"href":"https:\/\/poppers-online.ch\/fr\/wp-json\/wp\/v2\/product_brand?post=3929"},{"taxonomy":"product_cat","embeddable":true,"href":"https:\/\/poppers-online.ch\/fr\/wp-json\/wp\/v2\/product_cat?post=3929"},{"taxonomy":"product_tag","embeddable":true,"href":"https:\/\/poppers-online.ch\/fr\/wp-json\/wp\/v2\/product_tag?post=3929"}],"curies":[{"name":"wp","href":"https:\/\/api.w.org\/{rel}","templated":true}]}}