{"id":3928,"date":"2021-09-28T15:38:29","date_gmt":"2021-09-28T13:38:29","guid":{"rendered":"https:\/\/poppers-online.ch\/?post_type=product&#038;p=3928"},"modified":"2025-09-22T11:08:27","modified_gmt":"2025-09-22T09:08:27","slug":"amsterdam-special-25ml","status":"publish","type":"product","link":"https:\/\/poppers-online.ch\/fr\/produit\/amsterdam-special-25ml\/","title":{"rendered":"Amsterdam Special 25ml"},"content":{"rendered":"","protected":false},"excerpt":{"rendered":"<p>Amsterdam Special 25ml dans un style r\u00e9tro du fabricant Lockerroom du Canada. Poppers tr\u00e8s populaire \u00e0 base de Canadian Pentyl Formula. Avec ce poppers, transporte-toi pour un moment dans la tr\u00e9pidante Amsterdam et sa vie nocturne incomparable.<\/p>\n<p>D\u00e9couvre \u00e9galement d&rsquo;autres <a href=\"https:\/\/poppers-online.ch\/produkt-eigenschaft\/marke\/amsterdam-poppers\/\">poppers d&rsquo;Amsterdam<\/a> l\u00e9gendaires dans diff\u00e9rentes tailles et formes de flacons.<\/p>\n","protected":false},"featured_media":137069,"comment_status":"open","ping_status":"closed","template":"","meta":{"_acf_changed":false,"iawp_total_views":19,"_glsr_average":0,"_glsr_ranking":0,"_glsr_reviews":0},"product_brand":[],"product_cat":[77],"product_tag":[],"class_list":{"0":"post-3928","1":"product","2":"type-product","3":"status-publish","4":"has-post-thumbnail","6":"product_cat-grands-flacons","7":"pa_flaschenform-anguleux","8":"pa_gewindegroesse-large","9":"pa_inhalt-25ml","10":"pa_inhaltsstoffe-formule-canadienne-de-pentyle","11":"pa_marke-amsterdam-poppers","12":"pa_marke-lockerroom-poppers","13":"pa_staerke-89","15":"first","16":"instock","17":"taxable","18":"shipping-taxable","19":"purchasable","20":"product-type-simple"},"acf":[],"_links":{"self":[{"href":"https:\/\/poppers-online.ch\/fr\/wp-json\/wp\/v2\/product\/3928","targetHints":{"allow":["GET"]}}],"collection":[{"href":"https:\/\/poppers-online.ch\/fr\/wp-json\/wp\/v2\/product"}],"about":[{"href":"https:\/\/poppers-online.ch\/fr\/wp-json\/wp\/v2\/types\/product"}],"replies":[{"embeddable":true,"href":"https:\/\/poppers-online.ch\/fr\/wp-json\/wp\/v2\/comments?post=3928"}],"wp:featuredmedia":[{"embeddable":true,"href":"https:\/\/poppers-online.ch\/fr\/wp-json\/wp\/v2\/media\/137069"}],"wp:attachment":[{"href":"https:\/\/poppers-online.ch\/fr\/wp-json\/wp\/v2\/media?parent=3928"}],"wp:term":[{"taxonomy":"product_brand","embeddable":true,"href":"https:\/\/poppers-online.ch\/fr\/wp-json\/wp\/v2\/product_brand?post=3928"},{"taxonomy":"product_cat","embeddable":true,"href":"https:\/\/poppers-online.ch\/fr\/wp-json\/wp\/v2\/product_cat?post=3928"},{"taxonomy":"product_tag","embeddable":true,"href":"https:\/\/poppers-online.ch\/fr\/wp-json\/wp\/v2\/product_tag?post=3928"}],"curies":[{"name":"wp","href":"https:\/\/api.w.org\/{rel}","templated":true}]}}