{"id":3927,"date":"2021-09-28T13:32:51","date_gmt":"2021-09-28T11:32:51","guid":{"rendered":"https:\/\/poppers-online.ch\/?post_type=product&#038;p=3927"},"modified":"2026-03-29T20:07:08","modified_gmt":"2026-03-29T18:07:08","slug":"blue-boy-25ml","status":"publish","type":"product","link":"https:\/\/poppers-online.ch\/fr\/produit\/blue-boy-25ml\/","title":{"rendered":"Blue Boy 25ml"},"content":{"rendered":"","protected":false},"excerpt":{"rendered":"<p>Blue Boy 25ml au style r\u00e9tro du fabricant Lockerroom du Canada. Fort et puissant \u00e0 base de nitrite de pentyle. Cette flacon bleue s\u00e9duit depuis des ann\u00e9es les boys en Suisse, en Allemagne, en Autriche et dans le monde entier. Nous avons \u00e9galement en stock les tailles <a href=\"https:\/\/poppers-online.ch\/produkt\/blue-boy-10ml\/\">10ml<\/a> et <a href=\"https:\/\/poppers-online.ch\/produkt\/blue-boy-30ml\/\">30ml<\/a>.<\/p>\n","protected":false},"featured_media":137080,"comment_status":"open","ping_status":"closed","template":"","meta":{"_acf_changed":false,"iawp_total_views":7,"_glsr_average":0,"_glsr_ranking":0,"_glsr_reviews":0},"product_brand":[],"product_cat":[77],"product_tag":[],"class_list":{"0":"post-3927","1":"product","2":"type-product","3":"status-publish","4":"has-post-thumbnail","6":"product_cat-grands-flacons","7":"pa_flaschenform-anguleux","8":"pa_gewindegroesse-large","9":"pa_inhalt-25ml","10":"pa_inhaltsstoffe-formule-canadienne-de-pentyle","11":"pa_staerke-89","13":"first","14":"instock","15":"taxable","16":"shipping-taxable","17":"purchasable","18":"product-type-simple"},"acf":[],"_links":{"self":[{"href":"https:\/\/poppers-online.ch\/fr\/wp-json\/wp\/v2\/product\/3927","targetHints":{"allow":["GET"]}}],"collection":[{"href":"https:\/\/poppers-online.ch\/fr\/wp-json\/wp\/v2\/product"}],"about":[{"href":"https:\/\/poppers-online.ch\/fr\/wp-json\/wp\/v2\/types\/product"}],"replies":[{"embeddable":true,"href":"https:\/\/poppers-online.ch\/fr\/wp-json\/wp\/v2\/comments?post=3927"}],"wp:featuredmedia":[{"embeddable":true,"href":"https:\/\/poppers-online.ch\/fr\/wp-json\/wp\/v2\/media\/137080"}],"wp:attachment":[{"href":"https:\/\/poppers-online.ch\/fr\/wp-json\/wp\/v2\/media?parent=3927"}],"wp:term":[{"taxonomy":"product_brand","embeddable":true,"href":"https:\/\/poppers-online.ch\/fr\/wp-json\/wp\/v2\/product_brand?post=3927"},{"taxonomy":"product_cat","embeddable":true,"href":"https:\/\/poppers-online.ch\/fr\/wp-json\/wp\/v2\/product_cat?post=3927"},{"taxonomy":"product_tag","embeddable":true,"href":"https:\/\/poppers-online.ch\/fr\/wp-json\/wp\/v2\/product_tag?post=3927"}],"curies":[{"name":"wp","href":"https:\/\/api.w.org\/{rel}","templated":true}]}}