{"id":3925,"date":"2021-09-28T16:12:50","date_gmt":"2021-09-28T14:12:50","guid":{"rendered":"https:\/\/poppers-online.ch\/?post_type=product&#038;p=3925"},"modified":"2026-02-13T11:01:01","modified_gmt":"2026-02-13T10:01:01","slug":"jungle-juice-plus-25ml","status":"publish","type":"product","link":"https:\/\/poppers-online.ch\/fr\/produit\/jungle-juice-plus-25ml\/","title":{"rendered":"Jungle Juice Plus 25ml"},"content":{"rendered":"","protected":false},"excerpt":{"rendered":"<p>Jungle Juice Plus 25ml au style r\u00e9tro du fabricant Lockerroom du Canada. La marque populaire \u00e0 base de nitrite de pentyle. Tu n&rsquo;es pas s\u00fbr de savoir quel Jungle Juice Poppers est le meilleur choix pour toi ? Alors consulte notre <a href=\"https:\/\/poppers-online.ch\/jungle-juice-poppers\/\">page d&rsquo;aper\u00e7u<\/a> pratique <a href=\"https:\/\/poppers-online.ch\/jungle-juice-poppers\/\">Jungle Juice<\/a>.<\/p>\n","protected":false},"featured_media":137061,"comment_status":"open","ping_status":"closed","template":"","meta":{"_acf_changed":false,"iawp_total_views":11,"_glsr_average":0,"_glsr_ranking":0,"_glsr_reviews":0},"product_brand":[],"product_cat":[77],"product_tag":[],"class_list":{"0":"post-3925","1":"product","2":"type-product","3":"status-publish","4":"has-post-thumbnail","6":"product_cat-grands-flacons","7":"pa_flaschenform-anguleux","8":"pa_gewindegroesse-large","9":"pa_inhalt-25ml","10":"pa_inhaltsstoffe-formule-canadienne-de-pentyle","11":"pa_marke-jungle-juice-poppers","12":"pa_marke-lockerroom-poppers","13":"pa_staerke-89","15":"first","16":"instock","17":"taxable","18":"shipping-taxable","19":"purchasable","20":"product-type-simple"},"acf":[],"_links":{"self":[{"href":"https:\/\/poppers-online.ch\/fr\/wp-json\/wp\/v2\/product\/3925","targetHints":{"allow":["GET"]}}],"collection":[{"href":"https:\/\/poppers-online.ch\/fr\/wp-json\/wp\/v2\/product"}],"about":[{"href":"https:\/\/poppers-online.ch\/fr\/wp-json\/wp\/v2\/types\/product"}],"replies":[{"embeddable":true,"href":"https:\/\/poppers-online.ch\/fr\/wp-json\/wp\/v2\/comments?post=3925"}],"wp:featuredmedia":[{"embeddable":true,"href":"https:\/\/poppers-online.ch\/fr\/wp-json\/wp\/v2\/media\/137061"}],"wp:attachment":[{"href":"https:\/\/poppers-online.ch\/fr\/wp-json\/wp\/v2\/media?parent=3925"}],"wp:term":[{"taxonomy":"product_brand","embeddable":true,"href":"https:\/\/poppers-online.ch\/fr\/wp-json\/wp\/v2\/product_brand?post=3925"},{"taxonomy":"product_cat","embeddable":true,"href":"https:\/\/poppers-online.ch\/fr\/wp-json\/wp\/v2\/product_cat?post=3925"},{"taxonomy":"product_tag","embeddable":true,"href":"https:\/\/poppers-online.ch\/fr\/wp-json\/wp\/v2\/product_tag?post=3925"}],"curies":[{"name":"wp","href":"https:\/\/api.w.org\/{rel}","templated":true}]}}