{"id":38990,"date":"2022-11-01T22:22:10","date_gmt":"2022-11-01T21:22:10","guid":{"rendered":"https:\/\/poppers-online.ch\/?post_type=product&#038;p=38990"},"modified":"2024-10-16T00:35:29","modified_gmt":"2024-10-15T22:35:29","slug":"swiss-navy-toy-body-cleaner-177ml","status":"publish","type":"product","link":"https:\/\/poppers-online.ch\/fr\/produit\/swiss-navy-toy-body-cleaner-177ml\/","title":{"rendered":"Swiss Navy Toy &amp; Body Cleaner 177ml"},"content":{"rendered":"<p><span style=\"font-weight: 400;\">Tu aimes jouer avec des sextoys ? Nettoies-tu tes jouets apr\u00e8s usage uniquement avec de l&rsquo;eau et du savon ? Si c&rsquo;est le cas, nous avons pour toi un super produit de Swiss Navy. Le savon et l&rsquo;eau ne suffisent que partiellement pour nettoyer les sextoys en profondeur. Tes sextoys ne doivent pas devenir un terrain fertile pour des choses que tu ne veux pas. Apr\u00e8s avoir soumis tes sextoys \u00e0 un nettoyage de fond sous le robinet, vaporise soigneusement tes jouets pr\u00e9f\u00e9r\u00e9s avec le Swiss Navy Toy &amp; Body Cleaner. Essuie ensuite le sextoy avec un chiffon propre et rince-le ensuite soigneusement \u00e0 l&rsquo;eau. Important : laisse s\u00e9cher tes jouets \u00e0 l&rsquo;air libre avant de les ranger dans ton armoire. Si tu as utilis\u00e9 des lubrifiants \u00e0 base de silicone, tu dois nettoyer tes jouets particuli\u00e8rement soigneusement avec le Swiss Navy Toy &amp; Body Cleaner. Veille \u00e0 ce que tes sextoys restent propres afin de pouvoir les r\u00e9utiliser en toute s\u00e9curit\u00e9. Ce vaporisateur pratique de Swiss Navy t&rsquo;y aidera.<\/span><\/p>\n","protected":false},"excerpt":{"rendered":"<p>Tu aimes jouer avec des sextoys ? Nettoies-tu tes jouets apr\u00e8s utilisation uniquement avec de l&rsquo;eau et du savon ? Si c&rsquo;est le cas, nous avons ici pour toi un produit formidable avec le Swiss Navy Toy &amp; Body Cleaner 177ml. Le savon et l&rsquo;eau ne suffisent que partiellement pour nettoyer \u00e0 fond les sextoys. Tes sextoys ne doivent pas devenir un terrain propice \u00e0 des choses que tu ne veux pas. Apr\u00e8s avoir soumis tes sextoys \u00e0 un nettoyage en profondeur sous le robinet, vaporise soigneusement tes jouets pr\u00e9f\u00e9r\u00e9s avec le Swiss Navy Toy &amp; Body Cleaner. Essuie ensuite le sextoy avec un chiffon propre et rince-le soigneusement \u00e0 l&rsquo;eau. Important : laisse s\u00e9cher tes jouets \u00e0 l&rsquo;air libre avant de les ranger dans ton armoire. Si tu as utilis\u00e9 des lubrifiants \u00e0 base de silicone, tu dois nettoyer tes jouets particuli\u00e8rement soigneusement avec le Swiss Navy Toy &amp; Body Cleaner. Veille \u00e0 ce que tes sextoys restent propres afin de pouvoir les r\u00e9utiliser en toute s\u00e9curit\u00e9. Ce vaporisateur pratique de Swiss Navy Toy &amp; Body Cleaner 177ml t&rsquo;y aidera.<\/p>\n","protected":false},"featured_media":137250,"comment_status":"open","ping_status":"closed","template":"","meta":{"_acf_changed":false,"iawp_total_views":4,"_glsr_average":0,"_glsr_ranking":0,"_glsr_reviews":0},"product_brand":[],"product_cat":[2070,166],"product_tag":[304],"class_list":{"0":"post-38990","1":"product","2":"type-product","3":"status-publish","4":"has-post-thumbnail","6":"product_cat-helpers","7":"product_cat-droguerie","8":"product_tag-swiss-navy-toy-body-cleaner-177ml-fr","10":"first","11":"outofstock","12":"taxable","13":"shipping-taxable","14":"purchasable","15":"product-type-simple"},"acf":[],"_links":{"self":[{"href":"https:\/\/poppers-online.ch\/fr\/wp-json\/wp\/v2\/product\/38990","targetHints":{"allow":["GET"]}}],"collection":[{"href":"https:\/\/poppers-online.ch\/fr\/wp-json\/wp\/v2\/product"}],"about":[{"href":"https:\/\/poppers-online.ch\/fr\/wp-json\/wp\/v2\/types\/product"}],"replies":[{"embeddable":true,"href":"https:\/\/poppers-online.ch\/fr\/wp-json\/wp\/v2\/comments?post=38990"}],"wp:featuredmedia":[{"embeddable":true,"href":"https:\/\/poppers-online.ch\/fr\/wp-json\/wp\/v2\/media\/137250"}],"wp:attachment":[{"href":"https:\/\/poppers-online.ch\/fr\/wp-json\/wp\/v2\/media?parent=38990"}],"wp:term":[{"taxonomy":"product_brand","embeddable":true,"href":"https:\/\/poppers-online.ch\/fr\/wp-json\/wp\/v2\/product_brand?post=38990"},{"taxonomy":"product_cat","embeddable":true,"href":"https:\/\/poppers-online.ch\/fr\/wp-json\/wp\/v2\/product_cat?post=38990"},{"taxonomy":"product_tag","embeddable":true,"href":"https:\/\/poppers-online.ch\/fr\/wp-json\/wp\/v2\/product_tag?post=38990"}],"curies":[{"name":"wp","href":"https:\/\/api.w.org\/{rel}","templated":true}]}}