{"id":38966,"date":"2022-11-01T22:02:47","date_gmt":"2022-11-01T21:02:47","guid":{"rendered":"https:\/\/poppers-online.ch\/?post_type=product&#038;p=38966"},"modified":"2025-12-03T19:09:39","modified_gmt":"2025-12-03T18:09:39","slug":"swiss-navy-max-size-male-enhancement-cream-10ml","status":"publish","type":"product","link":"https:\/\/poppers-online.ch\/fr\/produit\/swiss-navy-max-size-male-enhancement-cream-10ml\/","title":{"rendered":"Cr\u00e8me d&rsquo;am\u00e9lioration pour hommes Swiss Navy Max Size 10ml"},"content":{"rendered":"<p><span style=\"font-weight: 400;\">La cr\u00e8me Swiss Navy Max Size Male Enhancement est un stimulant naturel de l&rsquo;impuissance masculine qui dilate consid\u00e9rablement les vaisseaux sanguins et les capillaires. Max Size s&rsquo;applique directement sur le p\u00e9nis. L&rsquo;effet est obtenu en quelques minutes et se traduit par une sensation de chaleur et de l\u00e9gers picotements. Max Size favorise une \u00e9rection ferme, forte et durable et contribue \u00e0 am\u00e9liorer les performances sexuelles et \u00e0 augmenter le plaisir des hommes. L&rsquo;herbe naturelle a \u00e9t\u00e9 \u00e9tudi\u00e9e pendant des ann\u00e9es en Tha\u00eflande et est trait\u00e9e par Swiss Navy aux \u00c9tats-Unis pour l&rsquo;administration transdermique. Swiss Navy Max Size Cream est le seul m\u00e9dicament topique contre l&rsquo;impuissance contenant du Butea Superba, un inhibiteur naturel de la PDE-5 bien document\u00e9 et brevet\u00e9. N&rsquo;h\u00e9sitez pas \u00e0 tester ce traitement topique pour l&rsquo;impuissance masculine, qui vous aidera \u00e0 obtenir un p\u00e9nis plus grand et une \u00e9rection plus ferme et plus longue. L&rsquo;exp\u00e9rience montre une augmentation de l&rsquo;endurance sexuelle et une am\u00e9lioration des performances masculines. C&rsquo;est ce que nous avons tous voulu exp\u00e9rimenter depuis toujours.<\/span><\/p>\n<p><span style=\"font-weight: 400;\">La taille de 10 ml est id\u00e9ale pour les d\u00e9placements, que ce soit en croisi\u00e8re, en club ou dans des situations quotidiennes p\u00e9tillantes. Il trouve facilement sa place dans une poche de pantalon, une sacoche d&rsquo;ordinateur portable, une trousse de toilette ou dans la bo\u00eete \u00e0 gants d&rsquo;une voiture.<\/span><\/p>\n","protected":false},"excerpt":{"rendered":"<p><span style=\"font-weight: 400;\">La Swiss Navy Max Size Male Enhancement Cream 10ml est un stimulant naturel de l&rsquo;\u00e9rection masculine qui dilate consid\u00e9rablement les vaisseaux sanguins et les capillaires. Max Size s&rsquo;applique directement sur le p\u00e9nis. L&rsquo;effet se fait sentir en quelques minutes, avec une sensation de chaleur et de l\u00e9gers picotements. Max Size favorise une \u00e9rection ferme, forte et durable et contribue \u00e0 am\u00e9liorer les performances sexuelles et \u00e0 augmenter le plaisir des hommes.<\/span><\/p>\n<p><span style=\"font-weight: 400;\">L&rsquo;herbe naturelle a \u00e9t\u00e9 \u00e9tudi\u00e9e pendant des ann\u00e9es en Tha\u00eflande et est trait\u00e9e par Swiss Navy aux \u00c9tats-Unis pour l&rsquo;administration transdermique. Swiss Navy Max Size Cream est le seul m\u00e9dicament topique contre l&rsquo;impuissance contenant du Butea Superba, un inhibiteur naturel de la PDE-5 bien document\u00e9 et brevet\u00e9. N&rsquo;h\u00e9site pas \u00e0 essayer ce traitement topique pour l&rsquo;impuissance masculine, qui t&rsquo;aidera \u00e0 avoir un plus gros p\u00e9nis et une \u00e9rection plus ferme et plus longue. Les exp\u00e9riences montrent une augmentation de l&rsquo;endurance sexuelle et une am\u00e9lioration des performances masculines. C&rsquo;est ce que nous avons toujours voulu vivre.<\/span><\/p>\n<p><span style=\"font-weight: 400;\">La cr\u00e8me d&rsquo;am\u00e9lioration pour hommes Swiss Navy Max Size en format 10ml est id\u00e9ale pour les d\u00e9placements, que ce soit en croisi\u00e8re, en club ou dans des situations quotidiennes p\u00e9tillantes. Il trouve facilement sa place dans une poche de pantalon, une sacoche d&rsquo;ordinateur portable, une trousse de toilette ou dans la bo\u00eete \u00e0 gants d&rsquo;une voiture.<\/span><\/p>\n","protected":false},"featured_media":39634,"comment_status":"open","ping_status":"closed","template":"","meta":{"_acf_changed":false,"iawp_total_views":10,"_glsr_average":0,"_glsr_ranking":0,"_glsr_reviews":0},"product_brand":[],"product_cat":[2067,166],"product_tag":[280],"class_list":{"0":"post-38966","1":"product","2":"type-product","3":"status-publish","4":"has-post-thumbnail","6":"product_cat-lubrifiant","7":"product_cat-droguerie","8":"product_tag-swiss-navy-max-size-male-enhancement-cream-10ml-fr","10":"first","11":"instock","12":"taxable","13":"shipping-taxable","14":"purchasable","15":"product-type-simple"},"acf":[],"_links":{"self":[{"href":"https:\/\/poppers-online.ch\/fr\/wp-json\/wp\/v2\/product\/38966","targetHints":{"allow":["GET"]}}],"collection":[{"href":"https:\/\/poppers-online.ch\/fr\/wp-json\/wp\/v2\/product"}],"about":[{"href":"https:\/\/poppers-online.ch\/fr\/wp-json\/wp\/v2\/types\/product"}],"replies":[{"embeddable":true,"href":"https:\/\/poppers-online.ch\/fr\/wp-json\/wp\/v2\/comments?post=38966"}],"wp:featuredmedia":[{"embeddable":true,"href":"https:\/\/poppers-online.ch\/fr\/wp-json\/wp\/v2\/media\/39634"}],"wp:attachment":[{"href":"https:\/\/poppers-online.ch\/fr\/wp-json\/wp\/v2\/media?parent=38966"}],"wp:term":[{"taxonomy":"product_brand","embeddable":true,"href":"https:\/\/poppers-online.ch\/fr\/wp-json\/wp\/v2\/product_brand?post=38966"},{"taxonomy":"product_cat","embeddable":true,"href":"https:\/\/poppers-online.ch\/fr\/wp-json\/wp\/v2\/product_cat?post=38966"},{"taxonomy":"product_tag","embeddable":true,"href":"https:\/\/poppers-online.ch\/fr\/wp-json\/wp\/v2\/product_tag?post=38966"}],"curies":[{"name":"wp","href":"https:\/\/api.w.org\/{rel}","templated":true}]}}