{"id":38958,"date":"2022-11-01T21:56:41","date_gmt":"2022-11-01T20:56:41","guid":{"rendered":"https:\/\/poppers-online.ch\/?post_type=product&#038;p=38958"},"modified":"2024-10-16T00:35:37","modified_gmt":"2024-10-15T22:35:37","slug":"swiss-navy-sensual-arousal-gel-10ml","status":"publish","type":"product","link":"https:\/\/poppers-online.ch\/fr\/produit\/swiss-navy-sensual-arousal-gel-10ml\/","title":{"rendered":"Gel aromatique sensuel Swiss Navy 10ml"},"content":{"rendered":"<p><span style=\"font-weight: 400;\">Le lubrifiant Swiss Navy Sensual Arousal est parfait pour les c\u00e9libataires et les couples. Cette formule unique \u00e0 base d&rsquo;eau am\u00e9liore et stimule l&rsquo;homme et la femme en intensifiant le flux sanguin vers la surface lors du contact. Cela cr\u00e9e une exp\u00e9rience formidable pour les deux partenaires.<\/span><\/p>\n<p><span style=\"font-weight: 400;\">La taille de 10 ml est id\u00e9ale pour les d\u00e9placements, que ce soit en croisi\u00e8re, en club ou dans des situations quotidiennes p\u00e9tillantes. Il trouve facilement sa place dans une poche de pantalon, une sacoche d&rsquo;ordinateur portable, une trousse de toilette ou dans la bo\u00eete \u00e0 gants d&rsquo;une voiture.<\/span><\/p>\n","protected":false},"excerpt":{"rendered":"<p><span style=\"font-weight: 400;\">Le gel Swiss Navy Sensual Arousal 10ml est parfait pour les c\u00e9libataires et les couples. Cette formule unique \u00e0 base d&rsquo;eau am\u00e9liore et stimule Elle et Lui en intensifiant le flux sanguin vers la surface au contact. Cela cr\u00e9e une exp\u00e9rience formidable pour les deux partenaires.<\/span><\/p>\n<p><span style=\"font-weight: 400;\">Le format de 10 ml est id\u00e9al pour les d\u00e9placements, que ce soit en croisi\u00e8re, en club ou dans des situations quotidiennes p\u00e9tillantes. Il trouve facilement sa place dans une poche de pantalon, une sacoche d&rsquo;ordinateur portable, une trousse de toilette ou dans la bo\u00eete \u00e0 gants d&rsquo;une voiture.<\/span><\/p>\n","protected":false},"featured_media":137244,"comment_status":"open","ping_status":"closed","template":"","meta":{"_acf_changed":false,"iawp_total_views":5,"_glsr_average":0,"_glsr_ranking":0,"_glsr_reviews":0},"product_brand":[],"product_cat":[2067,166],"product_tag":[825],"class_list":{"0":"post-38958","1":"product","2":"type-product","3":"status-publish","4":"has-post-thumbnail","6":"product_cat-lubrifiant","7":"product_cat-droguerie","8":"product_tag-gel-aromatique-sensuel-swiss-navy-10ml-fr","10":"first","11":"instock","12":"taxable","13":"shipping-taxable","14":"purchasable","15":"product-type-simple"},"acf":[],"_links":{"self":[{"href":"https:\/\/poppers-online.ch\/fr\/wp-json\/wp\/v2\/product\/38958","targetHints":{"allow":["GET"]}}],"collection":[{"href":"https:\/\/poppers-online.ch\/fr\/wp-json\/wp\/v2\/product"}],"about":[{"href":"https:\/\/poppers-online.ch\/fr\/wp-json\/wp\/v2\/types\/product"}],"replies":[{"embeddable":true,"href":"https:\/\/poppers-online.ch\/fr\/wp-json\/wp\/v2\/comments?post=38958"}],"wp:featuredmedia":[{"embeddable":true,"href":"https:\/\/poppers-online.ch\/fr\/wp-json\/wp\/v2\/media\/137244"}],"wp:attachment":[{"href":"https:\/\/poppers-online.ch\/fr\/wp-json\/wp\/v2\/media?parent=38958"}],"wp:term":[{"taxonomy":"product_brand","embeddable":true,"href":"https:\/\/poppers-online.ch\/fr\/wp-json\/wp\/v2\/product_brand?post=38958"},{"taxonomy":"product_cat","embeddable":true,"href":"https:\/\/poppers-online.ch\/fr\/wp-json\/wp\/v2\/product_cat?post=38958"},{"taxonomy":"product_tag","embeddable":true,"href":"https:\/\/poppers-online.ch\/fr\/wp-json\/wp\/v2\/product_tag?post=38958"}],"curies":[{"name":"wp","href":"https:\/\/api.w.org\/{rel}","templated":true}]}}