{"id":38954,"date":"2022-11-01T21:49:42","date_gmt":"2022-11-01T20:49:42","guid":{"rendered":"https:\/\/poppers-online.ch\/?post_type=product&#038;p=38954"},"modified":"2024-10-16T00:35:37","modified_gmt":"2024-10-15T22:35:37","slug":"lingettes-a-lecher-inodores-beffy-paquet-de-4","status":"publish","type":"product","link":"https:\/\/poppers-online.ch\/fr\/produit\/lingettes-a-lecher-inodores-beffy-paquet-de-4\/","title":{"rendered":"Lingettes \u00e0 l\u00e9cher inodores Beffy &#8211; paquet de 4"},"content":{"rendered":"<p><span style=\"font-weight: 400;\">Au fait, qu&rsquo;est-ce qu&rsquo;un drap \u00e0 l\u00e9cher ? La plupart des gens ne le connaissent pas encore. Une digue en caoutchouc ou un tissu \u00e0 l\u00e9cher est un petit tissu en latex tr\u00e8s fin, au go\u00fbt neutre, que l&rsquo;on peut placer sur l&rsquo;anus pendant que l&rsquo;on l\u00e8che l&rsquo;autre. Les IST comme le virus HP, la gonorrh\u00e9e, l&rsquo;herp\u00e8s, etc. et les bact\u00e9ries intestinales peuvent \u00eatre transmises lors du rimjob. Si l&rsquo;on veut se prot\u00e9ger et ne pas renoncer au rimjob, il suffit de placer un tissu \u00e0 l\u00e9cher Beffy sur l&rsquo;anus. Les tissus de l\u00e9chage sont \u00e9galement utilis\u00e9s par les femmes qui ont des rapports sexuels avec des femmes. Le drap de latex Beffy est rectangulaire, de la taille d&rsquo;un papier A5 et il est particuli\u00e8rement fin. Le mieux est d&rsquo;utiliser un gel lubrifiant \u00e0 base d&rsquo;eau avec le tissu \u00e0 l\u00e9cher Beffy. Un paquet de Beffy contient 2&#215;2 lingettes. Beffy n&rsquo;est pas un moyen de contraception. Conserver au frais et au sec. Amuse-toi bien lors de ton rimjob.<\/span><\/p>\n","protected":false},"excerpt":{"rendered":"<p><span style=\"font-weight: 400;\">Au fait, qu&rsquo;est-ce qu&rsquo;un drap \u00e0 l\u00e9cher ? La plupart des gens ne le connaissent pas encore. Une digue en caoutchouc ou un tissu \u00e0 l\u00e9cher est un petit tissu en latex tr\u00e8s fin, au go\u00fbt neutre, que l&rsquo;on peut placer sur l&rsquo;anus pendant que l&rsquo;on l\u00e8che l&rsquo;autre. Les IST comme le virus HP, la gonorrh\u00e9e, l&rsquo;herp\u00e8s, etc. et les bact\u00e9ries intestinales peuvent \u00eatre transmises lors du rimjob. Si l&rsquo;on veut se prot\u00e9ger et ne pas renoncer au rimjob, il suffit de placer un tissu \u00e0 l\u00e9cher Beffy sur l&rsquo;anus. Les tissus de l\u00e9chage sont \u00e9galement utilis\u00e9s par les femmes qui ont des rapports sexuels avec des femmes. Le drap de latex Beffy est rectangulaire, de la taille d&rsquo;un papier A5 et il est particuli\u00e8rement fin. Le mieux est d&rsquo;utiliser un gel lubrifiant \u00e0 base d&rsquo;eau avec le tissu \u00e0 l\u00e9cher Beffy. Un paquet de Beffy contient 2&#215;2 lingettes. Beffy n&rsquo;est pas un moyen de contraception. Conserver au frais et au sec. Amuse-toi bien lors de ton rimjob.<\/span><\/p>\n","protected":false},"featured_media":45885,"comment_status":"open","ping_status":"closed","template":"","meta":{"_acf_changed":false,"iawp_total_views":15,"_glsr_average":0,"_glsr_ranking":0,"_glsr_reviews":0},"product_brand":[],"product_cat":[2070,166],"product_tag":[],"class_list":{"0":"post-38954","1":"product","2":"type-product","3":"status-publish","4":"has-post-thumbnail","6":"product_cat-helpers","7":"product_cat-droguerie","9":"first","10":"instock","11":"taxable","12":"shipping-taxable","13":"purchasable","14":"product-type-simple"},"acf":[],"_links":{"self":[{"href":"https:\/\/poppers-online.ch\/fr\/wp-json\/wp\/v2\/product\/38954","targetHints":{"allow":["GET"]}}],"collection":[{"href":"https:\/\/poppers-online.ch\/fr\/wp-json\/wp\/v2\/product"}],"about":[{"href":"https:\/\/poppers-online.ch\/fr\/wp-json\/wp\/v2\/types\/product"}],"replies":[{"embeddable":true,"href":"https:\/\/poppers-online.ch\/fr\/wp-json\/wp\/v2\/comments?post=38954"}],"wp:featuredmedia":[{"embeddable":true,"href":"https:\/\/poppers-online.ch\/fr\/wp-json\/wp\/v2\/media\/45885"}],"wp:attachment":[{"href":"https:\/\/poppers-online.ch\/fr\/wp-json\/wp\/v2\/media?parent=38954"}],"wp:term":[{"taxonomy":"product_brand","embeddable":true,"href":"https:\/\/poppers-online.ch\/fr\/wp-json\/wp\/v2\/product_brand?post=38954"},{"taxonomy":"product_cat","embeddable":true,"href":"https:\/\/poppers-online.ch\/fr\/wp-json\/wp\/v2\/product_cat?post=38954"},{"taxonomy":"product_tag","embeddable":true,"href":"https:\/\/poppers-online.ch\/fr\/wp-json\/wp\/v2\/product_tag?post=38954"}],"curies":[{"name":"wp","href":"https:\/\/api.w.org\/{rel}","templated":true}]}}